{"id":2311,"date":"2024-12-12T13:37:00","date_gmt":"2024-12-12T11:37:00","guid":{"rendered":"https:\/\/cosmoflag.com\/?post_type=product&#038;p=2311"},"modified":"2025-08-12T21:23:47","modified_gmt":"2025-08-12T19:23:47","slug":"bandiera-pansessuale","status":"publish","type":"product","link":"https:\/\/cosmoflag.com\/it\/prodotto\/bandiera-pansessuale\/","title":{"rendered":"Bandiera pansessuale"},"content":{"rendered":"<h3>Caratteristiche della bandiera pansessuale<\/h3>\n<p>La nostra bandiera pansessuale \u00e8 realizzata in poliestere di alta qualit\u00e0, che la rende ideale per un uso duraturo, sia all'interno che all'esterno. \u00c8 dotata di occhielli in metallo per una facile installazione e una tenuta garantita, anche in condizioni atmosferiche avverse. Disponibile nel formato 90 x 150 cm per la massima visibilit\u00e0, la nostra bandiera soddisfa diverse esigenze, sia che vogliate esporla su un'asta o su una parete.<\/p>\n<h3>Un simbolo nazionale ricco di storia<\/h3>\n<p>La bandiera pansessuale presenta tre strisce orizzontali: rosa, gialla e blu. Il rosa rappresenta l'attrazione per le persone di sesso femminile, il blu l'attrazione per le persone di sesso maschile e il giallo l'attrazione per le persone di tutti i generi, sottolineando la pansessualit\u00e0, ovvero l'attrazione per le persone indipendentemente dal genere.<\/p>\n<h3>Uso versatile<\/h3>\n<p>Ideale per eventi pride, incontri comunitari, eventi culturali o come strumento educativo sulla pansessualit\u00e0, la bandiera pansessuale si adatta perfettamente a tutte queste occasioni. La sua struttura resistente e i suoi colori vivaci la rendono un simbolo di orgoglio e inclusione per la comunit\u00e0 pansessuale.<\/p>","protected":false},"excerpt":{"rendered":"<p>Bandiera di 150 x 90 cm con 2 robusti occhielli in metallo per un'appensione sicura.<\/p>","protected":false},"featured_media":1314,"comment_status":"open","ping_status":"closed","template":"","meta":{"_gspb_post_css":"","iawp_total_views":12},"product_brand":[],"product_cat":[57],"product_tag":[],"class_list":{"0":"post-2311","1":"product","2":"type-product","3":"status-publish","4":"has-post-thumbnail","6":"product_cat-lgbt-flags","8":"first","9":"instock","10":"sale","11":"shipping-taxable","12":"purchasable","13":"product-type-simple"},"_links":{"self":[{"href":"https:\/\/cosmoflag.com\/it\/wp-json\/wp\/v2\/product\/2311","targetHints":{"allow":["GET"]}}],"collection":[{"href":"https:\/\/cosmoflag.com\/it\/wp-json\/wp\/v2\/product"}],"about":[{"href":"https:\/\/cosmoflag.com\/it\/wp-json\/wp\/v2\/types\/product"}],"replies":[{"embeddable":true,"href":"https:\/\/cosmoflag.com\/it\/wp-json\/wp\/v2\/comments?post=2311"}],"wp:featuredmedia":[{"embeddable":true,"href":"https:\/\/cosmoflag.com\/it\/wp-json\/wp\/v2\/media\/1314"}],"wp:attachment":[{"href":"https:\/\/cosmoflag.com\/it\/wp-json\/wp\/v2\/media?parent=2311"}],"wp:term":[{"taxonomy":"product_brand","embeddable":true,"href":"https:\/\/cosmoflag.com\/it\/wp-json\/wp\/v2\/product_brand?post=2311"},{"taxonomy":"product_cat","embeddable":true,"href":"https:\/\/cosmoflag.com\/it\/wp-json\/wp\/v2\/product_cat?post=2311"},{"taxonomy":"product_tag","embeddable":true,"href":"https:\/\/cosmoflag.com\/it\/wp-json\/wp\/v2\/product_tag?post=2311"}],"curies":[{"name":"wp","href":"https:\/\/api.w.org\/{rel}","templated":true}]}}