{"id":2559,"date":"2025-01-01T18:44:57","date_gmt":"2025-01-01T18:44:57","guid":{"rendered":"https:\/\/cosmoflag.com\/?page_id=2559"},"modified":"2025-01-05T14:19:20","modified_gmt":"2025-01-05T14:19:20","slug":"informativa-sulla-privacy","status":"publish","type":"page","link":"https:\/\/cosmoflag.com\/it\/informativa-sulla-privacy\/","title":{"rendered":"Informativa sulla privacy"},"content":{"rendered":"<h3 class=\"wp-block-heading\" id=\"introduction-to-cosmoflag-s-privacy-statement\">Introduzione all'Informativa sulla privacy di Cosmoflag<\/h3>\n\n\n\n<p>A <strong>Cosmoflagello<\/strong>Siamo consapevoli che la protezione della vostra privacy \u00e8 essenziale e ci impegniamo a rispettarla. In qualit\u00e0 di negozio online dedicato alla vendita di bandiere di alta qualit\u00e0, raccogliamo alcune informazioni per migliorare la vostra esperienza di acquisto, garantendo al contempo la sicurezza e la riservatezza dei vostri dati personali.<\/p>\n\n\n\n<p>La nostra Informativa sulla privacy spiega come e perch\u00e9 raccogliamo i vostri dati personali, come vengono utilizzati e come li proteggiamo. La vostra fiducia \u00e8 importante per noi, ed \u00e8 per questo che adottiamo tutte le misure necessarie per proteggere le vostre informazioni e permettervi di controllarne l'uso.<\/p>\n\n\n\n<p>Vi invitiamo a leggere attentamente questa dichiarazione per comprendere le nostre pratiche relative ai vostri dati personali e il modo in cui li gestiamo. Se avete domande o dubbi, non esitate a contattarci. La protezione della vostra privacy \u00e8 fondamentale per la nostra missione e ci impegniamo a salvaguardarla rigorosamente.<\/p>\n\n\n\n<hr class=\"wp-block-separator has-alpha-channel-opacity\"\/>\n\n\n\n<h3 class=\"wp-block-heading\" id=\"article-1-personal-information-collected\">Articolo 1 - Informazioni personali raccolte<\/h3>\n\n\n\n<p><strong>Informazioni raccolte durante gli acquisti<\/strong><br>Quando si effettua un acquisto sul nostro negozio Cosmoflag, raccogliamo le informazioni personali fornite dall'utente. Queste includono il nome, l'indirizzo postale e l'indirizzo e-mail, informazioni necessarie per completare la transazione. Questi dati ci consentono di elaborare gli ordini, di gestire la consegna dei prodotti e di contattare l'utente in caso di necessit\u00e0 per quanto riguarda l'acquisto.<\/p>\n\n\n\n<p><strong>Informazioni raccolte durante la navigazione<\/strong><br>Oltre alle informazioni fornite esplicitamente, raccogliamo automaticamente alcuni dettagli quando si naviga sul nostro sito. Tra questi, l'indirizzo IP (Internet Protocol) del vostro computer, che ci aiuta a diagnosticare i problemi del server, a gestire il nostro sito web e a individuare i miglioramenti in base alle modalit\u00e0 di navigazione dei visitatori. Raccogliamo anche informazioni sul tipo di browser e sul sistema operativo, che ci aiutano a ottimizzare il sito per tutti gli utenti.<\/p>\n\n\n\n<p><strong>Marketing via e-mail<\/strong><br>Con l'autorizzazione dell'utente, Cosmoflag pu\u00f2 inviare messaggi di posta elettronica relativi al negozio, ai nuovi prodotti e agli aggiornamenti che ritiene interessanti. Queste comunicazioni sono pensate per migliorare la vostra esperienza e tenervi informati sulle ultime novit\u00e0 e offerte di Cosmoflag. \u00c8 possibile annullare l'iscrizione in qualsiasi momento se non si desidera pi\u00f9 ricevere questi aggiornamenti.<\/p>\n\n\n\n<p>La protezione dei vostri dati personali \u00e8 fondamentale per noi e ci impegniamo a gestirli con cura e responsabilit\u00e0. Tutte le informazioni vengono trattate in conformit\u00e0 alle leggi vigenti sulla protezione dei dati e alla nostra politica interna sulla privacy.<\/p>\n\n\n\n<hr class=\"wp-block-separator has-alpha-channel-opacity\"\/>\n\n\n\n<h3 class=\"wp-block-heading\" id=\"article-2-consent\">Articolo 2 - Consenso<\/h3>\n\n\n\n<p><strong>Ottenere il consenso<\/strong><br>Quando ci fornite i vostri dati personali per completare una transazione, verificare la vostra carta di credito, effettuare un ordine, organizzare la consegna o restituire un acquisto, deduciamo che acconsentite alla raccolta e all'utilizzo dei vostri dati solo per questi scopi specifici.<\/p>\n\n\n\n<p>Per qualsiasi altro utilizzo dei vostri dati personali, ad esempio per campagne di marketing diretto, vi chiederemo esplicitamente il consenso o vi forniremo l'opportunit\u00e0 di rinunciare.<\/p>\n\n\n\n<p><strong>Come revocare il consenso<\/strong><br>Se, dopo aver fornito il vostro consenso, cambiate idea, avete il diritto di ritirare in qualsiasi momento il vostro consenso a contattarvi, raccogliere, utilizzare o divulgare le vostre informazioni. Per ritirare il vostro consenso, potete contattarci all'indirizzo <strong><a>info@cosmoflag.com<\/a><\/strong> o inviare una lettera al nostro indirizzo postale, fornendo o confermando i dati necessari per identificare e rispondere alla vostra richiesta.<\/p>\n\n\n\n<p><strong>Gestione del consenso<\/strong><br>Ci impegniamo a rispettare le scelte dell'utente in merito ai suoi dati personali. Ci\u00f2 include non solo il diritto di ritirare il vostro consenso in qualsiasi momento, ma anche la possibilit\u00e0 di richiedere l'accesso ai dati personali in nostro possesso e di richiedere correzioni se i dati sono inesatti o incompleti.<\/p>\n\n\n\n<p>La vostra fiducia \u00e8 al centro del nostro impegno per la privacy. Fornendo chiaramente le opzioni di consenso e rispettando le vostre scelte, garantiamo che i vostri dati siano trattati in modo trasparente e rispettoso.<\/p>\n\n\n\n<hr class=\"wp-block-separator has-alpha-channel-opacity\"\/>\n\n\n\n<h3 class=\"wp-block-heading\" id=\"article-3-disclosure\">Articolo 3 - Divulgazione<\/h3>\n\n\n\n<p><strong>Condizioni per la divulgazione delle informazioni personali<\/strong><br>Ci impegniamo a non vendere, commerciare o trasferire impropriamente i vostri dati personali a terzi senza il vostro consenso, ad eccezione delle seguenti circostanze:<\/p>\n\n\n\n<ul class=\"wp-block-list\">\n<li><strong>Requisiti legali<\/strong>: Possiamo divulgare le informazioni personali dell'utente se richiesto dalla legge o in caso di violazione dei nostri Termini e condizioni. Ci\u00f2 include la collaborazione con le autorit\u00e0 legali e regolamentari per affrontare le indagini o rispettare gli obblighi di legge.<\/li>\n\n\n\n<li><strong>Fornitori di servizi<\/strong>: I vostri dati personali possono essere condivisi con terze parti che forniscono servizi per nostro conto, come l'elaborazione dei pagamenti, la gestione delle spedizioni o l'analisi dei dati. Questi fornitori di servizi sono selezionati con cura e sono autorizzati a utilizzare i vostri dati solo per svolgere i servizi da noi richiesti, nel rispetto della nostra politica sulla privacy.<\/li>\n\n\n\n<li><strong>Transazioni commerciali<\/strong>: In caso di fusione, acquisizione o vendita di tutti o parte dei nostri beni, i vostri dati personali potrebbero essere trasferiti. Vi informeremo via e-mail e\/o con un avviso ben visibile sul nostro sito web di qualsiasi cambiamento di propriet\u00e0 o di utilizzo dei vostri dati personali, nonch\u00e9 delle vostre opzioni in merito a tali dati.<\/li>\n\n\n\n<li><strong>Protezione di Cosmoflag e altri<\/strong>: Ci riserviamo il diritto di divulgare i vostri dati personali per proteggere i nostri diritti, la nostra sicurezza, quella dei nostri clienti o di terzi, ad esempio in caso di prevenzione di frodi e riduzione del rischio di credito.<\/li>\n<\/ul>\n\n\n\n<p><strong>Sicurezza e riservatezza<\/strong><br>In ogni caso di divulgazione, adottiamo misure per garantire che le informazioni personali dell'utente rimangano protette in conformit\u00e0 con la presente informativa sulla privacy e la legislazione applicabile. Gli accordi con terze parti includono clausole che richiedono la protezione delle informazioni personali dell'utente e garantiscono che tali parti mantengano la riservatezza e la sicurezza dei dati.<\/p>\n\n\n\n<p>Ci impegniamo a utilizzare le vostre informazioni personali in modo responsabile e sicuro e a essere trasparenti sui casi in cui tali informazioni possono essere condivise. Se avete domande o dubbi su come vengono gestite le vostre informazioni personali, contattateci.<\/p>\n\n\n\n<hr class=\"wp-block-separator has-alpha-channel-opacity\"\/>\n\n\n\n<h3 class=\"wp-block-heading\" id=\"article-4-wordpress-and-data-security\">Articolo 4 - WordPress e sicurezza dei dati<\/h3>\n\n\n\n<p><strong>Hosting e gestione dei dati<\/strong><br>Il nostro negozio \u00e8 ospitato su WordPress e utilizza la piattaforma di e-commerce WooCommerce. WooCommerce fornisce la piattaforma online che ci permette di vendere i nostri prodotti e servizi. I vostri dati sono conservati nei sistemi di archiviazione dati, nei database e nell'applicazione generale di WordPress di WooCommerce. I vostri dati sono conservati su server sicuri dietro un firewall.<\/p>\n\n\n\n<p><strong>Pagamento<\/strong><br>Le transazioni sul nostro sito sono elaborate attraverso gateway di pagamento esterni, che utilizzano protocolli di sicurezza per criptare i dati sensibili, come quelli della carta di credito. WooCommerce facilita queste transazioni, ma non memorizza i dati della carta di credito una volta completata la transazione.<\/p>\n\n\n\n<p>Tutti i gateway di pagamento utilizzati sul nostro sito aderiscono a <strong>Standard PCI-DSS<\/strong> come gestito dal <strong>Consiglio per gli standard di sicurezza PCI<\/strong>che \u00e8 uno sforzo congiunto di marchi come Visa, MasterCard, American Express e Discover. Questi standard garantiscono l'elaborazione sicura delle informazioni relative alle carte di credito da parte del nostro negozio e dei fornitori di servizi.<\/p>\n\n\n\n<p><strong>Accesso e gestione dei dati personali<\/strong><br>Tramite WordPress e WooCommerce, \u00e8 possibile creare un account utente per gestire le informazioni personali, monitorare gli ordini e visualizzare lo storico dei pagamenti. \u00c8 possibile accedere a queste informazioni in qualsiasi momento accedendo al proprio account sul nostro sito.<\/p>\n\n\n\n<p><strong>Sicurezza dei dati<\/strong><br>Prendiamo molto sul serio la sicurezza dei dati e ci impegniamo a proteggere le vostre informazioni personali. Per salvaguardare i dati personali trasmessi attraverso il nostro sito vengono utilizzate misure di sicurezza tecniche, come la crittografia SSL\/TLS. Inoltre, le pratiche di sicurezza interne limitano l'accesso ai vostri dati al personale autorizzato che ne ha bisogno per svolgere le proprie mansioni.<\/p>\n\n\n\n<p>Se WooCommerce o WordPress non soddisfano pi\u00f9 i nostri requisiti di sicurezza o operativi, ci riserviamo il diritto di cambiare piattaforma. La continuit\u00e0 e la sicurezza dei vostri dati rimarranno la nostra priorit\u00e0 e sarete informati di qualsiasi cambiamento significativo che riguardi la gestione dei vostri dati personali.<\/p>\n\n\n\n<p>Per domande sulla sicurezza dei vostri dati personali, contattateci.<\/p>\n\n\n\n<h3 class=\"wp-block-heading\" id=\"article-6-security\">Articolo 6 - Sicurezza<\/h3>\n\n\n\n<p><strong>Misure di sicurezza<\/strong><br>A <strong>Cosmoflagello<\/strong>La sicurezza dei vostri dati personali \u00e8 una priorit\u00e0 assoluta. Implementiamo misure di sicurezza rigorose per proteggere le vostre informazioni da accessi non autorizzati, alterazioni, divulgazioni o distruzioni. Tali misure includono protocolli tecnologici avanzati come la crittografia SSL (Secure Socket Layer) per la trasmissione sicura dei dati sul nostro sito e l'archiviazione sicura delle informazioni sensibili.<\/p>\n\n\n\n<p><strong>Crittografia dei dati<\/strong><br>Quando si forniscono i dati della carta di credito, questi vengono trasmessi in modo sicuro ai nostri server utilizzando una tecnologia di crittografia. I dati vengono poi criptati all'interno del nostro database e sono accessibili solo da persone autorizzate con diritti di accesso speciali, che sono tenute a mantenere riservate queste informazioni. Oltre alla tecnologia SSL, utilizziamo la crittografia AES-256 per proteggere i dati memorizzati.<\/p>\n\n\n\n<p><strong>Standard di settore<\/strong><br>Aderiamo agli standard del settore per la protezione dei dati personali, compresi quelli stabiliti dal Payment Card Industry Data Security Standard (PCI-DSS). Le nostre pratiche di sicurezza vengono regolarmente riviste e aggiornate per riflettere i progressi tecnologici e le migliori pratiche operative.<\/p>\n\n\n\n<p><strong>Monitoraggio e valutazione<\/strong><br>Monitoriamo continuamente i nostri sistemi per individuare le vulnerabilit\u00e0 di sicurezza e i potenziali attacchi. Tuttavia, nessun sistema di trasmissione o archiviazione elettronica \u00e8 100% sicuro. Pur impegnandoci a proteggere i vostri dati personali, non possiamo garantirne l'assoluta sicurezza.<\/p>\n\n\n\n<p><strong>Gestire le violazioni della sicurezza<\/strong><br>Nel caso di una violazione della sicurezza che riguardi i vostri dati personali, agiremo tempestivamente per identificare la causa, intraprendere azioni correttive e informarvi in conformit\u00e0 alle leggi vigenti. Ci impegniamo a collaborare con le autorit\u00e0 competenti e a informarvi di tutte le misure che potete adottare per ridurre al minimo l'impatto.<\/p>\n\n\n\n<p><strong>Responsabilit\u00e0 dell'utente<\/strong><br>Vi consigliamo di adottare misure per proteggere i vostri dati personali online. Tra queste, l'utilizzo di password forti, l'aggiornamento regolare del software e l'evitamento di reti Wi-Fi non sicure per le transazioni. La sicurezza delle vostre informazioni dipende anche dalle vostre misure proattive.<\/p>\n\n\n\n<p>Per domande sulla sicurezza dei vostri dati personali o per dubbi specifici, non esitate a contattare il nostro team di assistenza clienti. Siamo qui per aiutarvi a orientarvi e a comprendere la sicurezza dei dati in Cosmoflag.<\/p>\n\n\n\n<hr class=\"wp-block-separator has-alpha-channel-opacity\"\/>\n\n\n\n<h3 class=\"wp-block-heading\" id=\"article-7-cookies\">Articolo 7 - Cookie<\/h3>\n\n\n\n<p><strong>Utilizzo dei cookie<\/strong><br>A <strong>Cosmoflagello<\/strong>utilizziamo i cookie per migliorare l'esperienza dell'utente sul nostro sito. I cookie sono piccoli file di dati memorizzati sul vostro computer o dispositivo mobile quando visitate il nostro sito web. Ci permettono di riconoscere il vostro dispositivo e di ricordare alcune preferenze o azioni di visite precedenti.<\/p>\n\n\n\n<p><strong>Tipi di cookie utilizzati<\/strong><\/p>\n\n\n\n<ul class=\"wp-block-list\">\n<li><strong>Cookie di sessione<\/strong>: Questi cookie memorizzano informazioni sulla sessione (referrer, pagina di destinazione, ecc.) e scadono quando si chiude il browser.<\/li>\n\n\n\n<li><strong>Cookie persistenti<\/strong>: Questi cookie rimangono sul dispositivo dell'utente per un determinato periodo di tempo o finch\u00e9 non vengono eliminati. Vengono utilizzati per ricordare le vostre preferenze (ad esempio, i dati di accesso) e riconoscere il vostro dispositivo al vostro ritorno.<\/li>\n\n\n\n<li><strong>Cookie di prestazione e di analisi<\/strong>: Questi cookie ci aiutano a capire come i visitatori interagiscono con il nostro sito, fornendo informazioni sulle aree visitate, sul tempo trascorso sul sito e su eventuali problemi riscontrati, come i messaggi di errore.<\/li>\n<\/ul>\n\n\n\n<p><strong>Gestione dei cookie<\/strong><br>\u00c8 possibile controllare e gestire i cookie in vari modi. L'eliminazione o il blocco dei cookie pu\u00f2 influire sull'esperienza dell'utente e alcune funzioni potrebbero non essere pi\u00f9 disponibili. La maggior parte dei browser accetta i cookie per impostazione predefinita, ma \u00e8 possibile modificare le impostazioni del browser per rifiutarli. Per ulteriori informazioni sulla gestione e l'eliminazione dei cookie, visitare il sito <a href=\"https:\/\/aboutcookies.org\" target=\"_blank\" rel=\"noopener\">aboutcookies.org<\/a>.<\/p>\n\n\n\n<p><strong>Consenso ai cookie<\/strong><br>L'utilizzo del nostro sito implica il consenso all'uso dei cookie. Alla prima visita, un banner informa l'utente sull'utilizzo dei cookie e l'utente ha la possibilit\u00e0 di accettarli o rifiutarli. La prosecuzione dell'utilizzo del sito dopo questa notifica indica l'accettazione.<\/p>\n\n\n\n<p><strong>Sicurezza e privacy<\/strong><br>I cookie in genere non contengono informazioni di identificazione personale. Tuttavia, le informazioni che memorizziamo sull'utente possono essere collegate ai dati ottenuti dai cookie. Implementiamo misure di sicurezza per prevenire l'accesso non autorizzato o l'uso improprio dei vostri dati memorizzati.<\/p>\n\n\n\n<p>Per domande sul nostro utilizzo dei cookie o per ulteriori dettagli sulla nostra politica sui cookie, contattateci. Ci impegniamo a gestire con trasparenza i vostri dati e a rispettare la vostra privacy.<\/p>\n\n\n\n<hr class=\"wp-block-separator has-alpha-channel-opacity\"\/>\n\n\n\n<h3 class=\"wp-block-heading\" id=\"article-8-age-of-consent\">Articolo 8 - Et\u00e0 del consenso<\/h3>\n\n\n\n<p><strong>Requisiti di et\u00e0 per il consenso<\/strong><br>Utilizzando questo sito, l'utente conferma di essere maggiorenne nel proprio stato o provincia di residenza e di aver dato il consenso a consentire l'utilizzo del sito a eventuali minori a carico. L'et\u00e0 legale \u00e8 definita dalla legislazione locale ed \u00e8 generalmente di 18 o 21 anni, a seconda della giurisdizione.<\/p>\n\n\n\n<p><strong>Utilizzo del Sito da parte di minori<\/strong><br>Se siete genitori o tutori e venite a conoscenza del fatto che vostro figlio ha fornito informazioni personali senza il vostro consenso, vi preghiamo di contattarci. Se scopriamo che un minore ha fornito dati personali senza il consenso dei genitori, provvederemo a cancellare i dati dai nostri server.<\/p>\n\n\n\n<p><strong>Responsabilit\u00e0 dei genitori<\/strong><br>Incoraggiamo i genitori e i tutori a monitorare l'attivit\u00e0 online dei propri figli e a guidarli in una navigazione sicura su Internet. Cosmoflag non raccoglie consapevolmente dati personali di minori senza il consenso dei genitori o dei tutori. Se si sospetta che il proprio figlio abbia condiviso dati personali con noi, si prega di contattarci immediatamente.<\/p>\n\n\n\n<p><strong>Consenso dei genitori per i servizi online<\/strong><br>In conformit\u00e0 alle leggi vigenti, i genitori o i tutori possono essere tenuti a fornire il consenso per l'accesso dei minori a determinati servizi online. Cosmoflag implementer\u00e0 procedure per convalidare l'et\u00e0 degli utenti e ottenere il consenso dei genitori prima di raccogliere dati personali, in conformit\u00e0 con le leggi locali e internazionali sulla privacy dei minori.<\/p>\n\n\n\n<p><strong>L'impegno di Cosmoflag<\/strong><br>Cosmoflag si impegna a proteggere la privacy e la sicurezza di tutti gli utenti, in particolare dei bambini. Adottiamo misure rigorose per garantire che l'accesso al nostro sito e le informazioni raccolte siano adeguate all'et\u00e0 dell'utente, nel rispetto delle leggi vigenti.<\/p>\n\n\n\n<p>Per ulteriori informazioni o domande su come gestiamo i dati dei minori e il consenso, contattateci. Ci impegniamo a collaborare con i genitori per creare un ambiente sicuro per i giovani utenti del nostro sito.<\/p>\n\n\n\n<hr class=\"wp-block-separator has-alpha-channel-opacity\"\/>\n\n\n\n<h3 class=\"wp-block-heading\" id=\"article-9-changes-to-this-privacy-policy\">Articolo 9 - Modifiche alla presente Informativa sulla privacy<\/h3>\n\n\n\n<p><strong>Modifiche e aggiornamenti<\/strong><br>Cosmoflag si riserva il diritto di aggiornare o modificare la presente informativa sulla privacy in qualsiasi momento e senza preavviso. Le modifiche entreranno in vigore immediatamente dopo la pubblicazione sul nostro sito web. Vi invitiamo a consultare regolarmente questa pagina per rimanere informati sugli aggiornamenti.<\/p>\n\n\n\n<p><strong>Notifica delle modifiche<\/strong><br>In caso di modifiche significative alla presente informativa sulla privacy, cercheremo di informare l'utente tramite un avviso ben visibile sul nostro sito web o via e-mail se \u00e8 iscritto alla nostra newsletter. In questo modo si garantisce che l'utente sia sempre al corrente dei dati che raccogliamo, di come vengono utilizzati e in quali circostanze (se del caso) li condividiamo.<\/p>\n\n\n\n<p><strong>Impatto delle modifiche<\/strong><br>Le modifiche alla nostra politica sulla privacy possono influire sul modo in cui trattiamo i dati personali forniti prima della data di modifica. In caso di modifiche sostanziali, potremmo richiedere un nuovo consenso ai termini aggiornati, a seconda della natura delle modifiche.<\/p>\n\n\n\n<p><strong>Diritti e obblighi<\/strong><br>Il nostro diritto di modificare l'informativa sulla privacy \u00e8 legato al nostro impegno a rispettare le leggi e gli standard etici in materia di privacy e protezione dei dati. Le modifiche saranno sempre in linea con le leggi vigenti e non ridurranno i diritti dell'utente senza un esplicito consenso.<\/p>\n\n\n\n<p><strong>Cambiamento della storia<\/strong><br>Per una maggiore trasparenza, possiamo fornire una cronologia delle modifiche a questa informativa sulla privacy per aiutarvi a tenere traccia degli aggiornamenti nel tempo. Ci\u00f2 consente di comprendere meglio il modo in cui trattiamo i dati personali e i nostri continui miglioramenti in materia di privacy.<\/p>\n\n\n\n<p><strong>Contatto<\/strong><br>Per domande o dubbi relativi alla presente informativa sulla privacy o alle sue modifiche, contattateci all'indirizzo <strong><a>info@cosmoflag.com<\/a><\/strong>. Ci impegniamo a rispondere alle vostre richieste e a fornire i chiarimenti necessari sui vostri diritti e sui dati personali che gestiamo.<\/p>\n\n\n\n<hr class=\"wp-block-separator has-alpha-channel-opacity\"\/>\n\n\n\n<h3 class=\"wp-block-heading\" id=\"contact-information\">Informazioni di contatto<\/h3>\n\n\n\n<p>In caso di domande, di necessit\u00e0 di ulteriori informazioni sulle nostre pratiche in materia di privacy o di assistenza in merito ai vostri dati personali, vi invitiamo a rivolgervi al nostro servizio clienti:<\/p>\n\n\n\n<ul class=\"wp-block-list\">\n<li><strong>Email<\/strong>: Contattateci in qualsiasi momento a <strong><a>info@cosmoflag.com<\/a><\/strong> per qualsiasi domanda o dubbio.<\/li>\n\n\n\n<li><strong>Indirizzo postale<\/strong>: Potete anche scriverci all'indirizzo indicato nella sezione \"Contatti\" del nostro sito web.<\/li>\n\n\n\n<li><strong>Modulo di contatto<\/strong>: Visitate il nostro sito web e utilizzate il modulo di contatto disponibile per sottoporre le vostre domande direttamente al nostro team.<\/li>\n<\/ul>\n\n\n\n<p>Ci impegniamo a rispondere prontamente a tutte le richieste e a fornire il supporto necessario per garantire la vostra soddisfazione e la protezione dei vostri dati personali.<\/p>","protected":false},"excerpt":{"rendered":"<p>Introduction to Cosmoflag&#8217;s Privacy Statement At Cosmoflag, we understand that protecting your privacy is essential, and we are committed to respecting it. As an online store dedicated to selling high-quality flags, we collect certain information to enhance your shopping experience while ensuring the security and confidentiality of your personal data. Our Privacy Statement explains how [&hellip;]<\/p>\n","protected":false},"author":1,"featured_media":0,"parent":0,"menu_order":0,"comment_status":"closed","ping_status":"closed","template":"","meta":{"_gspb_post_css":"","iawp_total_views":5,"footnotes":""},"class_list":["post-2559","page","type-page","status-publish","hentry"],"blocksy_meta":[],"_links":{"self":[{"href":"https:\/\/cosmoflag.com\/it\/wp-json\/wp\/v2\/pages\/2559","targetHints":{"allow":["GET"]}}],"collection":[{"href":"https:\/\/cosmoflag.com\/it\/wp-json\/wp\/v2\/pages"}],"about":[{"href":"https:\/\/cosmoflag.com\/it\/wp-json\/wp\/v2\/types\/page"}],"author":[{"embeddable":true,"href":"https:\/\/cosmoflag.com\/it\/wp-json\/wp\/v2\/users\/1"}],"replies":[{"embeddable":true,"href":"https:\/\/cosmoflag.com\/it\/wp-json\/wp\/v2\/comments?post=2559"}],"version-history":[{"count":0,"href":"https:\/\/cosmoflag.com\/it\/wp-json\/wp\/v2\/pages\/2559\/revisions"}],"wp:attachment":[{"href":"https:\/\/cosmoflag.com\/it\/wp-json\/wp\/v2\/media?parent=2559"}],"curies":[{"name":"wp","href":"https:\/\/api.w.org\/{rel}","templated":true}]}}