{"id":2557,"date":"2025-01-01T18:37:03","date_gmt":"2025-01-01T18:37:03","guid":{"rendered":"https:\/\/cosmoflag.com\/?page_id=2557"},"modified":"2025-01-01T20:53:53","modified_gmt":"2025-01-01T20:53:53","slug":"avviso-legale","status":"publish","type":"page","link":"https:\/\/cosmoflag.com\/it\/avviso-legale\/","title":{"rendered":"Avviso legale"},"content":{"rendered":"<h3 class=\"wp-block-heading\" id=\"identification\">Identificazione<\/h3>\n\n\n\n<p>Questo sito \u00e8 gestito da <strong>Cosmoflagello<\/strong>.<\/p>\n\n\n\n<p><strong>Indirizzo<\/strong>:<br>2 rue des Jardins de Cl\u00e9op\u00e2tre, 34170 Castelnau-le-Lez, Francia.<\/p>\n\n\n\n<p><strong>Direttore editoriale<\/strong>:<br>Signor Koessler, Cosmoflag.<\/p>\n\n\n\n<p>Per qualsiasi richiesta di informazioni sul funzionamento del sito, si prega di contattare: <strong><a>info@cosmoflag.com<\/a><\/strong>.<\/p>\n\n\n\n<hr class=\"wp-block-separator has-alpha-channel-opacity\"\/>\n\n\n\n<h3 class=\"wp-block-heading\" id=\"terms-of-use\">Condizioni di utilizzo<\/h3>\n\n\n\n<p>Utilizzando questo sito, il visitatore riconosce di aver avuto modo di prendere visione delle presenti Condizioni d'uso e delle Condizioni generali di vendita (CGV). Cosmoflag si impegna al massimo per garantire l'accuratezza e l'aggiornamento tempestivo delle informazioni fornite su questo sito e si riserva il diritto di modificarne il contenuto in qualsiasi momento senza preavviso. Tuttavia, Cosmoflag non pu\u00f2 garantire l'accuratezza, la precisione o la completezza delle informazioni disponibili su questo sito.<\/p>\n\n\n\n<p>In quanto tale, Cosmoflag declina ogni responsabilit\u00e0 per:<\/p>\n\n\n\n<ul class=\"wp-block-list\">\n<li>Qualsiasi interruzione del sito o insorgenza di bug;<\/li>\n\n\n\n<li>Eventuali imprecisioni o omissioni nelle informazioni disponibili sul sito;<\/li>\n\n\n\n<li>Eventuali danni derivanti da intrusioni non autorizzate da parte di terzi che comportino modifiche alle informazioni fornite sul sito;<\/li>\n\n\n\n<li>E pi\u00f9 in generale, qualsiasi danno diretto o indiretto, indipendentemente dalla sua causa, origine, natura o conseguenze.<\/li>\n<\/ul>\n\n\n\n<hr class=\"wp-block-separator has-alpha-channel-opacity\"\/>\n\n\n\n<h3 class=\"wp-block-heading\" id=\"links\">Collegamenti<\/h3>\n\n\n\n<p>Il sito pu\u00f2 contenere link ad altri siti web o fonti internet esterne. Poich\u00e9 Cosmoflag non pu\u00f2 controllare tali siti e fonti esterne, non pu\u00f2 essere ritenuta responsabile della disponibilit\u00e0 di tali siti e fonti esterne e non si assume alcuna responsabilit\u00e0 per i contenuti, le pubblicit\u00e0, i prodotti, i servizi o altri materiali disponibili su o da tali siti o fonti esterne.<\/p>\n\n\n\n<hr class=\"wp-block-separator has-alpha-channel-opacity\"\/>\n\n\n\n<h3 class=\"wp-block-heading\" id=\"intellectual-property\">Propriet\u00e0 intellettuale<\/h3>\n\n\n\n<p>Il sito e qualsiasi software utilizzato in relazione ad esso possono contenere informazioni riservate protette dai diritti di propriet\u00e0 intellettuale o da altre leggi. Se non diversamente indicato, i diritti di propriet\u00e0 intellettuale sui documenti contenuti nel sito e su ciascuno degli elementi creati per questo sito sono di propriet\u00e0 esclusiva di Cosmoflag. Non viene concessa alcuna licenza o diritto diverso da quello di consultare il sito.<\/p>\n\n\n\n<hr class=\"wp-block-separator has-alpha-channel-opacity\"\/>\n\n\n\n<h3 class=\"wp-block-heading\" id=\"photo-credits-and-sources\">Crediti fotografici e fonti<\/h3>\n\n\n\n<p>Gli aggiornamenti di questa pagina non sono automatizzati insieme agli aggiornamenti delle foto visualizzate sul sito. Il sito pu\u00f2 presentare foto di diversi fotografi a seconda della stagione.<\/p>\n\n\n\n<hr class=\"wp-block-separator has-alpha-channel-opacity\"\/>\n\n\n\n<h3 class=\"wp-block-heading\" id=\"data-privacy\">Privacy dei dati<\/h3>\n\n\n\n<p>Le informazioni personali che l'utente pu\u00f2 trasmettere a Cosmoflag per determinati servizi sono soggette alle disposizioni della legge francese. <strong>Legge n. 78-17 sulla tecnologia dell'informazione, gli archivi di dati e le libert\u00e0 civili<\/strong> del 6 gennaio 1978.<\/p>\n\n\n\n<p>In quanto tali, gli utenti hanno il diritto di accedere, rettificare e cancellare le informazioni personali che li riguardano. Tale diritto pu\u00f2 essere esercitato in qualsiasi momento inviando un'e-mail a: <strong><a>info@cosmoflag.com<\/a><\/strong>.<\/p>\n\n\n\n<hr class=\"wp-block-separator has-alpha-channel-opacity\"\/>\n\n\n\n<h3 class=\"wp-block-heading\" id=\"cookies\">Biscotti<\/h3>\n\n\n\n<p>Cosmoflag utilizza i cookie per migliorare il servizio personalizzato offerto ai clienti e misurare il traffico del sito. Al momento della prima visita, gli utenti vengono informati dell'uso di questi tracker e la prosecuzione della navigazione costituisce un'accettazione del loro utilizzo. Le impostazioni del dispositivo consentono agli utenti di rifiutarne l'uso.<\/p>\n\n\n\n<hr class=\"wp-block-separator has-alpha-channel-opacity\"\/>\n\n\n\n<h3 class=\"wp-block-heading\" id=\"newsletters\">Newsletter<\/h3>\n\n\n\n<p>Le nostre newsletter vengono inviate via e-mail agli utenti che hanno scelto di riceverle. \u00c8 possibile annullare l'iscrizione in qualsiasi momento facendo clic sul link incluso in fondo a ogni newsletter.<\/p>\n\n\n\n<hr class=\"wp-block-separator has-alpha-channel-opacity\"\/>\n\n\n\n<h3 class=\"wp-block-heading\" id=\"for-further-assistance\">Per ulteriore assistenza<\/h3>\n\n\n\n<p>Per qualsiasi altra richiesta o informazione aggiuntiva, vi preghiamo di contattarci utilizzando i metodi forniti sul nostro sito.<\/p>","protected":false},"excerpt":{"rendered":"<p>Identification This site is operated by Cosmoflag. Address:2 rue des Jardins de Cl\u00e9op\u00e2tre, 34170 Castelnau-le-Lez, France. Publishing Manager:Mr. Koessler, Cosmoflag. For any inquiries regarding the site&#8217;s operation, please contact: info@cosmoflag.com. Terms of Use By using this site, the visitor acknowledges that they have had the opportunity to review these Terms of Use as well as [&hellip;]<\/p>\n","protected":false},"author":1,"featured_media":0,"parent":0,"menu_order":0,"comment_status":"closed","ping_status":"closed","template":"","meta":{"_gspb_post_css":"","iawp_total_views":1,"footnotes":""},"class_list":["post-2557","page","type-page","status-publish","hentry"],"blocksy_meta":[],"_links":{"self":[{"href":"https:\/\/cosmoflag.com\/it\/wp-json\/wp\/v2\/pages\/2557","targetHints":{"allow":["GET"]}}],"collection":[{"href":"https:\/\/cosmoflag.com\/it\/wp-json\/wp\/v2\/pages"}],"about":[{"href":"https:\/\/cosmoflag.com\/it\/wp-json\/wp\/v2\/types\/page"}],"author":[{"embeddable":true,"href":"https:\/\/cosmoflag.com\/it\/wp-json\/wp\/v2\/users\/1"}],"replies":[{"embeddable":true,"href":"https:\/\/cosmoflag.com\/it\/wp-json\/wp\/v2\/comments?post=2557"}],"version-history":[{"count":0,"href":"https:\/\/cosmoflag.com\/it\/wp-json\/wp\/v2\/pages\/2557\/revisions"}],"wp:attachment":[{"href":"https:\/\/cosmoflag.com\/it\/wp-json\/wp\/v2\/media?parent=2557"}],"curies":[{"name":"wp","href":"https:\/\/api.w.org\/{rel}","templated":true}]}}