{"id":16,"date":"2024-05-22T13:40:16","date_gmt":"2024-05-22T13:40:16","guid":{"rendered":"https:\/\/startersites.io\/blocksy\/furniture\/?page_id=16"},"modified":"2025-01-26T20:23:02","modified_gmt":"2025-01-26T20:23:02","slug":"chi-siamo","status":"publish","type":"page","link":"https:\/\/cosmoflag.com\/it\/chi-siamo\/","title":{"rendered":"Chi siamo"},"content":{"rendered":"<div class=\"wp-block-greenshift-blocks-row gspb_row gspb_row-id-gsbp-63ba5b3\" id=\"gspb_row-id-gsbp-63ba5b3\"><div class=\"gspb_row__content\"> \n<div class=\"wp-block-greenshift-blocks-row-column gspb_row__col--12 gspb_col-id-gsbp-184e5ba\" id=\"gspb_col-id-gsbp-184e5ba\">\n<div id=\"gspb_text-id-gsbp-d4d1a69\" class=\"gspb_text gspb_text-id-gsbp-d4d1a69\">Situato nel cuore di Montpellier, nel sud della Francia, il nostro negozio di e-commerce alimenta da oltre tre anni la passione per le bandiere nazionali, regionali, storiche e decorative. Dalla nostra sede al 45 di rue de la Libert\u00e9, 34000 Montpellier, celebriamo il ricco arazzo del patrimonio e dell'orgoglio globale.<br><br>Noi di Cosmoflag siamo animati da una missione semplice ma profonda: creare un ponte tra le culture attraverso il simbolo universale delle bandiere. Crediamo che ogni bandiera porti con s\u00e9 un racconto di identit\u00e0, storia e valori, ed \u00e8 per questo che selezioniamo meticolosamente i prodotti che rappresentano l'essenza delle nazioni e dei loro popoli.<br>Il nostro negozio online vanta un'ampia collezione di bandiere di alta qualit\u00e0, progettate per durare e resistere, in modo da continuare a raccontare la propria storia per gli anni a venire.<br><br>La soddisfazione del cliente \u00e8 al centro di tutto ci\u00f2 che facciamo. Il nostro team dedicato al servizio clienti \u00e8 sempre pronto ad assistervi per qualsiasi richiesta, a guidarvi nel processo di acquisto o a rispondere a qualsiasi dubbio sui vostri ordini. Non esitate a contattarci tramite il nostro modulo online o via e-mail all'indirizzo <a>contact@cosmoflag.com<\/a>. Siamo qui ogni giorno per assicurarci che la vostra esperienza sia arricchente come le bandiere che consegniamo.<br><br>Esplorate il nostro negozio online e immergetevi nei colori, nelle storie e nelle tradizioni che rendono ogni bandiera un emblema unico dell'identit\u00e0 nazionale.<br>Grazie per aver fatto parte del nostro viaggio in Cosmoflag.<br><br>Cordiali saluti, il team Cosmoflag<\/div>\n<\/div>\n <\/div><\/div>","protected":false},"excerpt":{"rendered":"","protected":false},"author":1,"featured_media":0,"parent":0,"menu_order":0,"comment_status":"closed","ping_status":"closed","template":"","meta":{"_gspb_post_css":"#gspb_row-id-gsbp-63ba5b3{justify-content:space-between;margin-top:0;margin-bottom:0;display:flex;flex-wrap:wrap}#gspb_row-id-gsbp-63ba5b3>.gspb_row__content{display:flex;justify-content:space-between;margin:0 auto;width:100%;flex-wrap:wrap}.gspb_row{position:relative}div[id^=gspb_col-id]{box-sizing:border-box;position:relative;padding:var(--gs-row-column-padding, 15px min(3vw, 20px))}body.gspb-bodyfront #gspb_row-id-gsbp-63ba5b3>.gspb_row__content{width:var(--theme-container-width, 1200px);max-width:var(--theme-normal-container-max-width, 1200px)}#gspb_col-id-gsbp-184e5ba.gspb_row__col--12{width:100%}@media (max-width:575.98px){#gspb_col-id-gsbp-184e5ba.gspb_row__col--12{width:100%}}","iawp_total_views":43,"footnotes":""},"class_list":["post-16","page","type-page","status-publish","hentry"],"blocksy_meta":{"has_hero_section":"default","vertical_spacing_source":"custom","content_area_spacing":"none","styles_descriptor":{"styles":{"desktop":"","tablet":"","mobile":""},"google_fonts":[],"version":6}},"_links":{"self":[{"href":"https:\/\/cosmoflag.com\/it\/wp-json\/wp\/v2\/pages\/16","targetHints":{"allow":["GET"]}}],"collection":[{"href":"https:\/\/cosmoflag.com\/it\/wp-json\/wp\/v2\/pages"}],"about":[{"href":"https:\/\/cosmoflag.com\/it\/wp-json\/wp\/v2\/types\/page"}],"author":[{"embeddable":true,"href":"https:\/\/cosmoflag.com\/it\/wp-json\/wp\/v2\/users\/1"}],"replies":[{"embeddable":true,"href":"https:\/\/cosmoflag.com\/it\/wp-json\/wp\/v2\/comments?post=16"}],"version-history":[{"count":0,"href":"https:\/\/cosmoflag.com\/it\/wp-json\/wp\/v2\/pages\/16\/revisions"}],"wp:attachment":[{"href":"https:\/\/cosmoflag.com\/it\/wp-json\/wp\/v2\/media?parent=16"}],"curies":[{"name":"wp","href":"https:\/\/api.w.org\/{rel}","templated":true}]}}