{"id":2540,"date":"2024-12-20T13:57:00","date_gmt":"2024-12-20T11:57:00","guid":{"rendered":"https:\/\/cosmoflag.com\/?post_type=product&#038;p=2540"},"modified":"2025-08-12T21:18:43","modified_gmt":"2025-08-12T19:18:43","slug":"drapeau-violet","status":"publish","type":"product","link":"https:\/\/cosmoflag.com\/fr\/produit\/drapeau-violet\/","title":{"rendered":"Drapeau violet"},"content":{"rendered":"<h3><strong>Caract\u00e9ristiques du drapeau violet<\/strong><\/h3>\n<p>Notre drapeau violet est fabriqu\u00e9 en polyester de premi\u00e8re qualit\u00e9, ce qui lui conf\u00e8re une excellente durabilit\u00e9 pour une utilisation prolong\u00e9e \u00e0 l'int\u00e9rieur et \u00e0 l'ext\u00e9rieur. Il comprend des \u0153illets m\u00e9talliques pour une installation facile et un maintien s\u00fbr, m\u00eame dans des conditions m\u00e9t\u00e9orologiques difficiles. Mesurant 90 x 150 cm, ce drapeau assure une excellente visibilit\u00e9 sur les poteaux, les murs ou lors d'\u00e9v\u00e9nements et de c\u00e9l\u00e9brations.<\/p>\n<h3><strong>Un symbole de royaut\u00e9 et d'individualit\u00e9<\/strong><\/h3>\n<p>Le drapeau violet est souvent associ\u00e9 \u00e0 la royaut\u00e9, au luxe et \u00e0 l'ambition en raison de sa signification historique en tant que couleur r\u00e9serv\u00e9e \u00e0 la noblesse. Il peut \u00e9galement symboliser la cr\u00e9ativit\u00e9, l'individualit\u00e9 et la spiritualit\u00e9. Qu'il soit utilis\u00e9 dans le cadre d'\u00e9v\u00e9nements personnels, d'expositions artistiques ou de d\u00e9corations, le drapeau violet apporte une touche d'originalit\u00e9 et d'\u00e9l\u00e9gance.<\/p>\n<h3><strong>Polyvalence d'utilisation<\/strong><\/h3>\n<p>Parfait pour les \u00e9v\u00e9nements artistiques, les c\u00e9l\u00e9brations culturelles, les expositions \u00e9ducatives ou les collections personnelles, le drapeau violet est une repr\u00e9sentation significative de la cr\u00e9ativit\u00e9 et du patrimoine. Sa couleur r\u00e9sistante \u00e0 la d\u00e9coloration et sa conception robuste lui permettent de rester vibrant et percutant au fil du temps.<\/p>","protected":false},"excerpt":{"rendered":"<p>Drapeau de 150 x 90 cm avec 2 \u0153illets m\u00e9talliques robustes pour un accrochage s\u00fbr.<\/p>","protected":false},"featured_media":1631,"comment_status":"open","ping_status":"closed","template":"","meta":{"_gspb_post_css":"","iawp_total_views":38},"product_brand":[],"product_cat":[59],"product_tag":[],"class_list":{"0":"post-2540","1":"product","2":"type-product","3":"status-publish","4":"has-post-thumbnail","6":"product_cat-color-flags","8":"first","9":"instock","10":"sale","11":"shipping-taxable","12":"purchasable","13":"product-type-simple"},"_links":{"self":[{"href":"https:\/\/cosmoflag.com\/fr\/wp-json\/wp\/v2\/product\/2540","targetHints":{"allow":["GET"]}}],"collection":[{"href":"https:\/\/cosmoflag.com\/fr\/wp-json\/wp\/v2\/product"}],"about":[{"href":"https:\/\/cosmoflag.com\/fr\/wp-json\/wp\/v2\/types\/product"}],"replies":[{"embeddable":true,"href":"https:\/\/cosmoflag.com\/fr\/wp-json\/wp\/v2\/comments?post=2540"}],"wp:featuredmedia":[{"embeddable":true,"href":"https:\/\/cosmoflag.com\/fr\/wp-json\/wp\/v2\/media\/1631"}],"wp:attachment":[{"href":"https:\/\/cosmoflag.com\/fr\/wp-json\/wp\/v2\/media?parent=2540"}],"wp:term":[{"taxonomy":"product_brand","embeddable":true,"href":"https:\/\/cosmoflag.com\/fr\/wp-json\/wp\/v2\/product_brand?post=2540"},{"taxonomy":"product_cat","embeddable":true,"href":"https:\/\/cosmoflag.com\/fr\/wp-json\/wp\/v2\/product_cat?post=2540"},{"taxonomy":"product_tag","embeddable":true,"href":"https:\/\/cosmoflag.com\/fr\/wp-json\/wp\/v2\/product_tag?post=2540"}],"curies":[{"name":"wp","href":"https:\/\/api.w.org\/{rel}","templated":true}]}}