{"id":2537,"date":"2024-12-20T13:52:00","date_gmt":"2024-12-20T11:52:00","guid":{"rendered":"https:\/\/cosmoflag.com\/?post_type=product&#038;p=2537"},"modified":"2026-05-03T15:37:13","modified_gmt":"2026-05-03T13:37:13","slug":"drapeau-blanc-2","status":"publish","type":"product","link":"https:\/\/cosmoflag.com\/fr\/produit\/drapeau-blanc-2\/","title":{"rendered":"Drapeau blanc"},"content":{"rendered":"<h3><strong>Caract\u00e9ristiques du drapeau blanc<\/strong><\/h3>\n<p>Notre drapeau blanc est fabriqu\u00e9 en polyester de premi\u00e8re qualit\u00e9, ce qui lui conf\u00e8re une excellente durabilit\u00e9 pour une utilisation prolong\u00e9e \u00e0 l'int\u00e9rieur et \u00e0 l'ext\u00e9rieur. Il est dot\u00e9 d'\u0153illets m\u00e9talliques pour une installation facile et une tenue s\u00fbre, m\u00eame dans des conditions m\u00e9t\u00e9orologiques difficiles. Mesurant 90 x 150 cm, ce drapeau assure une excellente visibilit\u00e9 sur les poteaux, les murs ou lors d'\u00e9v\u00e9nements et de manifestations.<\/p>\n<h3><strong>Un symbole universel de paix et d'abandon<\/strong><\/h3>\n<p>Le drapeau blanc est reconnu dans le monde entier comme un symbole de paix, de tr\u00eave ou de reddition. Historiquement utilis\u00e9 dans les batailles pour signaler la fin d'un conflit ou une demande de n\u00e9gociation, il est un puissant embl\u00e8me de la non-violence et de la compr\u00e9hension mutuelle. Aujourd'hui, il repr\u00e9sente \u00e9galement la neutralit\u00e9 ou le d\u00e9sir d'harmonie dans divers contextes.<\/p>\n<h3><strong>Polyvalence d'utilisation<\/strong><\/h3>\n<p>Parfait pour les reconstitutions historiques, les manifestations pour la paix, les expositions p\u00e9dagogiques ou les collections personnelles, le drapeau blanc est une repr\u00e9sentation significative de l'unit\u00e9 et de la compr\u00e9hension. Sa couleur r\u00e9sistante \u00e0 la d\u00e9coloration et sa conception robuste lui permettent de rester propre et d'avoir un impact au fil du temps.<\/p>","protected":false},"excerpt":{"rendered":"<p>Drapeau de 150 x 90 cm avec 2 \u0153illets m\u00e9talliques robustes pour un accrochage s\u00fbr.<\/p>","protected":false},"featured_media":1768,"comment_status":"open","ping_status":"closed","template":"","meta":{"_gspb_post_css":"","iawp_total_views":106},"product_brand":[],"product_cat":[59],"product_tag":[],"class_list":{"0":"post-2537","1":"product","2":"type-product","3":"status-publish","4":"has-post-thumbnail","6":"product_cat-color-flags","8":"first","9":"instock","10":"sale","11":"shipping-taxable","12":"purchasable","13":"product-type-simple"},"_links":{"self":[{"href":"https:\/\/cosmoflag.com\/fr\/wp-json\/wp\/v2\/product\/2537","targetHints":{"allow":["GET"]}}],"collection":[{"href":"https:\/\/cosmoflag.com\/fr\/wp-json\/wp\/v2\/product"}],"about":[{"href":"https:\/\/cosmoflag.com\/fr\/wp-json\/wp\/v2\/types\/product"}],"replies":[{"embeddable":true,"href":"https:\/\/cosmoflag.com\/fr\/wp-json\/wp\/v2\/comments?post=2537"}],"wp:featuredmedia":[{"embeddable":true,"href":"https:\/\/cosmoflag.com\/fr\/wp-json\/wp\/v2\/media\/1768"}],"wp:attachment":[{"href":"https:\/\/cosmoflag.com\/fr\/wp-json\/wp\/v2\/media?parent=2537"}],"wp:term":[{"taxonomy":"product_brand","embeddable":true,"href":"https:\/\/cosmoflag.com\/fr\/wp-json\/wp\/v2\/product_brand?post=2537"},{"taxonomy":"product_cat","embeddable":true,"href":"https:\/\/cosmoflag.com\/fr\/wp-json\/wp\/v2\/product_cat?post=2537"},{"taxonomy":"product_tag","embeddable":true,"href":"https:\/\/cosmoflag.com\/fr\/wp-json\/wp\/v2\/product_tag?post=2537"}],"curies":[{"name":"wp","href":"https:\/\/api.w.org\/{rel}","templated":true}]}}