{"id":2536,"date":"2024-12-20T13:47:00","date_gmt":"2024-12-20T11:47:00","guid":{"rendered":"https:\/\/cosmoflag.com\/?post_type=product&#038;p=2536"},"modified":"2025-08-12T21:18:44","modified_gmt":"2025-08-12T19:18:44","slug":"drapeau-jaune","status":"publish","type":"product","link":"https:\/\/cosmoflag.com\/fr\/produit\/drapeau-jaune\/","title":{"rendered":"Drapeau jaune"},"content":{"rendered":"<h3><strong>Caract\u00e9ristiques du drapeau jaune<\/strong><\/h3>\n<p>Notre drapeau jaune est fabriqu\u00e9 en polyester de premi\u00e8re qualit\u00e9, ce qui lui conf\u00e8re une excellente durabilit\u00e9 et lui permet d'\u00eatre utilis\u00e9 longtemps \u00e0 l'int\u00e9rieur comme \u00e0 l'ext\u00e9rieur. Il comprend des \u0153illets m\u00e9talliques pour une installation facile et un maintien s\u00fbr, m\u00eame dans des conditions m\u00e9t\u00e9orologiques difficiles. Mesurant 90 x 150 cm, ce drapeau offre une excellente visibilit\u00e9 pour une grande vari\u00e9t\u00e9 d'utilisations.<\/p>\n<h3><strong>Un symbole de positivit\u00e9 et de communication<\/strong><\/h3>\n<p>Le drapeau jaune a de multiples significations selon le contexte. Il est souvent utilis\u00e9 dans les communications maritimes comme signal de \"quarantaine\" ou pour repr\u00e9senter la lettre \"Q\" du Code international des signaux. Sur terre, il peut symboliser la prudence, l'avertissement ou m\u00eame la positivit\u00e9 et l'optimisme lors de c\u00e9l\u00e9brations. Ce drapeau polyvalent est id\u00e9al pour toute une s\u00e9rie d'applications.<\/p>\n<h3><strong>Polyvalence d'utilisation<\/strong><\/h3>\n<p>Parfait pour la signalisation maritime, les \u00e9v\u00e9nements sportifs, les c\u00e9l\u00e9brations ou dans le cadre d'une collection, le drapeau jaune est un outil pratique et significatif pour la communication ou la d\u00e9coration. Sa couleur r\u00e9sistante \u00e0 la d\u00e9coloration et sa conception robuste lui permettent de conserver son \u00e9clat et son impact au fil du temps.<\/p>","protected":false},"excerpt":{"rendered":"<p>Drapeau de 150 x 90 cm avec 2 \u0153illets m\u00e9talliques robustes pour un accrochage s\u00fbr.<\/p>","protected":false},"featured_media":1775,"comment_status":"open","ping_status":"closed","template":"","meta":{"_gspb_post_css":"","iawp_total_views":8},"product_brand":[],"product_cat":[59],"product_tag":[],"class_list":{"0":"post-2536","1":"product","2":"type-product","3":"status-publish","4":"has-post-thumbnail","6":"product_cat-color-flags","8":"first","9":"instock","10":"sale","11":"shipping-taxable","12":"purchasable","13":"product-type-simple"},"_links":{"self":[{"href":"https:\/\/cosmoflag.com\/fr\/wp-json\/wp\/v2\/product\/2536","targetHints":{"allow":["GET"]}}],"collection":[{"href":"https:\/\/cosmoflag.com\/fr\/wp-json\/wp\/v2\/product"}],"about":[{"href":"https:\/\/cosmoflag.com\/fr\/wp-json\/wp\/v2\/types\/product"}],"replies":[{"embeddable":true,"href":"https:\/\/cosmoflag.com\/fr\/wp-json\/wp\/v2\/comments?post=2536"}],"wp:featuredmedia":[{"embeddable":true,"href":"https:\/\/cosmoflag.com\/fr\/wp-json\/wp\/v2\/media\/1775"}],"wp:attachment":[{"href":"https:\/\/cosmoflag.com\/fr\/wp-json\/wp\/v2\/media?parent=2536"}],"wp:term":[{"taxonomy":"product_brand","embeddable":true,"href":"https:\/\/cosmoflag.com\/fr\/wp-json\/wp\/v2\/product_brand?post=2536"},{"taxonomy":"product_cat","embeddable":true,"href":"https:\/\/cosmoflag.com\/fr\/wp-json\/wp\/v2\/product_cat?post=2536"},{"taxonomy":"product_tag","embeddable":true,"href":"https:\/\/cosmoflag.com\/fr\/wp-json\/wp\/v2\/product_tag?post=2536"}],"curies":[{"name":"wp","href":"https:\/\/api.w.org\/{rel}","templated":true}]}}