{"id":2535,"date":"2024-12-20T13:34:00","date_gmt":"2024-12-20T11:34:00","guid":{"rendered":"https:\/\/cosmoflag.com\/?post_type=product&#038;p=2535"},"modified":"2025-08-12T21:18:44","modified_gmt":"2025-08-12T19:18:44","slug":"drapeau-chretien","status":"publish","type":"product","link":"https:\/\/cosmoflag.com\/fr\/produit\/drapeau-chretien\/","title":{"rendered":"Drapeau chr\u00e9tien"},"content":{"rendered":"<h3><strong>Caract\u00e9ristiques du drapeau chr\u00e9tien<\/strong><\/h3>\n<p>Notre drapeau chr\u00e9tien est fabriqu\u00e9 en polyester de premi\u00e8re qualit\u00e9, ce qui lui conf\u00e8re une excellente durabilit\u00e9 pour une utilisation prolong\u00e9e \u00e0 l'int\u00e9rieur et \u00e0 l'ext\u00e9rieur. Il comprend des \u0153illets m\u00e9talliques pour une installation facile et une tenue s\u00fbre, m\u00eame dans des conditions m\u00e9t\u00e9orologiques difficiles. Mesurant 90 x 150 cm, ce drapeau assure une excellente visibilit\u00e9 sur les poteaux, les murs ou lors de rassemblements religieux et de c\u00e9l\u00e9brations.<\/p>\n<h3><strong>Un symbole de foi et d'unit\u00e9<\/strong><\/h3>\n<p>Le drapeau chr\u00e9tien, introduit pour la premi\u00e8re fois en 1897, pr\u00e9sente un dessin simple mais puissant. Le champ blanc repr\u00e9sente la puret\u00e9 et la paix, le canton bleu symbolise la fid\u00e9lit\u00e9 et la croix rouge en son centre signifie le sacrifice de J\u00e9sus-Christ. Cet embl\u00e8me universel unit les chr\u00e9tiens de toutes les confessions et refl\u00e8te les valeurs fondamentales de la foi, de l'amour et de l'espoir.<\/p>\n<h3><strong>Polyvalence d'utilisation<\/strong><\/h3>\n<p>Parfait pour les \u00e9v\u00e9nements religieux, les c\u00e9r\u00e9monies religieuses, les objectifs \u00e9ducatifs ou les collections personnelles, le drapeau de la chr\u00e9tient\u00e9 est une repr\u00e9sentation significative de la foi et de la d\u00e9votion. Ses couleurs r\u00e9sistantes \u00e0 la d\u00e9coloration et sa conception robuste lui permettent de rester vibrant et percutant au fil du temps.<\/p>","protected":false},"excerpt":{"rendered":"<p>Drapeau de 150 x 90 cm avec 2 \u0153illets m\u00e9talliques robustes pour un accrochage s\u00fbr.<\/p>","protected":false},"featured_media":1042,"comment_status":"open","ping_status":"closed","template":"","meta":{"_gspb_post_css":"","iawp_total_views":21},"product_brand":[],"product_cat":[76],"product_tag":[],"class_list":{"0":"post-2535","1":"product","2":"type-product","3":"status-publish","4":"has-post-thumbnail","6":"product_cat-religious-flags","8":"first","9":"instock","10":"sale","11":"shipping-taxable","12":"purchasable","13":"product-type-simple"},"_links":{"self":[{"href":"https:\/\/cosmoflag.com\/fr\/wp-json\/wp\/v2\/product\/2535","targetHints":{"allow":["GET"]}}],"collection":[{"href":"https:\/\/cosmoflag.com\/fr\/wp-json\/wp\/v2\/product"}],"about":[{"href":"https:\/\/cosmoflag.com\/fr\/wp-json\/wp\/v2\/types\/product"}],"replies":[{"embeddable":true,"href":"https:\/\/cosmoflag.com\/fr\/wp-json\/wp\/v2\/comments?post=2535"}],"wp:featuredmedia":[{"embeddable":true,"href":"https:\/\/cosmoflag.com\/fr\/wp-json\/wp\/v2\/media\/1042"}],"wp:attachment":[{"href":"https:\/\/cosmoflag.com\/fr\/wp-json\/wp\/v2\/media?parent=2535"}],"wp:term":[{"taxonomy":"product_brand","embeddable":true,"href":"https:\/\/cosmoflag.com\/fr\/wp-json\/wp\/v2\/product_brand?post=2535"},{"taxonomy":"product_cat","embeddable":true,"href":"https:\/\/cosmoflag.com\/fr\/wp-json\/wp\/v2\/product_cat?post=2535"},{"taxonomy":"product_tag","embeddable":true,"href":"https:\/\/cosmoflag.com\/fr\/wp-json\/wp\/v2\/product_tag?post=2535"}],"curies":[{"name":"wp","href":"https:\/\/api.w.org\/{rel}","templated":true}]}}