{"id":2534,"date":"2024-12-20T13:30:00","date_gmt":"2024-12-20T11:30:00","guid":{"rendered":"https:\/\/cosmoflag.com\/?post_type=product&#038;p=2534"},"modified":"2025-08-12T21:18:44","modified_gmt":"2025-08-12T19:18:44","slug":"drapeau-bouddhiste","status":"publish","type":"product","link":"https:\/\/cosmoflag.com\/fr\/produit\/drapeau-bouddhiste\/","title":{"rendered":"Drapeau bouddhiste"},"content":{"rendered":"<h3><strong>Caract\u00e9ristiques du drapeau bouddhiste<\/strong><\/h3>\n<p>Notre drapeau bouddhiste est fabriqu\u00e9 en polyester de premi\u00e8re qualit\u00e9, ce qui lui conf\u00e8re une excellente durabilit\u00e9 pour une utilisation prolong\u00e9e \u00e0 l'int\u00e9rieur et \u00e0 l'ext\u00e9rieur. Il est dot\u00e9 d'\u0153illets m\u00e9talliques pour une installation facile et une tenue s\u00fbre, m\u00eame dans des conditions m\u00e9t\u00e9orologiques difficiles. Mesurant 90 x 150 cm, ce drapeau offre une excellente visibilit\u00e9 sur les poteaux, les murs ou lors d'\u00e9v\u00e9nements et de c\u00e9l\u00e9brations spirituels.<\/p>\n<h3><strong>Un symbole de paix et de spiritualit\u00e9<\/strong><\/h3>\n<p>Le drapeau bouddhiste, introduit pour la premi\u00e8re fois en 1885 et largement utilis\u00e9 comme symbole universel du bouddhisme, comporte six bandes verticales : le bleu pour la paix, le jaune pour la sagesse, le rouge pour les b\u00e9n\u00e9dictions, le blanc pour la puret\u00e9 et l'orange pour l'illumination. La derni\u00e8re bande combine toutes les couleurs, symbolisant l'universalit\u00e9 du Dharma. Ce drapeau est une repr\u00e9sentation profonde de l'harmonie, de la tol\u00e9rance et de la croissance spirituelle.<\/p>\n<h3><strong>Polyvalence d'utilisation<\/strong><\/h3>\n<p>Parfait pour les \u00e9v\u00e9nements spirituels, les centres de m\u00e9ditation, les c\u00e9l\u00e9brations culturelles ou les collections personnelles, le drapeau du bouddhisme est une repr\u00e9sentation significative des enseignements et des valeurs bouddhistes. Ses couleurs r\u00e9sistantes \u00e0 la d\u00e9coloration et sa conception robuste lui permettent de rester vibrant et percutant au fil du temps.<\/p>","protected":false},"excerpt":{"rendered":"<p>Drapeau de 150 x 90 cm avec 2 \u0153illets m\u00e9talliques robustes pour un accrochage s\u00fbr.<\/p>","protected":false},"featured_media":1023,"comment_status":"open","ping_status":"closed","template":"","meta":{"_gspb_post_css":"","iawp_total_views":8},"product_brand":[],"product_cat":[76],"product_tag":[],"class_list":{"0":"post-2534","1":"product","2":"type-product","3":"status-publish","4":"has-post-thumbnail","6":"product_cat-religious-flags","8":"first","9":"instock","10":"sale","11":"shipping-taxable","12":"purchasable","13":"product-type-simple"},"_links":{"self":[{"href":"https:\/\/cosmoflag.com\/fr\/wp-json\/wp\/v2\/product\/2534","targetHints":{"allow":["GET"]}}],"collection":[{"href":"https:\/\/cosmoflag.com\/fr\/wp-json\/wp\/v2\/product"}],"about":[{"href":"https:\/\/cosmoflag.com\/fr\/wp-json\/wp\/v2\/types\/product"}],"replies":[{"embeddable":true,"href":"https:\/\/cosmoflag.com\/fr\/wp-json\/wp\/v2\/comments?post=2534"}],"wp:featuredmedia":[{"embeddable":true,"href":"https:\/\/cosmoflag.com\/fr\/wp-json\/wp\/v2\/media\/1023"}],"wp:attachment":[{"href":"https:\/\/cosmoflag.com\/fr\/wp-json\/wp\/v2\/media?parent=2534"}],"wp:term":[{"taxonomy":"product_brand","embeddable":true,"href":"https:\/\/cosmoflag.com\/fr\/wp-json\/wp\/v2\/product_brand?post=2534"},{"taxonomy":"product_cat","embeddable":true,"href":"https:\/\/cosmoflag.com\/fr\/wp-json\/wp\/v2\/product_cat?post=2534"},{"taxonomy":"product_tag","embeddable":true,"href":"https:\/\/cosmoflag.com\/fr\/wp-json\/wp\/v2\/product_tag?post=2534"}],"curies":[{"name":"wp","href":"https:\/\/api.w.org\/{rel}","templated":true}]}}