{"id":2533,"date":"2024-12-20T12:42:00","date_gmt":"2024-12-20T10:42:00","guid":{"rendered":"https:\/\/cosmoflag.com\/?post_type=product&#038;p=2533"},"modified":"2025-08-12T21:18:45","modified_gmt":"2025-08-12T19:18:45","slug":"drapeau-de-la-republique-tcheque","status":"publish","type":"product","link":"https:\/\/cosmoflag.com\/fr\/produit\/drapeau-de-la-republique-tcheque\/","title":{"rendered":"Drapeau de la R\u00e9publique tch\u00e8que"},"content":{"rendered":"<h3><strong>Caract\u00e9ristiques du drapeau de la R\u00e9publique tch\u00e8que<\/strong><\/h3>\n<p>Notre drapeau de la R\u00e9publique tch\u00e8que est fabriqu\u00e9 en polyester de premi\u00e8re qualit\u00e9, garantissant une excellente durabilit\u00e9 pour une utilisation \u00e0 long terme \u00e0 l'int\u00e9rieur et \u00e0 l'ext\u00e9rieur. Il est dot\u00e9 d'\u0153illets m\u00e9talliques pour une installation facile et une tenue s\u00fbre, m\u00eame dans des conditions m\u00e9t\u00e9orologiques difficiles. Mesurant 90 x 150 cm, ce drapeau assure une excellente visibilit\u00e9 sur les poteaux, les murs ou lors de c\u00e9l\u00e9brations et d'\u00e9v\u00e9nements nationaux.<\/p>\n<h3><strong>Un symbole d'ind\u00e9pendance et de fiert\u00e9<\/strong><\/h3>\n<p>Le drapeau de la R\u00e9publique tch\u00e8que, officiellement adopt\u00e9 en 1920, comporte deux bandes horizontales blanche et rouge, repr\u00e9sentant les r\u00e9gions historiques de Boh\u00eame et de Moravie, tandis que le triangle bleu du c\u00f4t\u00e9 du guindant repr\u00e9sente la Slovaquie et l'unit\u00e9 de l'ancienne Tch\u00e9coslovaquie. Ce dessin minimaliste mais significatif refl\u00e8te l'histoire de la R\u00e9publique tch\u00e8que et sa r\u00e9silience en tant que nation ind\u00e9pendante.<\/p>\n<h3><strong>Polyvalence d'utilisation<\/strong><\/h3>\n<p>Parfait pour les c\u00e9l\u00e9brations nationales, les \u00e9v\u00e9nements culturels, les expositions \u00e9ducatives ou les collections personnelles, le drapeau de la R\u00e9publique tch\u00e8que est une repr\u00e9sentation significative de l'identit\u00e9 et de l'histoire du pays. Ses couleurs r\u00e9sistantes \u00e0 la d\u00e9coloration et son design robuste lui permettent de rester vibrant et percutant au fil du temps.<\/p>","protected":false},"excerpt":{"rendered":"<p>Drapeau de 150 x 90 cm avec 2 \u0153illets m\u00e9talliques robustes pour un accrochage s\u00fbr.<\/p>","protected":false},"featured_media":1076,"comment_status":"open","ping_status":"closed","template":"","meta":{"_gspb_post_css":"","iawp_total_views":18},"product_brand":[],"product_cat":[65,58],"product_tag":[],"class_list":{"0":"post-2533","1":"product","2":"type-product","3":"status-publish","4":"has-post-thumbnail","6":"product_cat-europe-flags","7":"product_cat-country-flags","9":"first","10":"instock","11":"sale","12":"shipping-taxable","13":"purchasable","14":"product-type-simple"},"_links":{"self":[{"href":"https:\/\/cosmoflag.com\/fr\/wp-json\/wp\/v2\/product\/2533","targetHints":{"allow":["GET"]}}],"collection":[{"href":"https:\/\/cosmoflag.com\/fr\/wp-json\/wp\/v2\/product"}],"about":[{"href":"https:\/\/cosmoflag.com\/fr\/wp-json\/wp\/v2\/types\/product"}],"replies":[{"embeddable":true,"href":"https:\/\/cosmoflag.com\/fr\/wp-json\/wp\/v2\/comments?post=2533"}],"wp:featuredmedia":[{"embeddable":true,"href":"https:\/\/cosmoflag.com\/fr\/wp-json\/wp\/v2\/media\/1076"}],"wp:attachment":[{"href":"https:\/\/cosmoflag.com\/fr\/wp-json\/wp\/v2\/media?parent=2533"}],"wp:term":[{"taxonomy":"product_brand","embeddable":true,"href":"https:\/\/cosmoflag.com\/fr\/wp-json\/wp\/v2\/product_brand?post=2533"},{"taxonomy":"product_cat","embeddable":true,"href":"https:\/\/cosmoflag.com\/fr\/wp-json\/wp\/v2\/product_cat?post=2533"},{"taxonomy":"product_tag","embeddable":true,"href":"https:\/\/cosmoflag.com\/fr\/wp-json\/wp\/v2\/product_tag?post=2533"}],"curies":[{"name":"wp","href":"https:\/\/api.w.org\/{rel}","templated":true}]}}