{"id":2531,"date":"2024-12-20T12:37:00","date_gmt":"2024-12-20T10:37:00","guid":{"rendered":"https:\/\/cosmoflag.com\/?post_type=product&#038;p=2531"},"modified":"2025-08-12T21:18:45","modified_gmt":"2025-08-12T19:18:45","slug":"drapeau-du-mozambique","status":"publish","type":"product","link":"https:\/\/cosmoflag.com\/fr\/produit\/drapeau-du-mozambique\/","title":{"rendered":"Drapeau du Mozambique"},"content":{"rendered":"<h3><strong>Caract\u00e9ristiques du drapeau du Mozambique<\/strong><\/h3>\n<p>Notre drapeau du Mozambique est fabriqu\u00e9 en polyester de premi\u00e8re qualit\u00e9, ce qui lui conf\u00e8re une excellente durabilit\u00e9 pour une utilisation de longue dur\u00e9e \u00e0 l'int\u00e9rieur et \u00e0 l'ext\u00e9rieur. Il est dot\u00e9 d'\u0153illets m\u00e9talliques pour une installation facile et une tenue s\u00fbre, m\u00eame dans des conditions m\u00e9t\u00e9orologiques difficiles. Mesurant 90 x 150 cm, ce drapeau assure une excellente visibilit\u00e9 sur les poteaux, les murs ou lors de c\u00e9l\u00e9brations et d'\u00e9v\u00e9nements nationaux.<\/p>\n<h3><strong>Un symbole d'unit\u00e9 et de r\u00e9silience<\/strong><\/h3>\n<p>Le drapeau du Mozambique, officiellement adopt\u00e9 en 1983, pr\u00e9sente des bandes horizontales vertes, noires et jaunes, s\u00e9par\u00e9es par de fines lignes blanches. Un triangle rouge sur le c\u00f4t\u00e9 du guindant repr\u00e9sente la lutte pour l'ind\u00e9pendance du pays. \u00c0 l'int\u00e9rieur du triangle se trouve une \u00e9toile jaune sur laquelle sont superpos\u00e9s un livre, une houe et un AK-47, qui symbolisent l'\u00e9ducation, l'agriculture et la d\u00e9fense. Ce dessin unique incarne l'engagement du Mozambique en faveur du progr\u00e8s et de l'unit\u00e9.<\/p>\n<h3><strong>Polyvalence d'utilisation<\/strong><\/h3>\n<p>Parfait pour les c\u00e9l\u00e9brations nationales, les \u00e9v\u00e9nements culturels, les expositions \u00e9ducatives ou les collections personnelles, le drapeau du Mozambique est une repr\u00e9sentation significative de l'identit\u00e9 et des valeurs du pays. Ses couleurs r\u00e9sistantes \u00e0 la d\u00e9coloration et son design robuste lui permettent de rester vibrant et percutant au fil du temps.<\/p>","protected":false},"excerpt":{"rendered":"<p>Drapeau de 150 x 90 cm avec 2 \u0153illets m\u00e9talliques robustes pour un accrochage s\u00fbr.<\/p>","protected":false},"featured_media":1255,"comment_status":"open","ping_status":"closed","template":"","meta":{"_gspb_post_css":"","iawp_total_views":11},"product_brand":[],"product_cat":[60,58],"product_tag":[],"class_list":{"0":"post-2531","1":"product","2":"type-product","3":"status-publish","4":"has-post-thumbnail","6":"product_cat-africa-flags","7":"product_cat-country-flags","9":"first","10":"instock","11":"sale","12":"shipping-taxable","13":"purchasable","14":"product-type-simple"},"_links":{"self":[{"href":"https:\/\/cosmoflag.com\/fr\/wp-json\/wp\/v2\/product\/2531","targetHints":{"allow":["GET"]}}],"collection":[{"href":"https:\/\/cosmoflag.com\/fr\/wp-json\/wp\/v2\/product"}],"about":[{"href":"https:\/\/cosmoflag.com\/fr\/wp-json\/wp\/v2\/types\/product"}],"replies":[{"embeddable":true,"href":"https:\/\/cosmoflag.com\/fr\/wp-json\/wp\/v2\/comments?post=2531"}],"wp:featuredmedia":[{"embeddable":true,"href":"https:\/\/cosmoflag.com\/fr\/wp-json\/wp\/v2\/media\/1255"}],"wp:attachment":[{"href":"https:\/\/cosmoflag.com\/fr\/wp-json\/wp\/v2\/media?parent=2531"}],"wp:term":[{"taxonomy":"product_brand","embeddable":true,"href":"https:\/\/cosmoflag.com\/fr\/wp-json\/wp\/v2\/product_brand?post=2531"},{"taxonomy":"product_cat","embeddable":true,"href":"https:\/\/cosmoflag.com\/fr\/wp-json\/wp\/v2\/product_cat?post=2531"},{"taxonomy":"product_tag","embeddable":true,"href":"https:\/\/cosmoflag.com\/fr\/wp-json\/wp\/v2\/product_tag?post=2531"}],"curies":[{"name":"wp","href":"https:\/\/api.w.org\/{rel}","templated":true}]}}