{"id":2529,"date":"2024-12-20T11:32:00","date_gmt":"2024-12-20T09:32:00","guid":{"rendered":"https:\/\/cosmoflag.com\/?post_type=product&#038;p=2529"},"modified":"2025-11-27T20:53:32","modified_gmt":"2025-11-27T18:53:32","slug":"banniere-royale-de-lecosse-drapeau","status":"publish","type":"product","link":"https:\/\/cosmoflag.com\/fr\/produit\/banniere-royale-de-lecosse-drapeau\/","title":{"rendered":"Drapeau de la banni\u00e8re royale d'\u00c9cosse"},"content":{"rendered":"<h3><strong>Drapeau de la banni\u00e8re royale d'\u00c9cosse Caract\u00e9ristiques<\/strong><\/h3>\n<p>Notre drapeau Royal Banner of Scotland est fabriqu\u00e9 en polyester de premi\u00e8re qualit\u00e9, ce qui lui conf\u00e8re une excellente durabilit\u00e9 pour une utilisation prolong\u00e9e \u00e0 l'int\u00e9rieur et \u00e0 l'ext\u00e9rieur. Il est dot\u00e9 d'\u0153illets m\u00e9talliques pour une installation facile et une tenue s\u00fbre, m\u00eame dans des conditions m\u00e9t\u00e9orologiques difficiles. Mesurant 90 x 150 cm, ce drapeau garantit une excellente visibilit\u00e9 sur les poteaux, les murs ou lors d'\u00e9v\u00e9nements historiques et de reconstitutions.<\/p>\n<h3><strong>Un symbole du patrimoine royal<\/strong><\/h3>\n<p>La banni\u00e8re royale d'\u00c9cosse, \u00e9galement connue sous le nom de \"Lion rampant\", est un embl\u00e8me de la monarchie \u00e9cossaise. Le drapeau repr\u00e9sente un lion rouge se dressant sur ses pattes arri\u00e8re, entour\u00e9 d'une double bordure rouge avec des fleurs de lys, le tout sur un fond d'or. R\u00e9serv\u00e9 \u00e0 l'origine au roi d'\u00c9cosse, ce drapeau est aujourd'hui un symbole pr\u00e9cieux de l'h\u00e9ritage royal et de la fiert\u00e9 culturelle de l'\u00c9cosse.<\/p>\n<h3><strong>Polyvalence d'utilisation<\/strong><\/h3>\n<p>Parfaite pour les reconstitutions historiques, les c\u00e9l\u00e9brations culturelles, les objectifs \u00e9ducatifs ou les collections personnelles, la banni\u00e8re royale d'\u00c9cosse est une repr\u00e9sentation significative du pass\u00e9 royal et de la fiert\u00e9 nationale de l'\u00c9cosse. Ses couleurs r\u00e9sistantes \u00e0 la d\u00e9coloration et sa conception robuste lui permettent de conserver son \u00e9clat et son impact au fil du temps.<\/p>","protected":false},"excerpt":{"rendered":"<p>Drapeau de 150 x 90 cm avec 2 \u0153illets m\u00e9talliques robustes pour un accrochage s\u00fbr.<\/p>","protected":false},"featured_media":1356,"comment_status":"open","ping_status":"closed","template":"","meta":{"_gspb_post_css":"","iawp_total_views":19},"product_brand":[],"product_cat":[71,70],"product_tag":[],"class_list":{"0":"post-2529","1":"product","2":"type-product","3":"status-publish","4":"has-post-thumbnail","6":"product_cat-united-kingdom-regions-flags","7":"product_cat-regional-flags","9":"first","10":"instock","11":"sale","12":"shipping-taxable","13":"purchasable","14":"product-type-simple"},"_links":{"self":[{"href":"https:\/\/cosmoflag.com\/fr\/wp-json\/wp\/v2\/product\/2529","targetHints":{"allow":["GET"]}}],"collection":[{"href":"https:\/\/cosmoflag.com\/fr\/wp-json\/wp\/v2\/product"}],"about":[{"href":"https:\/\/cosmoflag.com\/fr\/wp-json\/wp\/v2\/types\/product"}],"replies":[{"embeddable":true,"href":"https:\/\/cosmoflag.com\/fr\/wp-json\/wp\/v2\/comments?post=2529"}],"wp:featuredmedia":[{"embeddable":true,"href":"https:\/\/cosmoflag.com\/fr\/wp-json\/wp\/v2\/media\/1356"}],"wp:attachment":[{"href":"https:\/\/cosmoflag.com\/fr\/wp-json\/wp\/v2\/media?parent=2529"}],"wp:term":[{"taxonomy":"product_brand","embeddable":true,"href":"https:\/\/cosmoflag.com\/fr\/wp-json\/wp\/v2\/product_brand?post=2529"},{"taxonomy":"product_cat","embeddable":true,"href":"https:\/\/cosmoflag.com\/fr\/wp-json\/wp\/v2\/product_cat?post=2529"},{"taxonomy":"product_tag","embeddable":true,"href":"https:\/\/cosmoflag.com\/fr\/wp-json\/wp\/v2\/product_tag?post=2529"}],"curies":[{"name":"wp","href":"https:\/\/api.w.org\/{rel}","templated":true}]}}