{"id":2528,"date":"2024-12-20T11:24:00","date_gmt":"2024-12-20T09:24:00","guid":{"rendered":"https:\/\/cosmoflag.com\/?post_type=product&#038;p=2528"},"modified":"2025-08-12T21:18:46","modified_gmt":"2025-08-12T19:18:46","slug":"drapeau-samoan","status":"publish","type":"product","link":"https:\/\/cosmoflag.com\/fr\/produit\/drapeau-samoan\/","title":{"rendered":"Drapeau des Samoa"},"content":{"rendered":"<h3><strong>Caract\u00e9ristiques du drapeau samoan<\/strong><\/h3>\n<p>Notre drapeau des Samoa est fabriqu\u00e9 en polyester de premi\u00e8re qualit\u00e9, ce qui lui conf\u00e8re une excellente durabilit\u00e9 pour une utilisation de longue dur\u00e9e \u00e0 l'int\u00e9rieur et \u00e0 l'ext\u00e9rieur. Il est dot\u00e9 d'\u0153illets m\u00e9talliques pour une installation facile et une tenue s\u00fbre, m\u00eame dans des conditions m\u00e9t\u00e9orologiques difficiles. Mesurant 90 x 150 cm, ce drapeau offre une excellente visibilit\u00e9 sur les poteaux, les murs ou lors d'\u00e9v\u00e9nements culturels et de c\u00e9l\u00e9brations.<\/p>\n<h3><strong>Un symbole d'unit\u00e9 et de tradition<\/strong><\/h3>\n<p>Le drapeau samoan, adopt\u00e9 officiellement en 1949, se caract\u00e9rise par un champ rouge vif symbolisant le courage, tandis que le canton bleu repr\u00e9sente la libert\u00e9. Les cinq \u00e9toiles blanches du canton repr\u00e9sentent la constellation de la Croix du Sud, embl\u00e8me de la situation g\u00e9ographique de Samoa et de son lien avec le Pacifique. Ce motif simple mais puissant refl\u00e8te l'ind\u00e9pendance, la fiert\u00e9 et les valeurs culturelles de la nation.<\/p>\n<h3><strong>Polyvalence d'utilisation<\/strong><\/h3>\n<p>Parfait pour les c\u00e9l\u00e9brations nationales, les festivals culturels, les expositions \u00e9ducatives ou les collections personnelles, le drapeau des Samoa est une repr\u00e9sentation significative de l'histoire et de l'identit\u00e9 de la nation. Ses couleurs r\u00e9sistantes \u00e0 la d\u00e9coloration et son design robuste lui permettent de rester vibrant et percutant au fil du temps.<\/p>","protected":false},"excerpt":{"rendered":"<p>Drapeau de 150 x 90 cm avec 2 \u0153illets m\u00e9talliques robustes pour un accrochage s\u00fbr.<\/p>","protected":false},"featured_media":1362,"comment_status":"open","ping_status":"closed","template":"","meta":{"_gspb_post_css":"","iawp_total_views":1},"product_brand":[],"product_cat":[67,58],"product_tag":[],"class_list":{"0":"post-2528","1":"product","2":"type-product","3":"status-publish","4":"has-post-thumbnail","6":"product_cat-oceania-flag","7":"product_cat-country-flags","9":"first","10":"instock","11":"sale","12":"shipping-taxable","13":"purchasable","14":"product-type-simple"},"_links":{"self":[{"href":"https:\/\/cosmoflag.com\/fr\/wp-json\/wp\/v2\/product\/2528","targetHints":{"allow":["GET"]}}],"collection":[{"href":"https:\/\/cosmoflag.com\/fr\/wp-json\/wp\/v2\/product"}],"about":[{"href":"https:\/\/cosmoflag.com\/fr\/wp-json\/wp\/v2\/types\/product"}],"replies":[{"embeddable":true,"href":"https:\/\/cosmoflag.com\/fr\/wp-json\/wp\/v2\/comments?post=2528"}],"wp:featuredmedia":[{"embeddable":true,"href":"https:\/\/cosmoflag.com\/fr\/wp-json\/wp\/v2\/media\/1362"}],"wp:attachment":[{"href":"https:\/\/cosmoflag.com\/fr\/wp-json\/wp\/v2\/media?parent=2528"}],"wp:term":[{"taxonomy":"product_brand","embeddable":true,"href":"https:\/\/cosmoflag.com\/fr\/wp-json\/wp\/v2\/product_brand?post=2528"},{"taxonomy":"product_cat","embeddable":true,"href":"https:\/\/cosmoflag.com\/fr\/wp-json\/wp\/v2\/product_cat?post=2528"},{"taxonomy":"product_tag","embeddable":true,"href":"https:\/\/cosmoflag.com\/fr\/wp-json\/wp\/v2\/product_tag?post=2528"}],"curies":[{"name":"wp","href":"https:\/\/api.w.org\/{rel}","templated":true}]}}