{"id":2524,"date":"2024-12-19T23:04:00","date_gmt":"2024-12-19T21:04:00","guid":{"rendered":"https:\/\/cosmoflag.com\/?post_type=product&#038;p=2524"},"modified":"2025-08-12T21:18:48","modified_gmt":"2025-08-12T19:18:48","slug":"drapeau-de-la-barbade","status":"publish","type":"product","link":"https:\/\/cosmoflag.com\/fr\/produit\/drapeau-de-la-barbade\/","title":{"rendered":"Drapeau de la Barbade"},"content":{"rendered":"<h3><strong>Caract\u00e9ristiques du drapeau de la Barbade<\/strong><\/h3>\n<p>Notre drapeau de la Barbade est fabriqu\u00e9 en polyester de premi\u00e8re qualit\u00e9, ce qui lui conf\u00e8re une excellente durabilit\u00e9 pour une utilisation prolong\u00e9e \u00e0 l'int\u00e9rieur et \u00e0 l'ext\u00e9rieur. Il est dot\u00e9 d'\u0153illets m\u00e9talliques pour une installation facile et une tenue s\u00fbre, m\u00eame dans des conditions m\u00e9t\u00e9orologiques difficiles. Mesurant 90 x 150 cm, ce drapeau assure une excellente visibilit\u00e9 sur les poteaux, les murs ou lors des c\u00e9l\u00e9brations nationales.<\/p>\n<h3><strong>Un symbole d'ind\u00e9pendance et de fiert\u00e9<\/strong><\/h3>\n<p>Le drapeau de la Barbade, officiellement adopt\u00e9 en 1966 lors de l'ind\u00e9pendance du pays, comporte trois bandes verticales : bleu outremer sur les c\u00f4t\u00e9s et jaune d'or au centre. Le bleu repr\u00e9sente la mer et le ciel, tandis que le jaune symbolise les plages de sable et la culture dynamique du pays. Au centre se trouve un trident bris\u00e9, repr\u00e9sentant la rupture avec la domination coloniale et la force de l'h\u00e9ritage barbadien.<\/p>\n<h3><strong>Polyvalence d'utilisation<\/strong><\/h3>\n<p>Parfait pour les c\u00e9l\u00e9brations nationales, les \u00e9v\u00e9nements culturels, les expositions \u00e9ducatives ou les collections personnelles, le drapeau de la Barbade est une repr\u00e9sentation significative de l'identit\u00e9 et de l'histoire de l'\u00eele. Ses couleurs r\u00e9sistantes \u00e0 la d\u00e9coloration et sa conception robuste lui permettent de conserver son \u00e9clat et son impact au fil du temps.<\/p>","protected":false},"excerpt":{"rendered":"<p>Drapeau de 150 x 90 cm avec 2 \u0153illets m\u00e9talliques robustes pour un accrochage s\u00fbr.<\/p>","protected":false},"featured_media":1484,"comment_status":"open","ping_status":"closed","template":"","meta":{"_gspb_post_css":"","iawp_total_views":3},"product_brand":[],"product_cat":[62,58],"product_tag":[],"class_list":{"0":"post-2524","1":"product","2":"type-product","3":"status-publish","4":"has-post-thumbnail","6":"product_cat-north-america-flags","7":"product_cat-country-flags","9":"first","10":"instock","11":"sale","12":"shipping-taxable","13":"purchasable","14":"product-type-simple"},"_links":{"self":[{"href":"https:\/\/cosmoflag.com\/fr\/wp-json\/wp\/v2\/product\/2524","targetHints":{"allow":["GET"]}}],"collection":[{"href":"https:\/\/cosmoflag.com\/fr\/wp-json\/wp\/v2\/product"}],"about":[{"href":"https:\/\/cosmoflag.com\/fr\/wp-json\/wp\/v2\/types\/product"}],"replies":[{"embeddable":true,"href":"https:\/\/cosmoflag.com\/fr\/wp-json\/wp\/v2\/comments?post=2524"}],"wp:featuredmedia":[{"embeddable":true,"href":"https:\/\/cosmoflag.com\/fr\/wp-json\/wp\/v2\/media\/1484"}],"wp:attachment":[{"href":"https:\/\/cosmoflag.com\/fr\/wp-json\/wp\/v2\/media?parent=2524"}],"wp:term":[{"taxonomy":"product_brand","embeddable":true,"href":"https:\/\/cosmoflag.com\/fr\/wp-json\/wp\/v2\/product_brand?post=2524"},{"taxonomy":"product_cat","embeddable":true,"href":"https:\/\/cosmoflag.com\/fr\/wp-json\/wp\/v2\/product_cat?post=2524"},{"taxonomy":"product_tag","embeddable":true,"href":"https:\/\/cosmoflag.com\/fr\/wp-json\/wp\/v2\/product_tag?post=2524"}],"curies":[{"name":"wp","href":"https:\/\/api.w.org\/{rel}","templated":true}]}}