{"id":2521,"date":"2024-12-19T22:25:00","date_gmt":"2024-12-19T20:25:00","guid":{"rendered":"https:\/\/cosmoflag.com\/?post_type=product&#038;p=2521"},"modified":"2025-08-12T21:20:25","modified_gmt":"2025-08-12T19:20:25","slug":"drapeau-des-comores","status":"publish","type":"product","link":"https:\/\/cosmoflag.com\/fr\/produit\/drapeau-des-comores\/","title":{"rendered":"Drapeau des Comores"},"content":{"rendered":"<h3><strong>Caract\u00e9ristiques du drapeau des Comores<\/strong><\/h3>\n<p>Notre drapeau des Comores est fabriqu\u00e9 en polyester de premi\u00e8re qualit\u00e9, ce qui lui conf\u00e8re une excellente durabilit\u00e9 pour une utilisation de longue dur\u00e9e \u00e0 l'int\u00e9rieur et \u00e0 l'ext\u00e9rieur. Il est dot\u00e9 d'\u0153illets m\u00e9talliques pour une installation facile et une tenue s\u00fbre, m\u00eame dans des conditions m\u00e9t\u00e9orologiques difficiles. Mesurant 90 x 150 cm, ce drapeau assure une excellente visibilit\u00e9 sur les poteaux, les murs ou lors d'\u00e9v\u00e9nements culturels et de c\u00e9l\u00e9brations.<\/p>\n<h3><strong>Un symbole d'unit\u00e9 et de diversit\u00e9 culturelle<\/strong><\/h3>\n<p>Le drapeau des Comores, officiellement adopt\u00e9 en 2002, comporte quatre bandes horizontales jaune, blanche, rouge et bleue, repr\u00e9sentant les quatre \u00eeles principales de l'archipel des Comores : Moh\u00e9li, Mayotte, Anjouan et Grande Comore. Le triangle vert du c\u00f4t\u00e9 du guindant contient un croissant blanc et quatre \u00e9toiles, qui symbolisent l'islam et l'unit\u00e9 entre les \u00eeles. Ce dessin vibrant refl\u00e8te la richesse de l'histoire et la diversit\u00e9 culturelle des Comores.<\/p>\n<h3><strong>Polyvalence d'utilisation<\/strong><\/h3>\n<p>Parfait pour les c\u00e9l\u00e9brations nationales, les \u00e9v\u00e9nements culturels, les expositions \u00e9ducatives ou les collections personnelles, le drapeau des Comores est une repr\u00e9sentation significative de l'identit\u00e9 et des valeurs de la nation. Ses couleurs r\u00e9sistantes \u00e0 la d\u00e9coloration et sa conception robuste garantissent qu'il restera vibrant et percutant au fil du temps.<\/p>","protected":false},"excerpt":{"rendered":"<p>Drapeau de 150 x 90 cm avec 2 \u0153illets m\u00e9talliques robustes pour un accrochage s\u00fbr.<\/p>","protected":false},"featured_media":1532,"comment_status":"open","ping_status":"closed","template":"","meta":{"_gspb_post_css":"","iawp_total_views":17},"product_brand":[],"product_cat":[60,58],"product_tag":[],"class_list":{"0":"post-2521","1":"product","2":"type-product","3":"status-publish","4":"has-post-thumbnail","6":"product_cat-africa-flags","7":"product_cat-country-flags","9":"first","10":"instock","11":"sale","12":"shipping-taxable","13":"purchasable","14":"product-type-simple"},"_links":{"self":[{"href":"https:\/\/cosmoflag.com\/fr\/wp-json\/wp\/v2\/product\/2521","targetHints":{"allow":["GET"]}}],"collection":[{"href":"https:\/\/cosmoflag.com\/fr\/wp-json\/wp\/v2\/product"}],"about":[{"href":"https:\/\/cosmoflag.com\/fr\/wp-json\/wp\/v2\/types\/product"}],"replies":[{"embeddable":true,"href":"https:\/\/cosmoflag.com\/fr\/wp-json\/wp\/v2\/comments?post=2521"}],"wp:featuredmedia":[{"embeddable":true,"href":"https:\/\/cosmoflag.com\/fr\/wp-json\/wp\/v2\/media\/1532"}],"wp:attachment":[{"href":"https:\/\/cosmoflag.com\/fr\/wp-json\/wp\/v2\/media?parent=2521"}],"wp:term":[{"taxonomy":"product_brand","embeddable":true,"href":"https:\/\/cosmoflag.com\/fr\/wp-json\/wp\/v2\/product_brand?post=2521"},{"taxonomy":"product_cat","embeddable":true,"href":"https:\/\/cosmoflag.com\/fr\/wp-json\/wp\/v2\/product_cat?post=2521"},{"taxonomy":"product_tag","embeddable":true,"href":"https:\/\/cosmoflag.com\/fr\/wp-json\/wp\/v2\/product_tag?post=2521"}],"curies":[{"name":"wp","href":"https:\/\/api.w.org\/{rel}","templated":true}]}}