{"id":2519,"date":"2024-12-19T22:03:00","date_gmt":"2024-12-19T20:03:00","guid":{"rendered":"https:\/\/cosmoflag.com\/?post_type=product&#038;p=2519"},"modified":"2025-08-12T21:20:26","modified_gmt":"2025-08-12T19:20:26","slug":"drapeau-de-la-croatie","status":"publish","type":"product","link":"https:\/\/cosmoflag.com\/fr\/produit\/drapeau-de-la-croatie\/","title":{"rendered":"Drapeau de la Croatie"},"content":{"rendered":"<p><strong>Caract\u00e9ristiques du drapeau de la Croatie<\/strong><\/p>\n<p>Notre drapeau de la Croatie est fabriqu\u00e9 en polyester de premi\u00e8re qualit\u00e9, garantissant une excellente durabilit\u00e9 pour une utilisation \u00e0 long terme \u00e0 l'int\u00e9rieur et \u00e0 l'ext\u00e9rieur. Il est dot\u00e9 d'\u0153illets m\u00e9talliques pour une installation facile et une tenue s\u00fbre, m\u00eame dans des conditions m\u00e9t\u00e9orologiques difficiles. Mesurant 90 x 150 cm, ce drapeau assure une excellente visibilit\u00e9 sur les poteaux, les murs ou lors d'\u00e9v\u00e9nements et de c\u00e9l\u00e9brations nationales.<\/p>\n<p><strong>Un symbole d'unit\u00e9 et de patrimoine<\/strong><\/p>\n<p>Le drapeau de la Croatie, officiellement adopt\u00e9 en 1990, se compose de trois bandes horizontales rouge, blanche et bleue, repr\u00e9sentant l'histoire de la Croatie et l'unit\u00e9 du peuple. Au centre se trouvent les armoiries, avec un motif en damier (rouge et blanc) symbolisant l'h\u00e9ritage de la nation. Au-dessus de l'\u00e9cu, cinq couronnes plus petites repr\u00e9sentent les r\u00e9gions historiques de la Croatie : Zagreb, Dubrovnik, la Dalmatie, l'Istrie et la Slavonie. Ce drapeau refl\u00e8te la richesse de l'histoire culturelle et la fiert\u00e9 nationale du pays.<\/p>\n<p><strong>Polyvalence d'utilisation<\/strong><\/p>\n<p>Parfait pour les c\u00e9l\u00e9brations nationales, les \u00e9v\u00e9nements culturels, les expositions \u00e9ducatives ou les collections personnelles, le drapeau de la Croatie est une repr\u00e9sentation significative de l'histoire et de l'identit\u00e9 de la nation. Ses couleurs r\u00e9sistantes \u00e0 la d\u00e9coloration et son design robuste lui permettent de rester vibrant et percutant au fil du temps.<\/p>","protected":false},"excerpt":{"rendered":"<p>Drapeau de 150 x 90 cm avec 2 \u0153illets m\u00e9talliques robustes pour un accrochage s\u00fbr.<\/p>","protected":false},"featured_media":1543,"comment_status":"open","ping_status":"closed","template":"","meta":{"_gspb_post_css":"","iawp_total_views":7},"product_brand":[],"product_cat":[65,58],"product_tag":[],"class_list":{"0":"post-2519","1":"product","2":"type-product","3":"status-publish","4":"has-post-thumbnail","6":"product_cat-europe-flags","7":"product_cat-country-flags","9":"first","10":"instock","11":"sale","12":"shipping-taxable","13":"purchasable","14":"product-type-simple"},"_links":{"self":[{"href":"https:\/\/cosmoflag.com\/fr\/wp-json\/wp\/v2\/product\/2519","targetHints":{"allow":["GET"]}}],"collection":[{"href":"https:\/\/cosmoflag.com\/fr\/wp-json\/wp\/v2\/product"}],"about":[{"href":"https:\/\/cosmoflag.com\/fr\/wp-json\/wp\/v2\/types\/product"}],"replies":[{"embeddable":true,"href":"https:\/\/cosmoflag.com\/fr\/wp-json\/wp\/v2\/comments?post=2519"}],"wp:featuredmedia":[{"embeddable":true,"href":"https:\/\/cosmoflag.com\/fr\/wp-json\/wp\/v2\/media\/1543"}],"wp:attachment":[{"href":"https:\/\/cosmoflag.com\/fr\/wp-json\/wp\/v2\/media?parent=2519"}],"wp:term":[{"taxonomy":"product_brand","embeddable":true,"href":"https:\/\/cosmoflag.com\/fr\/wp-json\/wp\/v2\/product_brand?post=2519"},{"taxonomy":"product_cat","embeddable":true,"href":"https:\/\/cosmoflag.com\/fr\/wp-json\/wp\/v2\/product_cat?post=2519"},{"taxonomy":"product_tag","embeddable":true,"href":"https:\/\/cosmoflag.com\/fr\/wp-json\/wp\/v2\/product_tag?post=2519"}],"curies":[{"name":"wp","href":"https:\/\/api.w.org\/{rel}","templated":true}]}}