{"id":2517,"date":"2024-12-19T21:54:00","date_gmt":"2024-12-19T19:54:00","guid":{"rendered":"https:\/\/cosmoflag.com\/?post_type=product&#038;p=2517"},"modified":"2026-02-17T15:27:05","modified_gmt":"2026-02-17T13:27:05","slug":"drapeau-de-lunion-europeenne","status":"publish","type":"product","link":"https:\/\/cosmoflag.com\/fr\/produit\/drapeau-de-lunion-europeenne\/","title":{"rendered":"Drapeau de l'Union europ\u00e9enne"},"content":{"rendered":"<h3><strong>Caract\u00e9ristiques du drapeau de l'Union europ\u00e9enne<\/strong><\/h3>\n<p>Notre drapeau de l'Union europ\u00e9enne est fabriqu\u00e9 en polyester de premi\u00e8re qualit\u00e9, ce qui lui conf\u00e8re une excellente durabilit\u00e9 pour une utilisation prolong\u00e9e \u00e0 l'int\u00e9rieur comme \u00e0 l'ext\u00e9rieur. Il comprend des \u0153illets m\u00e9talliques pour une installation facile et un maintien s\u00fbr, m\u00eame dans des conditions m\u00e9t\u00e9orologiques difficiles. Mesurant 90 x 150 cm, ce drapeau garantit une excellente visibilit\u00e9 sur les poteaux, les murs ou lors d'\u00e9v\u00e9nements officiels et culturels.<\/p>\n<h3><strong>Un symbole d'unit\u00e9 et de coop\u00e9ration<\/strong><\/h3>\n<p>Le drapeau de l'Union europ\u00e9enne, adopt\u00e9 en 1986, se caract\u00e9rise par un champ bleu fonc\u00e9 symbolisant l'unit\u00e9 et l'harmonie des peuples d'Europe. En son centre, douze \u00e9toiles dor\u00e9es dispos\u00e9es en cercle repr\u00e9sentent la solidarit\u00e9, la perfection et l'exhaustivit\u00e9, refl\u00e9tant les principes fondateurs de l'UE. Le drapeau est un symbole durable de la coop\u00e9ration, de la d\u00e9mocratie et des valeurs partag\u00e9es par les \u00c9tats membres.<\/p>\n<h3><strong>Polyvalence d'utilisation<\/strong><\/h3>\n<p>Parfait pour les \u00e9v\u00e9nements officiels, les activit\u00e9s \u00e9ducatives, les expositions culturelles ou les collections personnelles, le drapeau de l'UE est une repr\u00e9sentation significative de l'unit\u00e9 et de l'identit\u00e9 communes de l'Europe. Ses couleurs r\u00e9sistantes \u00e0 la d\u00e9coloration et sa conception robuste lui permettent de conserver son \u00e9clat et son impact au fil du temps.<\/p>","protected":false},"excerpt":{"rendered":"<p>Drapeau de 150 x 90 cm avec 2 \u0153illets m\u00e9talliques robustes pour un accrochage s\u00fbr.<\/p>","protected":false},"featured_media":1560,"comment_status":"open","ping_status":"closed","template":"","meta":{"_gspb_post_css":"","iawp_total_views":72},"product_brand":[],"product_cat":[68],"product_tag":[],"class_list":{"0":"post-2517","1":"product","2":"type-product","3":"status-publish","4":"has-post-thumbnail","6":"product_cat-official-flags","8":"first","9":"instock","10":"sale","11":"shipping-taxable","12":"purchasable","13":"product-type-simple"},"_links":{"self":[{"href":"https:\/\/cosmoflag.com\/fr\/wp-json\/wp\/v2\/product\/2517","targetHints":{"allow":["GET"]}}],"collection":[{"href":"https:\/\/cosmoflag.com\/fr\/wp-json\/wp\/v2\/product"}],"about":[{"href":"https:\/\/cosmoflag.com\/fr\/wp-json\/wp\/v2\/types\/product"}],"replies":[{"embeddable":true,"href":"https:\/\/cosmoflag.com\/fr\/wp-json\/wp\/v2\/comments?post=2517"}],"wp:featuredmedia":[{"embeddable":true,"href":"https:\/\/cosmoflag.com\/fr\/wp-json\/wp\/v2\/media\/1560"}],"wp:attachment":[{"href":"https:\/\/cosmoflag.com\/fr\/wp-json\/wp\/v2\/media?parent=2517"}],"wp:term":[{"taxonomy":"product_brand","embeddable":true,"href":"https:\/\/cosmoflag.com\/fr\/wp-json\/wp\/v2\/product_brand?post=2517"},{"taxonomy":"product_cat","embeddable":true,"href":"https:\/\/cosmoflag.com\/fr\/wp-json\/wp\/v2\/product_cat?post=2517"},{"taxonomy":"product_tag","embeddable":true,"href":"https:\/\/cosmoflag.com\/fr\/wp-json\/wp\/v2\/product_tag?post=2517"}],"curies":[{"name":"wp","href":"https:\/\/api.w.org\/{rel}","templated":true}]}}