{"id":2512,"date":"2024-12-19T20:54:00","date_gmt":"2024-12-19T18:54:00","guid":{"rendered":"https:\/\/cosmoflag.com\/?post_type=product&#038;p=2512"},"modified":"2025-11-27T20:53:32","modified_gmt":"2025-11-27T18:53:32","slug":"drapeau-de-guerre-imperial-allemand-sur-fond-rouge","status":"publish","type":"product","link":"https:\/\/cosmoflag.com\/fr\/produit\/drapeau-de-guerre-imperial-allemand-sur-fond-rouge\/","title":{"rendered":"Drapeau de guerre imp\u00e9rial allemand sur fond rouge"},"content":{"rendered":"<h3><strong>Drapeau de guerre imp\u00e9rial allemand Caract\u00e9ristiques<\/strong><\/h3>\n<p>Notre drapeau de guerre de l'Allemagne imp\u00e9riale est fabriqu\u00e9 en polyester de premi\u00e8re qualit\u00e9, ce qui garantit sa durabilit\u00e9 pour une utilisation \u00e0 long terme \u00e0 l'int\u00e9rieur et \u00e0 l'ext\u00e9rieur. Il est dot\u00e9 d'\u0153illets m\u00e9talliques pour une installation facile et une tenue s\u00fbre, m\u00eame dans des conditions m\u00e9t\u00e9orologiques difficiles. Mesurant 90 x 150 cm, ce drapeau offre une excellente visibilit\u00e9, qu'il soit d\u00e9ploy\u00e9 sur des poteaux, des murs ou lors de reconstitutions historiques.<\/p>\n<h3><strong>Un symbole de l'h\u00e9ritage militaire<\/strong><\/h3>\n<p>Le drapeau de guerre imp\u00e9rial allemand, avec un fond rouge, une croix noire et l'aigle embl\u00e9matique au centre, \u00e9tait un symbole important de la puissance militaire de l'Empire allemand \u00e0 la fin du XIXe si\u00e8cle et au d\u00e9but du XXe si\u00e8cle. La croix noire refl\u00e8te les insignes militaires allemands traditionnels, tandis que l'aigle symbolise la force et la souverainet\u00e9. Ce drapeau est un rappel historique d'une \u00e9poque importante de l'histoire europ\u00e9enne.<\/p>\n<h3><strong>Polyvalence d'utilisation<\/strong><\/h3>\n<p>Parfait pour les reconstitutions historiques, les expositions p\u00e9dagogiques, les \u00e9v\u00e9nements culturels ou comme \u00e9l\u00e9ment d'une collection personnelle, le drapeau de guerre allemand imp\u00e9rial est une repr\u00e9sentation significative de l'histoire militaire allemande. Ses couleurs r\u00e9sistantes \u00e0 la d\u00e9coloration et sa conception robuste garantissent qu'il restera vibrant et percutant au fil du temps.<\/p>","protected":false},"excerpt":{"rendered":"<p>Drapeau de 150 x 90 cm avec 2 \u0153illets m\u00e9talliques robustes pour un accrochage s\u00fbr.<\/p>","protected":false},"featured_media":1600,"comment_status":"open","ping_status":"closed","template":"","meta":{"_gspb_post_css":"","iawp_total_views":146},"product_brand":[],"product_cat":[69],"product_tag":[],"class_list":{"0":"post-2512","1":"product","2":"type-product","3":"status-publish","4":"has-post-thumbnail","6":"product_cat-historical-flags","8":"first","9":"instock","10":"sale","11":"shipping-taxable","12":"purchasable","13":"product-type-simple"},"_links":{"self":[{"href":"https:\/\/cosmoflag.com\/fr\/wp-json\/wp\/v2\/product\/2512","targetHints":{"allow":["GET"]}}],"collection":[{"href":"https:\/\/cosmoflag.com\/fr\/wp-json\/wp\/v2\/product"}],"about":[{"href":"https:\/\/cosmoflag.com\/fr\/wp-json\/wp\/v2\/types\/product"}],"replies":[{"embeddable":true,"href":"https:\/\/cosmoflag.com\/fr\/wp-json\/wp\/v2\/comments?post=2512"}],"wp:featuredmedia":[{"embeddable":true,"href":"https:\/\/cosmoflag.com\/fr\/wp-json\/wp\/v2\/media\/1600"}],"wp:attachment":[{"href":"https:\/\/cosmoflag.com\/fr\/wp-json\/wp\/v2\/media?parent=2512"}],"wp:term":[{"taxonomy":"product_brand","embeddable":true,"href":"https:\/\/cosmoflag.com\/fr\/wp-json\/wp\/v2\/product_brand?post=2512"},{"taxonomy":"product_cat","embeddable":true,"href":"https:\/\/cosmoflag.com\/fr\/wp-json\/wp\/v2\/product_cat?post=2512"},{"taxonomy":"product_tag","embeddable":true,"href":"https:\/\/cosmoflag.com\/fr\/wp-json\/wp\/v2\/product_tag?post=2512"}],"curies":[{"name":"wp","href":"https:\/\/api.w.org\/{rel}","templated":true}]}}