{"id":2510,"date":"2024-12-19T20:46:00","date_gmt":"2024-12-19T18:46:00","guid":{"rendered":"https:\/\/cosmoflag.com\/?post_type=product&#038;p=2510"},"modified":"2026-02-11T15:41:35","modified_gmt":"2026-02-11T13:41:35","slug":"drapeau-du-royaume-de-prusse","status":"publish","type":"product","link":"https:\/\/cosmoflag.com\/fr\/produit\/drapeau-du-royaume-de-prusse\/","title":{"rendered":"Drapeau du Royaume de Prusse"},"content":{"rendered":"<h3><strong>Drapeau du Royaume de Prusse Caract\u00e9ristiques<\/strong><\/h3>\n<p>Notre drapeau du Royaume de Prusse est fabriqu\u00e9 en polyester de premi\u00e8re qualit\u00e9, ce qui garantit sa durabilit\u00e9 pour une utilisation \u00e0 l'int\u00e9rieur comme \u00e0 l'ext\u00e9rieur. Il comprend des \u0153illets m\u00e9talliques pour une installation facile et une tenue s\u00fbre, m\u00eame dans des conditions m\u00e9t\u00e9orologiques difficiles. Mesurant 90 x 150 cm, ce drapeau assure une excellente visibilit\u00e9 sur les poteaux, les murs ou lors d'\u00e9v\u00e9nements historiques et de reconstitutions.<\/p>\n<h3><strong>Un symbole de force et de patrimoine<\/strong><\/h3>\n<p>Le drapeau du Royaume de Prusse, compos\u00e9 d'un aigle noir sur fond blanc avec une bordure noire, symbolise la force et la souverainet\u00e9 de l'\u00c9tat prussien. L'aigle, orn\u00e9 d'une couronne, d'un sceptre et d'un orbe, repr\u00e9sente l'autorit\u00e9 royale et la puissance militaire. Ce drapeau \u00e9tait un embl\u00e8me de premier plan \u00e0 l'apog\u00e9e de l'influence prussienne en Europe, refl\u00e9tant son h\u00e9ritage militaire et culturel.<\/p>\n<h3><strong>Polyvalence d'utilisation<\/strong><\/h3>\n<p>Parfait pour les reconstitutions historiques, les expositions p\u00e9dagogiques, les \u00e9v\u00e9nements culturels ou les collections personnelles, le drapeau du Royaume de Prusse est une repr\u00e9sentation significative de l'histoire europ\u00e9enne. Ses couleurs r\u00e9sistantes \u00e0 la d\u00e9coloration et sa conception robuste lui permettent de conserver son \u00e9clat et son impact au fil du temps.<\/p>","protected":false},"excerpt":{"rendered":"<p>Drapeau de 150 x 90 cm avec 2 \u0153illets m\u00e9talliques robustes pour un accrochage s\u00fbr.<\/p>","protected":false},"featured_media":1607,"comment_status":"open","ping_status":"closed","template":"","meta":{"_gspb_post_css":"","iawp_total_views":41},"product_brand":[],"product_cat":[69],"product_tag":[],"class_list":{"0":"post-2510","1":"product","2":"type-product","3":"status-publish","4":"has-post-thumbnail","6":"product_cat-historical-flags","8":"first","9":"instock","10":"sale","11":"shipping-taxable","12":"purchasable","13":"product-type-simple"},"_links":{"self":[{"href":"https:\/\/cosmoflag.com\/fr\/wp-json\/wp\/v2\/product\/2510","targetHints":{"allow":["GET"]}}],"collection":[{"href":"https:\/\/cosmoflag.com\/fr\/wp-json\/wp\/v2\/product"}],"about":[{"href":"https:\/\/cosmoflag.com\/fr\/wp-json\/wp\/v2\/types\/product"}],"replies":[{"embeddable":true,"href":"https:\/\/cosmoflag.com\/fr\/wp-json\/wp\/v2\/comments?post=2510"}],"wp:featuredmedia":[{"embeddable":true,"href":"https:\/\/cosmoflag.com\/fr\/wp-json\/wp\/v2\/media\/1607"}],"wp:attachment":[{"href":"https:\/\/cosmoflag.com\/fr\/wp-json\/wp\/v2\/media?parent=2510"}],"wp:term":[{"taxonomy":"product_brand","embeddable":true,"href":"https:\/\/cosmoflag.com\/fr\/wp-json\/wp\/v2\/product_brand?post=2510"},{"taxonomy":"product_cat","embeddable":true,"href":"https:\/\/cosmoflag.com\/fr\/wp-json\/wp\/v2\/product_cat?post=2510"},{"taxonomy":"product_tag","embeddable":true,"href":"https:\/\/cosmoflag.com\/fr\/wp-json\/wp\/v2\/product_tag?post=2510"}],"curies":[{"name":"wp","href":"https:\/\/api.w.org\/{rel}","templated":true}]}}