{"id":2507,"date":"2024-12-19T17:20:00","date_gmt":"2024-12-19T15:20:00","guid":{"rendered":"https:\/\/cosmoflag.com\/?post_type=product&#038;p=2507"},"modified":"2025-08-12T21:20:30","modified_gmt":"2025-08-12T19:20:30","slug":"drapeau-de-singapour","status":"publish","type":"product","link":"https:\/\/cosmoflag.com\/fr\/produit\/drapeau-de-singapour\/","title":{"rendered":"Drapeau de Singapour"},"content":{"rendered":"<h3><strong>Caract\u00e9ristiques du drapeau de Singapour<\/strong><\/h3>\n<p>Notre drapeau de Singapour est fabriqu\u00e9 en polyester de premi\u00e8re qualit\u00e9, ce qui garantit sa durabilit\u00e9 pour une utilisation int\u00e9rieure et ext\u00e9rieure. Il comprend des \u0153illets m\u00e9talliques pour une installation facile et un maintien s\u00fbr, m\u00eame dans des conditions m\u00e9t\u00e9orologiques d\u00e9favorables. Mesurant 90 x 150 cm, ce drapeau assure une excellente visibilit\u00e9 sur les poteaux, les murs ou lors des c\u00e9l\u00e9brations nationales.<\/p>\n<h3><strong>Un symbole de progr\u00e8s et d'harmonie<\/strong><\/h3>\n<p>Le drapeau de Singapour, adopt\u00e9 officiellement en 1959, comporte deux bandes horizontales : le rouge symbolise la fraternit\u00e9 et l'\u00e9galit\u00e9 universelles, tandis que le blanc repr\u00e9sente la puret\u00e9 et la vertu. Dans le coin sup\u00e9rieur gauche, un croissant de lune symbolise une jeune nation en plein essor, accompagn\u00e9 de cinq \u00e9toiles dispos\u00e9es en cercle, repr\u00e9sentant la d\u00e9mocratie, la paix, le progr\u00e8s, la justice et l'\u00e9galit\u00e9. Ensemble, ces \u00e9l\u00e9ments refl\u00e8tent les aspirations et les valeurs de Singapour.<\/p>\n<h3><strong>Polyvalence d'utilisation<\/strong><\/h3>\n<p>Parfait pour les c\u00e9l\u00e9brations nationales, les \u00e9v\u00e9nements culturels, \u00e0 des fins \u00e9ducatives ou dans le cadre d'une collection personnelle, le drapeau de Singapour est une repr\u00e9sentation significative de l'identit\u00e9 et des r\u00e9alisations du pays. Ses couleurs r\u00e9sistantes \u00e0 la d\u00e9coloration et son design robuste lui permettent de rester vibrant et percutant au fil du temps.<\/p>","protected":false},"excerpt":{"rendered":"<p>Drapeau de 150 x 90 cm avec 2 \u0153illets m\u00e9talliques robustes pour un accrochage s\u00fbr.<\/p>","protected":false},"featured_media":1671,"comment_status":"open","ping_status":"closed","template":"","meta":{"_gspb_post_css":"","iawp_total_views":3},"product_brand":[],"product_cat":[64,58],"product_tag":[],"class_list":{"0":"post-2507","1":"product","2":"type-product","3":"status-publish","4":"has-post-thumbnail","6":"product_cat-asia-flags","7":"product_cat-country-flags","9":"first","10":"instock","11":"sale","12":"shipping-taxable","13":"purchasable","14":"product-type-simple"},"_links":{"self":[{"href":"https:\/\/cosmoflag.com\/fr\/wp-json\/wp\/v2\/product\/2507","targetHints":{"allow":["GET"]}}],"collection":[{"href":"https:\/\/cosmoflag.com\/fr\/wp-json\/wp\/v2\/product"}],"about":[{"href":"https:\/\/cosmoflag.com\/fr\/wp-json\/wp\/v2\/types\/product"}],"replies":[{"embeddable":true,"href":"https:\/\/cosmoflag.com\/fr\/wp-json\/wp\/v2\/comments?post=2507"}],"wp:featuredmedia":[{"embeddable":true,"href":"https:\/\/cosmoflag.com\/fr\/wp-json\/wp\/v2\/media\/1671"}],"wp:attachment":[{"href":"https:\/\/cosmoflag.com\/fr\/wp-json\/wp\/v2\/media?parent=2507"}],"wp:term":[{"taxonomy":"product_brand","embeddable":true,"href":"https:\/\/cosmoflag.com\/fr\/wp-json\/wp\/v2\/product_brand?post=2507"},{"taxonomy":"product_cat","embeddable":true,"href":"https:\/\/cosmoflag.com\/fr\/wp-json\/wp\/v2\/product_cat?post=2507"},{"taxonomy":"product_tag","embeddable":true,"href":"https:\/\/cosmoflag.com\/fr\/wp-json\/wp\/v2\/product_tag?post=2507"}],"curies":[{"name":"wp","href":"https:\/\/api.w.org\/{rel}","templated":true}]}}