{"id":2506,"date":"2024-12-19T16:09:00","date_gmt":"2024-12-19T14:09:00","guid":{"rendered":"https:\/\/cosmoflag.com\/?post_type=product&#038;p=2506"},"modified":"2025-08-12T21:20:30","modified_gmt":"2025-08-12T19:20:30","slug":"drapeau-du-sri-lanka","status":"publish","type":"product","link":"https:\/\/cosmoflag.com\/fr\/produit\/drapeau-du-sri-lanka\/","title":{"rendered":"Drapeau du Sri Lanka"},"content":{"rendered":"<h3><strong>Caract\u00e9ristiques du drapeau du Sri Lanka<\/strong><\/h3>\n<p>Notre drapeau du Sri Lanka est fabriqu\u00e9 en polyester de premi\u00e8re qualit\u00e9, ce qui garantit sa durabilit\u00e9 pour une utilisation \u00e0 l'int\u00e9rieur comme \u00e0 l'ext\u00e9rieur. Il est dot\u00e9 d'\u0153illets m\u00e9talliques pour une installation facile et un maintien s\u00fbr, m\u00eame dans des conditions m\u00e9t\u00e9orologiques difficiles. Mesurant 90 x 150 cm, ce drapeau offre une excellente visibilit\u00e9 sur les poteaux, les murs ou lors de c\u00e9l\u00e9brations culturelles.<\/p>\n<h3><strong>Un symbole de diversit\u00e9 et d'unit\u00e9<\/strong><\/h3>\n<p>Le drapeau du Sri Lanka, \u00e9galement connu sous le nom de \"drapeau du lion\", est une puissante repr\u00e9sentation de la diversit\u00e9 culturelle et de l'histoire du pays. Le lion dor\u00e9 tenant une \u00e9p\u00e9e symbolise la force et la bravoure, tandis que les quatre feuilles de l'arbre Bo dans chaque coin repr\u00e9sentent le bouddhisme et son influence sur le pays. Les bandes verticales verte et orange symbolisent l'harmonie entre les communaut\u00e9s tamoule et musulmane de l'\u00eele, tandis que la bordure jaune symbolise l'unit\u00e9. Adopt\u00e9 en 1951, le drapeau refl\u00e8te les aspirations du Sri Lanka \u00e0 la paix et \u00e0 l'unit\u00e9.<\/p>\n<h3><strong>Polyvalence d'utilisation<\/strong><\/h3>\n<p>Parfait pour les c\u00e9l\u00e9brations nationales, les \u00e9v\u00e9nements religieux, \u00e0 des fins \u00e9ducatives ou dans le cadre d'une collection personnelle, le drapeau du Sri Lanka est une repr\u00e9sentation significative de l'histoire et des valeurs du pays. Ses couleurs r\u00e9sistantes \u00e0 la d\u00e9coloration et sa conception robuste lui permettent de conserver son \u00e9clat et son impact au fil du temps.<\/p>","protected":false},"excerpt":{"rendered":"<p>Drapeau de 150 x 90 cm avec 2 \u0153illets m\u00e9talliques robustes pour un accrochage s\u00fbr.<\/p>","protected":false},"featured_media":1676,"comment_status":"open","ping_status":"closed","template":"","meta":{"_gspb_post_css":"","iawp_total_views":33},"product_brand":[],"product_cat":[64,58],"product_tag":[],"class_list":{"0":"post-2506","1":"product","2":"type-product","3":"status-publish","4":"has-post-thumbnail","6":"product_cat-asia-flags","7":"product_cat-country-flags","9":"first","10":"instock","11":"sale","12":"shipping-taxable","13":"purchasable","14":"product-type-simple"},"_links":{"self":[{"href":"https:\/\/cosmoflag.com\/fr\/wp-json\/wp\/v2\/product\/2506","targetHints":{"allow":["GET"]}}],"collection":[{"href":"https:\/\/cosmoflag.com\/fr\/wp-json\/wp\/v2\/product"}],"about":[{"href":"https:\/\/cosmoflag.com\/fr\/wp-json\/wp\/v2\/types\/product"}],"replies":[{"embeddable":true,"href":"https:\/\/cosmoflag.com\/fr\/wp-json\/wp\/v2\/comments?post=2506"}],"wp:featuredmedia":[{"embeddable":true,"href":"https:\/\/cosmoflag.com\/fr\/wp-json\/wp\/v2\/media\/1676"}],"wp:attachment":[{"href":"https:\/\/cosmoflag.com\/fr\/wp-json\/wp\/v2\/media?parent=2506"}],"wp:term":[{"taxonomy":"product_brand","embeddable":true,"href":"https:\/\/cosmoflag.com\/fr\/wp-json\/wp\/v2\/product_brand?post=2506"},{"taxonomy":"product_cat","embeddable":true,"href":"https:\/\/cosmoflag.com\/fr\/wp-json\/wp\/v2\/product_cat?post=2506"},{"taxonomy":"product_tag","embeddable":true,"href":"https:\/\/cosmoflag.com\/fr\/wp-json\/wp\/v2\/product_tag?post=2506"}],"curies":[{"name":"wp","href":"https:\/\/api.w.org\/{rel}","templated":true}]}}