{"id":2502,"date":"2024-12-19T15:32:00","date_gmt":"2024-12-19T13:32:00","guid":{"rendered":"https:\/\/cosmoflag.com\/?post_type=product&#038;p=2502"},"modified":"2025-08-12T21:20:31","modified_gmt":"2025-08-12T19:20:31","slug":"drapeau-du-tennessee","status":"publish","type":"product","link":"https:\/\/cosmoflag.com\/fr\/produit\/drapeau-du-tennessee\/","title":{"rendered":"Drapeau du Tennessee"},"content":{"rendered":"<h3><strong>Caract\u00e9ristiques du drapeau du Tennessee<\/strong><\/h3>\n<p>Notre drapeau du Tennessee est fabriqu\u00e9 en polyester de premi\u00e8re qualit\u00e9, ce qui lui conf\u00e8re une excellente durabilit\u00e9, tant \u00e0 l'int\u00e9rieur qu'\u00e0 l'ext\u00e9rieur. Il est dot\u00e9 d'\u0153illets m\u00e9talliques pour une installation facile et un maintien s\u00fbr, m\u00eame dans des conditions m\u00e9t\u00e9orologiques difficiles. Mesurant 90 x 150 cm, ce drapeau offre une visibilit\u00e9 exceptionnelle sur les poteaux, les murs ou lors de c\u00e9l\u00e9brations publiques.<\/p>\n<h3><strong>Un symbole de patrimoine et d'unit\u00e9<\/strong><\/h3>\n<p>Le drapeau de l'\u00c9tat du Tennessee, officiellement adopt\u00e9 en 1905, se caract\u00e9rise par un champ rouge frappant avec une barre bleue \u00e0 l'extr\u00e9mit\u00e9 du battant. En son centre, un cercle bleu entoure trois \u00e9toiles blanches, repr\u00e9sentant les trois r\u00e9gions g\u00e9ographiques distinctes de l'\u00c9tat, \u00e0 savoir le Tennessee oriental, le Tennessee moyen et le Tennessee occidental, r\u00e9unies en une seule. Con\u00e7u par le colonel LeRoy Reeves, ce drapeau incarne la richesse de l'histoire, de la culture et de l'unit\u00e9 du Tennessee.<\/p>\n<h3><strong>Polyvalence d'utilisation<\/strong><\/h3>\n<p>Parfait pour les c\u00e9l\u00e9brations de l'\u00c9tat, les \u00e9v\u00e9nements culturels, \u00e0 des fins \u00e9ducatives ou dans le cadre d'une collection personnelle, le drapeau du Tennessee est une repr\u00e9sentation significative de l'identit\u00e9 et de la fiert\u00e9 de l'\u00c9tat. Ses couleurs r\u00e9sistantes \u00e0 la d\u00e9coloration et son design robuste lui permettent de rester vibrant et percutant au fil du temps.<\/p>","protected":false},"excerpt":{"rendered":"<p>Drapeau de 150 x 90 cm avec 2 \u0153illets m\u00e9talliques robustes pour un accrochage s\u00fbr.<\/p>","protected":false},"featured_media":1709,"comment_status":"open","ping_status":"closed","template":"","meta":{"_gspb_post_css":"","iawp_total_views":5},"product_brand":[],"product_cat":[72,70],"product_tag":[],"class_list":{"0":"post-2502","1":"product","2":"type-product","3":"status-publish","4":"has-post-thumbnail","6":"product_cat-american-state-flags","7":"product_cat-regional-flags","9":"first","10":"instock","11":"sale","12":"shipping-taxable","13":"purchasable","14":"product-type-simple"},"_links":{"self":[{"href":"https:\/\/cosmoflag.com\/fr\/wp-json\/wp\/v2\/product\/2502","targetHints":{"allow":["GET"]}}],"collection":[{"href":"https:\/\/cosmoflag.com\/fr\/wp-json\/wp\/v2\/product"}],"about":[{"href":"https:\/\/cosmoflag.com\/fr\/wp-json\/wp\/v2\/types\/product"}],"replies":[{"embeddable":true,"href":"https:\/\/cosmoflag.com\/fr\/wp-json\/wp\/v2\/comments?post=2502"}],"wp:featuredmedia":[{"embeddable":true,"href":"https:\/\/cosmoflag.com\/fr\/wp-json\/wp\/v2\/media\/1709"}],"wp:attachment":[{"href":"https:\/\/cosmoflag.com\/fr\/wp-json\/wp\/v2\/media?parent=2502"}],"wp:term":[{"taxonomy":"product_brand","embeddable":true,"href":"https:\/\/cosmoflag.com\/fr\/wp-json\/wp\/v2\/product_brand?post=2502"},{"taxonomy":"product_cat","embeddable":true,"href":"https:\/\/cosmoflag.com\/fr\/wp-json\/wp\/v2\/product_cat?post=2502"},{"taxonomy":"product_tag","embeddable":true,"href":"https:\/\/cosmoflag.com\/fr\/wp-json\/wp\/v2\/product_tag?post=2502"}],"curies":[{"name":"wp","href":"https:\/\/api.w.org\/{rel}","templated":true}]}}