{"id":2499,"date":"2024-12-19T14:48:00","date_gmt":"2024-12-19T12:48:00","guid":{"rendered":"https:\/\/cosmoflag.com\/?post_type=product&#038;p=2499"},"modified":"2025-08-12T21:20:35","modified_gmt":"2025-08-12T19:20:35","slug":"drapeau-du-turkmenistan","status":"publish","type":"product","link":"https:\/\/cosmoflag.com\/fr\/produit\/drapeau-du-turkmenistan\/","title":{"rendered":"Drapeau du Turkm\u00e9nistan"},"content":{"rendered":"<h3><strong>Caract\u00e9ristiques du drapeau du Turkm\u00e9nistan<\/strong><\/h3>\n<p>Notre drapeau du Turkm\u00e9nistan est fabriqu\u00e9 en polyester de premi\u00e8re qualit\u00e9, garantissant une excellente durabilit\u00e9 pour une utilisation \u00e0 long terme \u00e0 l'int\u00e9rieur et \u00e0 l'ext\u00e9rieur. Il est dot\u00e9 d'\u0153illets en m\u00e9tal pour une installation facile et un maintien s\u00fbr, m\u00eame dans des conditions m\u00e9t\u00e9orologiques difficiles. Mesurant 90 x 150 cm, ce drapeau garantit une visibilit\u00e9 exceptionnelle pour une exposition sur des poteaux, des murs ou lors d'\u00e9v\u00e9nements nationaux.<\/p>\n<h3><strong>Un symbole unique de culture et d'identit\u00e9<\/strong><\/h3>\n<p>Le drapeau du Turkm\u00e9nistan, officiellement adopt\u00e9 en 1992, est l'un des drapeaux nationaux les plus complexes au monde. Le champ vert repr\u00e9sente l'islam et l'h\u00e9ritage de la nation, tandis que la bande verticale rouge pr\u00e8s du guindant contient cinq motifs de tapis traditionnels symbolisant les cinq principales tribus du Turkm\u00e9nistan. Le croissant de lune et les cinq \u00e9toiles blanches repr\u00e9sentent l'espoir et l'unit\u00e9 des r\u00e9gions. Ensemble, ces \u00e9l\u00e9ments refl\u00e8tent la richesse de l'histoire et la fiert\u00e9 culturelle du Turkm\u00e9nistan.<\/p>\n<h3><strong>Polyvalence d'utilisation<\/strong><\/h3>\n<p>Parfait pour les c\u00e9l\u00e9brations nationales, les \u00e9v\u00e9nements culturels, \u00e0 des fins \u00e9ducatives ou dans le cadre d'une collection personnelle, le drapeau du Turkm\u00e9nistan est une repr\u00e9sentation significative de l'identit\u00e9 du pays. Son design robuste et ses couleurs r\u00e9sistantes \u00e0 la d\u00e9coloration lui permettent de conserver son \u00e9clat et son impact au fil du temps.<\/p>","protected":false},"excerpt":{"rendered":"<p>Drapeau de 150 x 90 cm avec 2 \u0153illets m\u00e9talliques robustes pour un accrochage s\u00fbr.<\/p>","protected":false},"featured_media":1742,"comment_status":"open","ping_status":"closed","template":"","meta":{"_gspb_post_css":"","iawp_total_views":3},"product_brand":[],"product_cat":[64,58],"product_tag":[],"class_list":{"0":"post-2499","1":"product","2":"type-product","3":"status-publish","4":"has-post-thumbnail","6":"product_cat-asia-flags","7":"product_cat-country-flags","9":"first","10":"instock","11":"sale","12":"shipping-taxable","13":"purchasable","14":"product-type-simple"},"_links":{"self":[{"href":"https:\/\/cosmoflag.com\/fr\/wp-json\/wp\/v2\/product\/2499","targetHints":{"allow":["GET"]}}],"collection":[{"href":"https:\/\/cosmoflag.com\/fr\/wp-json\/wp\/v2\/product"}],"about":[{"href":"https:\/\/cosmoflag.com\/fr\/wp-json\/wp\/v2\/types\/product"}],"replies":[{"embeddable":true,"href":"https:\/\/cosmoflag.com\/fr\/wp-json\/wp\/v2\/comments?post=2499"}],"wp:featuredmedia":[{"embeddable":true,"href":"https:\/\/cosmoflag.com\/fr\/wp-json\/wp\/v2\/media\/1742"}],"wp:attachment":[{"href":"https:\/\/cosmoflag.com\/fr\/wp-json\/wp\/v2\/media?parent=2499"}],"wp:term":[{"taxonomy":"product_brand","embeddable":true,"href":"https:\/\/cosmoflag.com\/fr\/wp-json\/wp\/v2\/product_brand?post=2499"},{"taxonomy":"product_cat","embeddable":true,"href":"https:\/\/cosmoflag.com\/fr\/wp-json\/wp\/v2\/product_cat?post=2499"},{"taxonomy":"product_tag","embeddable":true,"href":"https:\/\/cosmoflag.com\/fr\/wp-json\/wp\/v2\/product_tag?post=2499"}],"curies":[{"name":"wp","href":"https:\/\/api.w.org\/{rel}","templated":true}]}}