{"id":2497,"date":"2024-12-19T14:41:00","date_gmt":"2024-12-19T12:41:00","guid":{"rendered":"https:\/\/cosmoflag.com\/?post_type=product&#038;p=2497"},"modified":"2025-08-12T21:20:36","modified_gmt":"2025-08-12T19:20:36","slug":"drapeau-du-yemen","status":"publish","type":"product","link":"https:\/\/cosmoflag.com\/fr\/produit\/drapeau-du-yemen\/","title":{"rendered":"Drapeau du Y\u00e9men"},"content":{"rendered":"<h3><strong>Caract\u00e9ristiques du drapeau du Y\u00e9men<\/strong><\/h3>\n<p>Notre drapeau du Y\u00e9men est fabriqu\u00e9 en polyester de haute qualit\u00e9, ce qui garantit une utilisation durable \u00e0 l'int\u00e9rieur et \u00e0 l'ext\u00e9rieur. Il est dot\u00e9 d'\u0153illets m\u00e9talliques pour une installation facile et une tenue s\u00fbre, m\u00eame dans des conditions m\u00e9t\u00e9orologiques d\u00e9favorables. Mesurant 90 x 150 cm, ce drapeau garantit une excellente visibilit\u00e9, qu'il soit d\u00e9ploy\u00e9 sur des poteaux, des murs ou lors d'\u00e9v\u00e9nements nationaux.<\/p>\n<h3><strong>Un symbole d'unit\u00e9 et d'ind\u00e9pendance<\/strong><\/h3>\n<p>Le drapeau du Y\u00e9men, officiellement adopt\u00e9 en 1990 \u00e0 la suite de l'unification du Y\u00e9men du Nord et du Sud, comporte trois bandes horizontales rouge, blanche et noire. Le rouge symbolise le sang de ceux qui se sont sacrifi\u00e9s pour l'ind\u00e9pendance, le blanc repr\u00e9sente l'espoir et un avenir radieux, tandis que le noir symbolise les luttes historiques du pays. Ce motif simple mais significatif incarne la fiert\u00e9 et les aspirations du Y\u00e9men.<\/p>\n<h3><strong>Polyvalence d'utilisation<\/strong><\/h3>\n<p>Parfait pour les c\u00e9l\u00e9brations nationales, les \u00e9v\u00e9nements culturels, \u00e0 des fins \u00e9ducatives ou dans le cadre d'une collection personnelle, le drapeau du Y\u00e9men est une repr\u00e9sentation significative de l'identit\u00e9 et de l'h\u00e9ritage du pays. Sa conception robuste et ses couleurs r\u00e9sistantes \u00e0 la d\u00e9coloration lui permettent de conserver son \u00e9clat et sa signification au fil du temps.<\/p>","protected":false},"excerpt":{"rendered":"<p>Drapeau de 150 x 90 cm avec 2 \u0153illets m\u00e9talliques robustes pour un accrochage s\u00fbr.<\/p>","protected":false},"featured_media":1782,"comment_status":"open","ping_status":"closed","template":"","meta":{"_gspb_post_css":"","iawp_total_views":0},"product_brand":[],"product_cat":[66,58],"product_tag":[],"class_list":{"0":"post-2497","1":"product","2":"type-product","3":"status-publish","4":"has-post-thumbnail","6":"product_cat-middle-east-flags","7":"product_cat-country-flags","9":"first","10":"instock","11":"sale","12":"shipping-taxable","13":"purchasable","14":"product-type-simple"},"_links":{"self":[{"href":"https:\/\/cosmoflag.com\/fr\/wp-json\/wp\/v2\/product\/2497","targetHints":{"allow":["GET"]}}],"collection":[{"href":"https:\/\/cosmoflag.com\/fr\/wp-json\/wp\/v2\/product"}],"about":[{"href":"https:\/\/cosmoflag.com\/fr\/wp-json\/wp\/v2\/types\/product"}],"replies":[{"embeddable":true,"href":"https:\/\/cosmoflag.com\/fr\/wp-json\/wp\/v2\/comments?post=2497"}],"wp:featuredmedia":[{"embeddable":true,"href":"https:\/\/cosmoflag.com\/fr\/wp-json\/wp\/v2\/media\/1782"}],"wp:attachment":[{"href":"https:\/\/cosmoflag.com\/fr\/wp-json\/wp\/v2\/media?parent=2497"}],"wp:term":[{"taxonomy":"product_brand","embeddable":true,"href":"https:\/\/cosmoflag.com\/fr\/wp-json\/wp\/v2\/product_brand?post=2497"},{"taxonomy":"product_cat","embeddable":true,"href":"https:\/\/cosmoflag.com\/fr\/wp-json\/wp\/v2\/product_cat?post=2497"},{"taxonomy":"product_tag","embeddable":true,"href":"https:\/\/cosmoflag.com\/fr\/wp-json\/wp\/v2\/product_tag?post=2497"}],"curies":[{"name":"wp","href":"https:\/\/api.w.org\/{rel}","templated":true}]}}