{"id":2496,"date":"2024-12-19T14:39:00","date_gmt":"2024-12-19T12:39:00","guid":{"rendered":"https:\/\/cosmoflag.com\/?post_type=product&#038;p=2496"},"modified":"2025-08-12T21:20:37","modified_gmt":"2025-08-12T19:20:37","slug":"drapeau-du-zimbabwe","status":"publish","type":"product","link":"https:\/\/cosmoflag.com\/fr\/produit\/drapeau-du-zimbabwe\/","title":{"rendered":"Drapeau du Zimbabwe"},"content":{"rendered":"<h3><strong>Caract\u00e9ristiques du drapeau du Zimbabwe<\/strong><\/h3>\n<p>Notre drapeau du Zimbabwe est fabriqu\u00e9 en polyester de premi\u00e8re qualit\u00e9, ce qui garantit une utilisation durable \u00e0 l'int\u00e9rieur et \u00e0 l'ext\u00e9rieur. Il est dot\u00e9 d'\u0153illets m\u00e9talliques pour une installation facile et un maintien s\u00fbr, m\u00eame dans des conditions m\u00e9t\u00e9orologiques d\u00e9favorables. Mesurant 90 x 150 cm, ce drapeau offre une excellente visibilit\u00e9 sur les poteaux, les murs ou lors de c\u00e9l\u00e9brations publiques.<\/p>\n<h3><strong>Un symbole de libert\u00e9 et d'unit\u00e9<\/strong><\/h3>\n<p>Le drapeau du Zimbabwe, adopt\u00e9 officiellement en 1980, comporte sept bandes horizontales vertes, dor\u00e9es, rouges et noires. Le vert repr\u00e9sente la richesse agricole du pays, l'or symbolise les ressources min\u00e9rales, le rouge refl\u00e8te les sacrifices de ceux qui se sont battus pour la libert\u00e9, et le noir signifie l'h\u00e9ritage et le peuple du Zimbabwe. Le triangle blanc contient une \u00e9toile rouge \u00e0 cinq branches avec un oiseau du Grand Zimbabwe, qui repr\u00e9sente la paix, la libert\u00e9 et la riche histoire culturelle du pays.<\/p>\n<h3><strong>Polyvalence d'utilisation<\/strong><\/h3>\n<p>Parfait pour les c\u00e9l\u00e9brations nationales, les \u00e9v\u00e9nements culturels, \u00e0 des fins \u00e9ducatives ou dans le cadre d'une collection personnelle, le drapeau du Zimbabwe est une repr\u00e9sentation significative de la fiert\u00e9 et de l'identit\u00e9 du pays. Sa conception robuste et ses couleurs r\u00e9sistantes \u00e0 la d\u00e9coloration lui permettent de conserver son \u00e9clat et son impact au fil du temps.<\/p>","protected":false},"excerpt":{"rendered":"<p>Drapeau de 150 x 90 cm avec 2 \u0153illets m\u00e9talliques robustes pour un accrochage s\u00fbr.<\/p>","protected":false},"featured_media":1788,"comment_status":"open","ping_status":"closed","template":"","meta":{"_gspb_post_css":"","iawp_total_views":3},"product_brand":[],"product_cat":[60,58],"product_tag":[],"class_list":{"0":"post-2496","1":"product","2":"type-product","3":"status-publish","4":"has-post-thumbnail","6":"product_cat-africa-flags","7":"product_cat-country-flags","9":"first","10":"instock","11":"sale","12":"shipping-taxable","13":"purchasable","14":"product-type-simple"},"_links":{"self":[{"href":"https:\/\/cosmoflag.com\/fr\/wp-json\/wp\/v2\/product\/2496","targetHints":{"allow":["GET"]}}],"collection":[{"href":"https:\/\/cosmoflag.com\/fr\/wp-json\/wp\/v2\/product"}],"about":[{"href":"https:\/\/cosmoflag.com\/fr\/wp-json\/wp\/v2\/types\/product"}],"replies":[{"embeddable":true,"href":"https:\/\/cosmoflag.com\/fr\/wp-json\/wp\/v2\/comments?post=2496"}],"wp:featuredmedia":[{"embeddable":true,"href":"https:\/\/cosmoflag.com\/fr\/wp-json\/wp\/v2\/media\/1788"}],"wp:attachment":[{"href":"https:\/\/cosmoflag.com\/fr\/wp-json\/wp\/v2\/media?parent=2496"}],"wp:term":[{"taxonomy":"product_brand","embeddable":true,"href":"https:\/\/cosmoflag.com\/fr\/wp-json\/wp\/v2\/product_brand?post=2496"},{"taxonomy":"product_cat","embeddable":true,"href":"https:\/\/cosmoflag.com\/fr\/wp-json\/wp\/v2\/product_cat?post=2496"},{"taxonomy":"product_tag","embeddable":true,"href":"https:\/\/cosmoflag.com\/fr\/wp-json\/wp\/v2\/product_tag?post=2496"}],"curies":[{"name":"wp","href":"https:\/\/api.w.org\/{rel}","templated":true}]}}