{"id":2494,"date":"2024-12-19T14:31:00","date_gmt":"2024-12-19T12:31:00","guid":{"rendered":"https:\/\/cosmoflag.com\/?post_type=product&#038;p=2494"},"modified":"2025-08-12T21:20:37","modified_gmt":"2025-08-12T19:20:37","slug":"drapeau-de-plongee","status":"publish","type":"product","link":"https:\/\/cosmoflag.com\/fr\/produit\/drapeau-de-plongee\/","title":{"rendered":"Drapeau de plong\u00e9e"},"content":{"rendered":"<h3><strong>Caract\u00e9ristiques du pavillon de plong\u00e9e<\/strong><\/h3>\n<p>Notre drapeau de plong\u00e9e est fabriqu\u00e9 en polyester de premi\u00e8re qualit\u00e9, ce qui lui conf\u00e8re une excellente durabilit\u00e9 pour une utilisation \u00e0 l'int\u00e9rieur comme \u00e0 l'ext\u00e9rieur. Il comprend des \u0153illets m\u00e9talliques pour une installation facile et une fixation s\u00fbre sur les m\u00e2ts ou les bateaux. Mesurant 90 x 150 cm, ce drapeau offre une visibilit\u00e9 exceptionnelle, m\u00eame \u00e0 distance, ce qui en fait un outil de s\u00e9curit\u00e9 essentiel pour les activit\u00e9s de plong\u00e9e.<\/p>\n<h3><strong>Un symbole universel de s\u00e9curit\u00e9<\/strong><\/h3>\n<p>Le drapeau de plong\u00e9e rouge avec une bande blanche diagonale est un symbole mondialement reconnu pour les activit\u00e9s de plong\u00e9e sous-marine et de plong\u00e9e avec tuba. Il signale la pr\u00e9sence de plongeurs sous la surface et avertit les bateaux et embarcations \u00e0 proximit\u00e9 de maintenir une distance de s\u00e9curit\u00e9. Ce drapeau est une exigence de s\u00e9curit\u00e9 essentielle pour les plongeurs, car il garantit une interaction s\u00fbre et respectueuse avec les environnements marins.<\/p>\n<h3><strong>Polyvalence d'utilisation<\/strong><\/h3>\n<p>Parfait pour les bateaux de plong\u00e9e, les navires priv\u00e9s ou les programmes de plong\u00e9e \u00e9ducatifs, le drapeau de plong\u00e9e est indispensable \u00e0 toute personne participant \u00e0 des activit\u00e9s sous-marines. Sa conception robuste et ses couleurs r\u00e9sistantes \u00e0 la d\u00e9coloration garantissent une performance fiable et une visibilit\u00e9 durable dans des conditions marines difficiles.<\/p>","protected":false},"excerpt":{"rendered":"<p>Drapeau de 150 x 90 cm avec 2 \u0153illets m\u00e9talliques robustes pour un accrochage s\u00fbr.<\/p>","protected":false},"featured_media":1869,"comment_status":"open","ping_status":"closed","template":"","meta":{"_gspb_post_css":"","iawp_total_views":14},"product_brand":[],"product_cat":[68],"product_tag":[],"class_list":{"0":"post-2494","1":"product","2":"type-product","3":"status-publish","4":"has-post-thumbnail","6":"product_cat-official-flags","8":"first","9":"instock","10":"sale","11":"shipping-taxable","12":"purchasable","13":"product-type-simple"},"_links":{"self":[{"href":"https:\/\/cosmoflag.com\/fr\/wp-json\/wp\/v2\/product\/2494","targetHints":{"allow":["GET"]}}],"collection":[{"href":"https:\/\/cosmoflag.com\/fr\/wp-json\/wp\/v2\/product"}],"about":[{"href":"https:\/\/cosmoflag.com\/fr\/wp-json\/wp\/v2\/types\/product"}],"replies":[{"embeddable":true,"href":"https:\/\/cosmoflag.com\/fr\/wp-json\/wp\/v2\/comments?post=2494"}],"wp:featuredmedia":[{"embeddable":true,"href":"https:\/\/cosmoflag.com\/fr\/wp-json\/wp\/v2\/media\/1869"}],"wp:attachment":[{"href":"https:\/\/cosmoflag.com\/fr\/wp-json\/wp\/v2\/media?parent=2494"}],"wp:term":[{"taxonomy":"product_brand","embeddable":true,"href":"https:\/\/cosmoflag.com\/fr\/wp-json\/wp\/v2\/product_brand?post=2494"},{"taxonomy":"product_cat","embeddable":true,"href":"https:\/\/cosmoflag.com\/fr\/wp-json\/wp\/v2\/product_cat?post=2494"},{"taxonomy":"product_tag","embeddable":true,"href":"https:\/\/cosmoflag.com\/fr\/wp-json\/wp\/v2\/product_tag?post=2494"}],"curies":[{"name":"wp","href":"https:\/\/api.w.org\/{rel}","templated":true}]}}