{"id":2493,"date":"2024-12-19T14:24:00","date_gmt":"2024-12-19T12:24:00","guid":{"rendered":"https:\/\/cosmoflag.com\/?post_type=product&#038;p=2493"},"modified":"2025-08-12T21:20:38","modified_gmt":"2025-08-12T19:20:38","slug":"drapeau-de-letat-de-floride","status":"publish","type":"product","link":"https:\/\/cosmoflag.com\/fr\/produit\/drapeau-de-letat-de-floride\/","title":{"rendered":"Drapeau de l'\u00c9tat de Floride"},"content":{"rendered":"<h3><strong>Caract\u00e9ristiques du drapeau de l'\u00c9tat de Floride<\/strong><\/h3>\n<p>Notre drapeau de l'\u00c9tat de Floride est fabriqu\u00e9 en polyester de premi\u00e8re qualit\u00e9, offrant une excellente durabilit\u00e9 pour l'affichage \u00e0 l'int\u00e9rieur et \u00e0 l'ext\u00e9rieur. Il comprend des \u0153illets m\u00e9talliques pour une installation facile et un maintien s\u00fbr, m\u00eame dans des conditions m\u00e9t\u00e9orologiques d\u00e9favorables. Mesurant 90 x 150 cm, ce drapeau assure une visibilit\u00e9 exceptionnelle pour les poteaux, les murs ou les c\u00e9l\u00e9brations publiques.<\/p>\n<h3><strong>Un symbole du patrimoine de la Floride<\/strong><\/h3>\n<p>Le drapeau de l'\u00c9tat de Floride se compose d'un champ blanc avec une croix rouge de Saint-Andr\u00e9 et le sceau de l'\u00c9tat au centre. Le sceau repr\u00e9sente une femme s\u00e9minole, un bateau \u00e0 vapeur et un paysage naturel luxuriant, symbolisant la riche histoire de la Floride, la diversit\u00e9 de sa culture et l'abondance de ses ressources naturelles. Officiellement adopt\u00e9 en 1900, ce drapeau incarne l'identit\u00e9 unique et la r\u00e9silience du Sunshine State.<\/p>\n<h3><strong>Polyvalence d'utilisation<\/strong><\/h3>\n<p>Parfait pour les c\u00e9l\u00e9brations de l'\u00c9tat, les \u00e9v\u00e9nements culturels, les objectifs \u00e9ducatifs ou les collections personnelles, le drapeau de l'\u00c9tat de Floride est un ajout significatif \u00e0 n'importe quel environnement. Ses couleurs r\u00e9sistantes \u00e0 la d\u00e9coloration et sa conception robuste lui permettent de conserver sa signification symbolique et son impact visuel au fil du temps.<\/p>","protected":false},"excerpt":{"rendered":"<p>Drapeau de 150 x 90 cm avec 2 \u0153illets m\u00e9talliques robustes pour un accrochage s\u00fbr.<\/p>","protected":false},"featured_media":1918,"comment_status":"open","ping_status":"closed","template":"","meta":{"_gspb_post_css":"","iawp_total_views":0},"product_brand":[],"product_cat":[72,70],"product_tag":[],"class_list":{"0":"post-2493","1":"product","2":"type-product","3":"status-publish","4":"has-post-thumbnail","6":"product_cat-american-state-flags","7":"product_cat-regional-flags","9":"first","10":"instock","11":"sale","12":"shipping-taxable","13":"purchasable","14":"product-type-simple"},"_links":{"self":[{"href":"https:\/\/cosmoflag.com\/fr\/wp-json\/wp\/v2\/product\/2493","targetHints":{"allow":["GET"]}}],"collection":[{"href":"https:\/\/cosmoflag.com\/fr\/wp-json\/wp\/v2\/product"}],"about":[{"href":"https:\/\/cosmoflag.com\/fr\/wp-json\/wp\/v2\/types\/product"}],"replies":[{"embeddable":true,"href":"https:\/\/cosmoflag.com\/fr\/wp-json\/wp\/v2\/comments?post=2493"}],"wp:featuredmedia":[{"embeddable":true,"href":"https:\/\/cosmoflag.com\/fr\/wp-json\/wp\/v2\/media\/1918"}],"wp:attachment":[{"href":"https:\/\/cosmoflag.com\/fr\/wp-json\/wp\/v2\/media?parent=2493"}],"wp:term":[{"taxonomy":"product_brand","embeddable":true,"href":"https:\/\/cosmoflag.com\/fr\/wp-json\/wp\/v2\/product_brand?post=2493"},{"taxonomy":"product_cat","embeddable":true,"href":"https:\/\/cosmoflag.com\/fr\/wp-json\/wp\/v2\/product_cat?post=2493"},{"taxonomy":"product_tag","embeddable":true,"href":"https:\/\/cosmoflag.com\/fr\/wp-json\/wp\/v2\/product_tag?post=2493"}],"curies":[{"name":"wp","href":"https:\/\/api.w.org\/{rel}","templated":true}]}}