{"id":2491,"date":"2024-12-19T14:12:00","date_gmt":"2024-12-19T12:12:00","guid":{"rendered":"https:\/\/cosmoflag.com\/?post_type=product&#038;p=2491"},"modified":"2025-08-12T21:20:38","modified_gmt":"2025-08-12T19:20:38","slug":"drapeau-franconien","status":"publish","type":"product","link":"https:\/\/cosmoflag.com\/fr\/produit\/drapeau-franconien\/","title":{"rendered":"Drapeau de la Franconie"},"content":{"rendered":"<h3><strong>Caract\u00e9ristiques du drapeau de la Franconie<\/strong><\/h3>\n<p>Notre drapeau de la Franconie est fabriqu\u00e9 en polyester de premi\u00e8re qualit\u00e9, ce qui garantit sa durabilit\u00e9 et sa r\u00e9sistance pour une utilisation \u00e0 l'int\u00e9rieur comme \u00e0 l'ext\u00e9rieur. \u00c9quip\u00e9 d'\u0153illets m\u00e9talliques pour une installation facile, il garantit un affichage s\u00fbr, m\u00eame dans des conditions m\u00e9t\u00e9orologiques d\u00e9favorables. Mesurant 90 x 150 cm, ce drapeau assure une excellente visibilit\u00e9, ce qui le rend adapt\u00e9 aux poteaux, aux murs ou aux \u00e9v\u00e9nements publics.<\/p>\n<h3><strong>Un symbole du patrimoine franconien<\/strong><\/h3>\n<p>Le drapeau de la Franconie se compose de deux bandes horizontales, rouge et blanche, sur lesquelles figure en bonne place l'embl\u00e9matique r\u00e2teau de Franconie (trois pointes blanches sur fond rouge). Le r\u00e2teau de Franconie est un embl\u00e8me historique de la r\u00e9gion, qui symbolise son identit\u00e9, son unit\u00e9 et son profond h\u00e9ritage culturel. Ce drapeau est une fi\u00e8re repr\u00e9sentation de la Franconie, une r\u00e9gion du sud de l'Allemagne riche en traditions et en histoire.<\/p>\n<h3><strong>Polyvalence d'utilisation<\/strong><\/h3>\n<p>Parfait pour les c\u00e9l\u00e9brations r\u00e9gionales, les \u00e9v\u00e9nements culturels, les expositions \u00e9ducatives ou comme \u00e9l\u00e9ment d'une collection personnelle, le drapeau de la Franconie est une repr\u00e9sentation significative de l'identit\u00e9 et de la fiert\u00e9 franconiennes. Ses couleurs r\u00e9sistantes \u00e0 la d\u00e9coloration et sa conception robuste garantissent qu'il restera vibrant et percutant au fil du temps.<\/p>","protected":false},"excerpt":{"rendered":"<p>Drapeau de 150 x 90 cm avec 2 \u0153illets m\u00e9talliques robustes pour un accrochage s\u00fbr.<\/p>","protected":false},"featured_media":1932,"comment_status":"open","ping_status":"closed","template":"","meta":{"_gspb_post_css":"","iawp_total_views":3},"product_brand":[],"product_cat":[77,70],"product_tag":[],"class_list":{"0":"post-2491","1":"product","2":"type-product","3":"status-publish","4":"has-post-thumbnail","6":"product_cat-german-state-flags","7":"product_cat-regional-flags","9":"first","10":"instock","11":"sale","12":"shipping-taxable","13":"purchasable","14":"product-type-simple"},"_links":{"self":[{"href":"https:\/\/cosmoflag.com\/fr\/wp-json\/wp\/v2\/product\/2491","targetHints":{"allow":["GET"]}}],"collection":[{"href":"https:\/\/cosmoflag.com\/fr\/wp-json\/wp\/v2\/product"}],"about":[{"href":"https:\/\/cosmoflag.com\/fr\/wp-json\/wp\/v2\/types\/product"}],"replies":[{"embeddable":true,"href":"https:\/\/cosmoflag.com\/fr\/wp-json\/wp\/v2\/comments?post=2491"}],"wp:featuredmedia":[{"embeddable":true,"href":"https:\/\/cosmoflag.com\/fr\/wp-json\/wp\/v2\/media\/1932"}],"wp:attachment":[{"href":"https:\/\/cosmoflag.com\/fr\/wp-json\/wp\/v2\/media?parent=2491"}],"wp:term":[{"taxonomy":"product_brand","embeddable":true,"href":"https:\/\/cosmoflag.com\/fr\/wp-json\/wp\/v2\/product_brand?post=2491"},{"taxonomy":"product_cat","embeddable":true,"href":"https:\/\/cosmoflag.com\/fr\/wp-json\/wp\/v2\/product_cat?post=2491"},{"taxonomy":"product_tag","embeddable":true,"href":"https:\/\/cosmoflag.com\/fr\/wp-json\/wp\/v2\/product_tag?post=2491"}],"curies":[{"name":"wp","href":"https:\/\/api.w.org\/{rel}","templated":true}]}}