{"id":2488,"date":"2024-12-19T14:07:00","date_gmt":"2024-12-19T12:07:00","guid":{"rendered":"https:\/\/cosmoflag.com\/?post_type=product&#038;p=2488"},"modified":"2025-08-12T21:20:39","modified_gmt":"2025-08-12T19:20:39","slug":"drapeau-guyanais","status":"publish","type":"product","link":"https:\/\/cosmoflag.com\/fr\/produit\/drapeau-guyanais\/","title":{"rendered":"Drapeau de la Guyane"},"content":{"rendered":"<h3><strong>Caract\u00e9ristiques du drapeau guyanais<\/strong><\/h3>\n<p>Notre drapeau de la Guyane est fabriqu\u00e9 en polyester de premi\u00e8re qualit\u00e9, ce qui lui conf\u00e8re une grande durabilit\u00e9, tant \u00e0 l'int\u00e9rieur qu'\u00e0 l'ext\u00e9rieur. Il est dot\u00e9 d'\u0153illets m\u00e9talliques pour une installation facile et un maintien s\u00fbr, m\u00eame dans des conditions m\u00e9t\u00e9orologiques d\u00e9favorables. Mesurant 90 x 150 cm, ce drapeau offre une excellente visibilit\u00e9 sur les poteaux, les murs ou lors d'\u00e9v\u00e9nements nationaux.<\/p>\n<h3><strong>Un symbole de fiert\u00e9 et de progr\u00e8s<\/strong><\/h3>\n<p>Le drapeau de la Guyane, connu sous le nom de \"Golden Arrowhead\", a \u00e9t\u00e9 officiellement adopt\u00e9 en 1966 lors de l'accession \u00e0 l'ind\u00e9pendance. Sa conception dynamique comprend un champ vert repr\u00e9sentant les for\u00eats et l'agriculture du pays, une pointe de fl\u00e8che dor\u00e9e symbolisant les richesses min\u00e9rales de la nation, et une bordure noire indiquant la r\u00e9silience. Le triangle rouge repr\u00e9sente l'esprit de dynamisme et l'ardeur \u00e0 construire un avenir radieux. Ce drapeau incarne les aspirations et l'unit\u00e9 du peuple guyanais.<\/p>\n<h3><strong>Polyvalence d'utilisation<\/strong><\/h3>\n<p>Parfait pour les c\u00e9l\u00e9brations nationales, les \u00e9v\u00e9nements culturels, les objectifs \u00e9ducatifs ou les collections personnelles, le drapeau de la Guyane est un ajout polyvalent \u00e0 n'importe quel environnement. Ses couleurs r\u00e9sistantes \u00e0 la d\u00e9coloration et son design robuste lui permettent de rester vibrant et percutant pendant des ann\u00e9es.<\/p>","protected":false},"excerpt":{"rendered":"<p>Drapeau de 150 x 90 cm avec 2 \u0153illets m\u00e9talliques robustes pour un accrochage s\u00fbr.<\/p>","protected":false},"featured_media":1949,"comment_status":"open","ping_status":"closed","template":"","meta":{"_gspb_post_css":"","iawp_total_views":9},"product_brand":[],"product_cat":[63,58],"product_tag":[],"class_list":{"0":"post-2488","1":"product","2":"type-product","3":"status-publish","4":"has-post-thumbnail","6":"product_cat-south-america-flag","7":"product_cat-country-flags","9":"first","10":"instock","11":"sale","12":"shipping-taxable","13":"purchasable","14":"product-type-simple"},"_links":{"self":[{"href":"https:\/\/cosmoflag.com\/fr\/wp-json\/wp\/v2\/product\/2488","targetHints":{"allow":["GET"]}}],"collection":[{"href":"https:\/\/cosmoflag.com\/fr\/wp-json\/wp\/v2\/product"}],"about":[{"href":"https:\/\/cosmoflag.com\/fr\/wp-json\/wp\/v2\/types\/product"}],"replies":[{"embeddable":true,"href":"https:\/\/cosmoflag.com\/fr\/wp-json\/wp\/v2\/comments?post=2488"}],"wp:featuredmedia":[{"embeddable":true,"href":"https:\/\/cosmoflag.com\/fr\/wp-json\/wp\/v2\/media\/1949"}],"wp:attachment":[{"href":"https:\/\/cosmoflag.com\/fr\/wp-json\/wp\/v2\/media?parent=2488"}],"wp:term":[{"taxonomy":"product_brand","embeddable":true,"href":"https:\/\/cosmoflag.com\/fr\/wp-json\/wp\/v2\/product_brand?post=2488"},{"taxonomy":"product_cat","embeddable":true,"href":"https:\/\/cosmoflag.com\/fr\/wp-json\/wp\/v2\/product_cat?post=2488"},{"taxonomy":"product_tag","embeddable":true,"href":"https:\/\/cosmoflag.com\/fr\/wp-json\/wp\/v2\/product_tag?post=2488"}],"curies":[{"name":"wp","href":"https:\/\/api.w.org\/{rel}","templated":true}]}}