{"id":2487,"date":"2024-12-19T14:03:00","date_gmt":"2024-12-19T12:03:00","guid":{"rendered":"https:\/\/cosmoflag.com\/?post_type=product&#038;p=2487"},"modified":"2025-08-12T21:20:39","modified_gmt":"2025-08-12T19:20:39","slug":"drapeau-haitien","status":"publish","type":"product","link":"https:\/\/cosmoflag.com\/fr\/produit\/drapeau-haitien\/","title":{"rendered":"Drapeau d'Ha\u00efti"},"content":{"rendered":"<h3><strong>Caract\u00e9ristiques du drapeau ha\u00eftien<\/strong><\/h3>\n<p>Notre drapeau ha\u00eftien est fabriqu\u00e9 en polyester de premi\u00e8re qualit\u00e9, ce qui garantit sa durabilit\u00e9 \u00e0 l'int\u00e9rieur comme \u00e0 l'ext\u00e9rieur. Il est dot\u00e9 d'\u0153illets m\u00e9talliques pour une installation facile et une tenue s\u00fbre, m\u00eame dans des conditions m\u00e9t\u00e9orologiques difficiles. Mesurant 90 x 150 cm, ce drapeau offre une excellente visibilit\u00e9, qu'il soit d\u00e9ploy\u00e9 sur un m\u00e2t, un mur ou lors de c\u00e9l\u00e9brations nationales.<\/p>\n<h3><strong>Un symbole de fiert\u00e9 et de libert\u00e9<\/strong><\/h3>\n<p>Le drapeau ha\u00eftien, officiellement adopt\u00e9 en 1986, pr\u00e9sente deux bandes horizontales bleue et rouge, symbolisant l'unit\u00e9 et la force. En son centre se trouvent les armoiries du pays sur un panneau blanc, repr\u00e9sentant le c\u00e9l\u00e8bre palmier surmont\u00e9 du bonnet phrygien, symbole de la libert\u00e9. Des canons, des drapeaux et d'autres symboles d'ind\u00e9pendance entourent l'arbre, comm\u00e9morant la lutte d'Ha\u00efti pour la libert\u00e9 en tant que premi\u00e8re r\u00e9publique noire ind\u00e9pendante.<\/p>\n<h3><strong>Polyvalence d'utilisation<\/strong><\/h3>\n<p>Parfait pour les c\u00e9l\u00e9brations nationales, les \u00e9v\u00e9nements culturels, \u00e0 des fins \u00e9ducatives ou dans le cadre d'une collection personnelle, le drapeau d'Ha\u00efti est une repr\u00e9sentation significative de l'histoire et de l'identit\u00e9 du pays. Sa conception robuste et ses couleurs r\u00e9sistantes \u00e0 la d\u00e9coloration lui permettent de conserver sa signification symbolique et son impact visuel au fil du temps.<\/p>","protected":false},"excerpt":{"rendered":"<p>Drapeau de 150 x 90 cm avec 2 \u0153illets m\u00e9talliques robustes pour un accrochage s\u00fbr.<\/p>","protected":false},"featured_media":1963,"comment_status":"open","ping_status":"closed","template":"","meta":{"_gspb_post_css":"","iawp_total_views":13},"product_brand":[],"product_cat":[62,58],"product_tag":[],"class_list":{"0":"post-2487","1":"product","2":"type-product","3":"status-publish","4":"has-post-thumbnail","6":"product_cat-north-america-flags","7":"product_cat-country-flags","9":"first","10":"instock","11":"sale","12":"shipping-taxable","13":"purchasable","14":"product-type-simple"},"_links":{"self":[{"href":"https:\/\/cosmoflag.com\/fr\/wp-json\/wp\/v2\/product\/2487","targetHints":{"allow":["GET"]}}],"collection":[{"href":"https:\/\/cosmoflag.com\/fr\/wp-json\/wp\/v2\/product"}],"about":[{"href":"https:\/\/cosmoflag.com\/fr\/wp-json\/wp\/v2\/types\/product"}],"replies":[{"embeddable":true,"href":"https:\/\/cosmoflag.com\/fr\/wp-json\/wp\/v2\/comments?post=2487"}],"wp:featuredmedia":[{"embeddable":true,"href":"https:\/\/cosmoflag.com\/fr\/wp-json\/wp\/v2\/media\/1963"}],"wp:attachment":[{"href":"https:\/\/cosmoflag.com\/fr\/wp-json\/wp\/v2\/media?parent=2487"}],"wp:term":[{"taxonomy":"product_brand","embeddable":true,"href":"https:\/\/cosmoflag.com\/fr\/wp-json\/wp\/v2\/product_brand?post=2487"},{"taxonomy":"product_cat","embeddable":true,"href":"https:\/\/cosmoflag.com\/fr\/wp-json\/wp\/v2\/product_cat?post=2487"},{"taxonomy":"product_tag","embeddable":true,"href":"https:\/\/cosmoflag.com\/fr\/wp-json\/wp\/v2\/product_tag?post=2487"}],"curies":[{"name":"wp","href":"https:\/\/api.w.org\/{rel}","templated":true}]}}