{"id":2486,"date":"2024-12-19T14:01:00","date_gmt":"2024-12-19T12:01:00","guid":{"rendered":"https:\/\/cosmoflag.com\/?post_type=product&#038;p=2486"},"modified":"2025-08-12T21:20:39","modified_gmt":"2025-08-12T19:20:39","slug":"drapeau-hawaien","status":"publish","type":"product","link":"https:\/\/cosmoflag.com\/fr\/produit\/drapeau-hawaien\/","title":{"rendered":"Drapeau hawa\u00efen"},"content":{"rendered":"<h3><strong>Caract\u00e9ristiques du drapeau hawa\u00efen<\/strong><\/h3>\n<p>Notre drapeau hawa\u00efen est fabriqu\u00e9 en polyester de premi\u00e8re qualit\u00e9, ce qui garantit sa durabilit\u00e9 pour une utilisation int\u00e9rieure et ext\u00e9rieure. Il est dot\u00e9 d'\u0153illets m\u00e9talliques pour une installation facile et une tenue fiable, m\u00eame dans des conditions m\u00e9t\u00e9orologiques d\u00e9favorables. Mesurant 90 x 150 cm, ce drapeau offre une excellente visibilit\u00e9, qu'il soit d\u00e9ploy\u00e9 sur des poteaux, des murs ou lors de c\u00e9l\u00e9brations culturelles.<\/p>\n<h3><strong>Un symbole unique de l'h\u00e9ritage hawa\u00efen<\/strong><\/h3>\n<p>Le drapeau hawa\u00efen, \u00e9galement connu sous le nom de \"Ka Hae Hawai'i\", combine de mani\u00e8re unique des \u00e9l\u00e9ments de l'histoire hawa\u00efenne et des liens avec la Grande-Bretagne. Le drapeau comporte huit bandes horizontales blanches, rouges et bleues, repr\u00e9sentant les huit \u00eeles principales d'Hawa\u00ef. L'Union Jack dans le coin sup\u00e9rieur gauche refl\u00e8te les relations historiques avec la Grande-Bretagne. Adopt\u00e9 en 1845, ce drapeau est un symbole de l'identit\u00e9 culturelle et de la souverainet\u00e9 d'Hawa\u00ef.<\/p>\n<h3><strong>Polyvalence d'utilisation<\/strong><\/h3>\n<p>Parfait pour les \u00e9v\u00e9nements culturels, les c\u00e9l\u00e9brations de l'\u00c9tat, les objectifs \u00e9ducatifs ou en tant que symbole de fiert\u00e9, le drapeau hawa\u00efen est un ajout polyvalent \u00e0 n'importe quel environnement. Son design robuste et ses couleurs r\u00e9sistantes \u00e0 la d\u00e9coloration lui permettent de rester vibrant et percutant pendant des ann\u00e9es.<\/p>","protected":false},"excerpt":{"rendered":"<p>Drapeau de 150 x 90 cm avec 2 \u0153illets m\u00e9talliques robustes pour un accrochage s\u00fbr.<\/p>","protected":false},"featured_media":1970,"comment_status":"open","ping_status":"closed","template":"","meta":{"_gspb_post_css":"","iawp_total_views":1},"product_brand":[],"product_cat":[72,70],"product_tag":[],"class_list":{"0":"post-2486","1":"product","2":"type-product","3":"status-publish","4":"has-post-thumbnail","6":"product_cat-american-state-flags","7":"product_cat-regional-flags","9":"first","10":"instock","11":"sale","12":"shipping-taxable","13":"purchasable","14":"product-type-simple"},"_links":{"self":[{"href":"https:\/\/cosmoflag.com\/fr\/wp-json\/wp\/v2\/product\/2486","targetHints":{"allow":["GET"]}}],"collection":[{"href":"https:\/\/cosmoflag.com\/fr\/wp-json\/wp\/v2\/product"}],"about":[{"href":"https:\/\/cosmoflag.com\/fr\/wp-json\/wp\/v2\/types\/product"}],"replies":[{"embeddable":true,"href":"https:\/\/cosmoflag.com\/fr\/wp-json\/wp\/v2\/comments?post=2486"}],"wp:featuredmedia":[{"embeddable":true,"href":"https:\/\/cosmoflag.com\/fr\/wp-json\/wp\/v2\/media\/1970"}],"wp:attachment":[{"href":"https:\/\/cosmoflag.com\/fr\/wp-json\/wp\/v2\/media?parent=2486"}],"wp:term":[{"taxonomy":"product_brand","embeddable":true,"href":"https:\/\/cosmoflag.com\/fr\/wp-json\/wp\/v2\/product_brand?post=2486"},{"taxonomy":"product_cat","embeddable":true,"href":"https:\/\/cosmoflag.com\/fr\/wp-json\/wp\/v2\/product_cat?post=2486"},{"taxonomy":"product_tag","embeddable":true,"href":"https:\/\/cosmoflag.com\/fr\/wp-json\/wp\/v2\/product_tag?post=2486"}],"curies":[{"name":"wp","href":"https:\/\/api.w.org\/{rel}","templated":true}]}}