{"id":2484,"date":"2024-12-19T13:53:00","date_gmt":"2024-12-19T11:53:00","guid":{"rendered":"https:\/\/cosmoflag.com\/?post_type=product&#038;p=2484"},"modified":"2025-08-12T21:20:40","modified_gmt":"2025-08-12T19:20:40","slug":"drapeau-du-kosovo","status":"publish","type":"product","link":"https:\/\/cosmoflag.com\/fr\/produit\/drapeau-du-kosovo\/","title":{"rendered":"Drapeau du Kosovo"},"content":{"rendered":"<h3><strong>Caract\u00e9ristiques du drapeau du Kosovo<\/strong><\/h3>\n<p>Notre drapeau du Kosovo est fabriqu\u00e9 en polyester de qualit\u00e9 sup\u00e9rieure, ce qui garantit sa durabilit\u00e9 pour une utilisation prolong\u00e9e \u00e0 l'int\u00e9rieur comme \u00e0 l'ext\u00e9rieur. Il comprend des \u0153illets m\u00e9talliques pour une installation facile et un maintien s\u00fbr, m\u00eame dans des conditions m\u00e9t\u00e9orologiques difficiles. Mesurant 90 x 150 cm, ce drapeau offre une excellente visibilit\u00e9 et peut \u00eatre affich\u00e9 sur des poteaux, des murs ou lors de c\u00e9l\u00e9brations nationales.<\/p>\n<h3><strong>Un symbole d'ind\u00e9pendance et d'unit\u00e9<\/strong><\/h3>\n<p>Le drapeau du Kosovo, officiellement adopt\u00e9 en 2008, repr\u00e9sente l'ind\u00e9pendance et l'identit\u00e9 multiculturelle de la nation. Le drapeau pr\u00e9sente un fond bleu avec, au centre, le contour dor\u00e9 du Kosovo, entour\u00e9 de six \u00e9toiles blanches. Chaque \u00e9toile symbolise l'un des principaux groupes ethniques du Kosovo, refl\u00e9tant ainsi l'unit\u00e9 et la diversit\u00e9 de son peuple. Ce dessin incarne les aspirations du Kosovo \u00e0 la paix et \u00e0 la reconnaissance.<\/p>\n<h3><strong>Polyvalence d'utilisation<\/strong><\/h3>\n<p>Parfait pour les \u00e9v\u00e9nements nationaux, les c\u00e9l\u00e9brations culturelles, les objectifs \u00e9ducatifs ou les collections personnelles, le drapeau du Kosovo est un ajout polyvalent et significatif \u00e0 n'importe quel environnement. Sa conception robuste et ses couleurs r\u00e9sistantes \u00e0 la d\u00e9coloration lui permettent de conserver sa signification symbolique et son impact visuel au fil du temps.<\/p>","protected":false},"excerpt":{"rendered":"<p>Drapeau de 150 x 90 cm avec 2 \u0153illets m\u00e9talliques robustes pour un accrochage s\u00fbr.<\/p>","protected":false},"featured_media":2027,"comment_status":"open","ping_status":"closed","template":"","meta":{"_gspb_post_css":"","iawp_total_views":6},"product_brand":[],"product_cat":[65,58],"product_tag":[],"class_list":{"0":"post-2484","1":"product","2":"type-product","3":"status-publish","4":"has-post-thumbnail","6":"product_cat-europe-flags","7":"product_cat-country-flags","9":"first","10":"instock","11":"sale","12":"shipping-taxable","13":"purchasable","14":"product-type-simple"},"_links":{"self":[{"href":"https:\/\/cosmoflag.com\/fr\/wp-json\/wp\/v2\/product\/2484","targetHints":{"allow":["GET"]}}],"collection":[{"href":"https:\/\/cosmoflag.com\/fr\/wp-json\/wp\/v2\/product"}],"about":[{"href":"https:\/\/cosmoflag.com\/fr\/wp-json\/wp\/v2\/types\/product"}],"replies":[{"embeddable":true,"href":"https:\/\/cosmoflag.com\/fr\/wp-json\/wp\/v2\/comments?post=2484"}],"wp:featuredmedia":[{"embeddable":true,"href":"https:\/\/cosmoflag.com\/fr\/wp-json\/wp\/v2\/media\/2027"}],"wp:attachment":[{"href":"https:\/\/cosmoflag.com\/fr\/wp-json\/wp\/v2\/media?parent=2484"}],"wp:term":[{"taxonomy":"product_brand","embeddable":true,"href":"https:\/\/cosmoflag.com\/fr\/wp-json\/wp\/v2\/product_brand?post=2484"},{"taxonomy":"product_cat","embeddable":true,"href":"https:\/\/cosmoflag.com\/fr\/wp-json\/wp\/v2\/product_cat?post=2484"},{"taxonomy":"product_tag","embeddable":true,"href":"https:\/\/cosmoflag.com\/fr\/wp-json\/wp\/v2\/product_tag?post=2484"}],"curies":[{"name":"wp","href":"https:\/\/api.w.org\/{rel}","templated":true}]}}