{"id":2481,"date":"2024-12-19T13:41:00","date_gmt":"2024-12-19T11:41:00","guid":{"rendered":"https:\/\/cosmoflag.com\/?post_type=product&#038;p=2481"},"modified":"2025-08-12T21:20:41","modified_gmt":"2025-08-12T19:20:41","slug":"drapeau-nepalais","status":"publish","type":"product","link":"https:\/\/cosmoflag.com\/fr\/produit\/drapeau-nepalais\/","title":{"rendered":"Drapeau du N\u00e9pal"},"content":{"rendered":"<h3><strong>Caract\u00e9ristiques du drapeau n\u00e9palais<\/strong><\/h3>\n<p>Notre drapeau du N\u00e9pal est fabriqu\u00e9 en polyester de premi\u00e8re qualit\u00e9, ce qui garantit sa durabilit\u00e9 et sa r\u00e9sistance pour une utilisation \u00e0 l'int\u00e9rieur et \u00e0 l'ext\u00e9rieur. \u00c9quip\u00e9 d'\u0153illets m\u00e9talliques, il est facile \u00e0 installer et reste solidement fix\u00e9, m\u00eame en cas de conditions m\u00e9t\u00e9orologiques difficiles. Mesurant 90 x 150 cm, ce drapeau offre une excellente visibilit\u00e9, ce qui le rend parfait pour les poteaux, les murs ou les \u00e9v\u00e9nements publics.<\/p>\n<h3><strong>Un symbole national vraiment unique<\/strong><\/h3>\n<p>Le drapeau n\u00e9palais, adopt\u00e9 en 1962, est le seul drapeau national non rectangulaire au monde, compos\u00e9 de deux triangles superpos\u00e9s. Le triangle sup\u00e9rieur est orn\u00e9 d'une lune blanche, tandis que le triangle inf\u00e9rieur affiche un soleil blanc, repr\u00e9sentant la paix et l'harmonie. Le rouge symbolise la bravoure et la bordure bleue la paix. Ce motif distinctif refl\u00e8te le riche patrimoine culturel du N\u00e9pal et son lien avec l'Himalaya.<\/p>\n<h3><strong>Polyvalence d'utilisation<\/strong><\/h3>\n<p>Id\u00e9al pour les \u00e9v\u00e9nements culturels, les c\u00e9l\u00e9brations nationales, les expositions p\u00e9dagogiques ou les collections personnelles, le drapeau n\u00e9palais est un puissant symbole d'identit\u00e9 et de fiert\u00e9. Ses couleurs r\u00e9sistantes \u00e0 la d\u00e9coloration et sa conception robuste garantissent un impact visuel et une signification durables.<\/p>","protected":false},"excerpt":{"rendered":"<p>Drapeau de 150 x 90 cm avec 2 \u0153illets m\u00e9talliques robustes pour un accrochage s\u00fbr.<\/p>","protected":false},"featured_media":2076,"comment_status":"open","ping_status":"closed","template":"","meta":{"_gspb_post_css":"","iawp_total_views":22},"product_brand":[],"product_cat":[64,58],"product_tag":[],"class_list":{"0":"post-2481","1":"product","2":"type-product","3":"status-publish","4":"has-post-thumbnail","6":"product_cat-asia-flags","7":"product_cat-country-flags","9":"first","10":"instock","11":"sale","12":"shipping-taxable","13":"purchasable","14":"product-type-simple"},"_links":{"self":[{"href":"https:\/\/cosmoflag.com\/fr\/wp-json\/wp\/v2\/product\/2481","targetHints":{"allow":["GET"]}}],"collection":[{"href":"https:\/\/cosmoflag.com\/fr\/wp-json\/wp\/v2\/product"}],"about":[{"href":"https:\/\/cosmoflag.com\/fr\/wp-json\/wp\/v2\/types\/product"}],"replies":[{"embeddable":true,"href":"https:\/\/cosmoflag.com\/fr\/wp-json\/wp\/v2\/comments?post=2481"}],"wp:featuredmedia":[{"embeddable":true,"href":"https:\/\/cosmoflag.com\/fr\/wp-json\/wp\/v2\/media\/2076"}],"wp:attachment":[{"href":"https:\/\/cosmoflag.com\/fr\/wp-json\/wp\/v2\/media?parent=2481"}],"wp:term":[{"taxonomy":"product_brand","embeddable":true,"href":"https:\/\/cosmoflag.com\/fr\/wp-json\/wp\/v2\/product_brand?post=2481"},{"taxonomy":"product_cat","embeddable":true,"href":"https:\/\/cosmoflag.com\/fr\/wp-json\/wp\/v2\/product_cat?post=2481"},{"taxonomy":"product_tag","embeddable":true,"href":"https:\/\/cosmoflag.com\/fr\/wp-json\/wp\/v2\/product_tag?post=2481"}],"curies":[{"name":"wp","href":"https:\/\/api.w.org\/{rel}","templated":true}]}}