{"id":2479,"date":"2024-12-19T13:39:00","date_gmt":"2024-12-19T11:39:00","guid":{"rendered":"https:\/\/cosmoflag.com\/?post_type=product&#038;p=2479"},"modified":"2025-08-12T21:20:41","modified_gmt":"2025-08-12T19:20:41","slug":"drapeau-du-paraguay","status":"publish","type":"product","link":"https:\/\/cosmoflag.com\/fr\/produit\/drapeau-du-paraguay\/","title":{"rendered":"Drapeau du Paraguay"},"content":{"rendered":"<h3><strong>Caract\u00e9ristiques du drapeau du Paraguay<\/strong><\/h3>\n<p>Notre drapeau du Paraguay est fabriqu\u00e9 en polyester de premi\u00e8re qualit\u00e9, ce qui lui conf\u00e8re une grande durabilit\u00e9, tant \u00e0 l'int\u00e9rieur qu'\u00e0 l'ext\u00e9rieur. Il est \u00e9quip\u00e9 d'\u0153illets m\u00e9talliques pour une installation facile et un maintien s\u00fbr, m\u00eame dans des conditions m\u00e9t\u00e9orologiques d\u00e9favorables. Mesurant 90 x 150 cm, ce drapeau offre une excellente visibilit\u00e9 et peut \u00eatre affich\u00e9 sur des poteaux, des murs ou lors d'\u00e9v\u00e9nements nationaux.<\/p>\n<h3><strong>Un symbole national unique<\/strong><\/h3>\n<p>Le drapeau du Paraguay, officiellement adopt\u00e9 en 1842, est l'un des rares drapeaux au monde \u00e0 pr\u00e9senter un dessin unique sur chaque face. Le recto pr\u00e9sente les armoiries nationales, qui symbolisent la paix et la justice, tandis que le verso montre le sceau du Tr\u00e9sor, qui repr\u00e9sente la prosp\u00e9rit\u00e9. Les trois bandes horizontales rouge, blanche et bleue repr\u00e9sentent le courage, la paix et la libert\u00e9, ce qui en fait un embl\u00e8me distinctif des valeurs et de l'h\u00e9ritage du pays.<\/p>\n<h3><strong>Polyvalence d'utilisation<\/strong><\/h3>\n<p>Parfait pour les c\u00e9l\u00e9brations nationales, les \u00e9v\u00e9nements culturels, \u00e0 des fins \u00e9ducatives ou comme objet de collection, le drapeau du Paraguay est un \u00e9l\u00e9ment polyvalent et significatif. Sa conception robuste et ses couleurs r\u00e9sistantes \u00e0 la d\u00e9coloration lui permettent de conserver son impact visuel et sa signification symbolique au fil du temps.<\/p>","protected":false},"excerpt":{"rendered":"<p>Drapeau de 150 x 90 cm avec 2 \u0153illets m\u00e9talliques robustes pour un accrochage s\u00fbr.<\/p>","protected":false},"featured_media":2132,"comment_status":"open","ping_status":"closed","template":"","meta":{"_gspb_post_css":"","iawp_total_views":2},"product_brand":[],"product_cat":[58,63],"product_tag":[],"class_list":{"0":"post-2479","1":"product","2":"type-product","3":"status-publish","4":"has-post-thumbnail","6":"product_cat-country-flags","7":"product_cat-south-america-flag","9":"first","10":"instock","11":"sale","12":"shipping-taxable","13":"purchasable","14":"product-type-simple"},"_links":{"self":[{"href":"https:\/\/cosmoflag.com\/fr\/wp-json\/wp\/v2\/product\/2479","targetHints":{"allow":["GET"]}}],"collection":[{"href":"https:\/\/cosmoflag.com\/fr\/wp-json\/wp\/v2\/product"}],"about":[{"href":"https:\/\/cosmoflag.com\/fr\/wp-json\/wp\/v2\/types\/product"}],"replies":[{"embeddable":true,"href":"https:\/\/cosmoflag.com\/fr\/wp-json\/wp\/v2\/comments?post=2479"}],"wp:featuredmedia":[{"embeddable":true,"href":"https:\/\/cosmoflag.com\/fr\/wp-json\/wp\/v2\/media\/2132"}],"wp:attachment":[{"href":"https:\/\/cosmoflag.com\/fr\/wp-json\/wp\/v2\/media?parent=2479"}],"wp:term":[{"taxonomy":"product_brand","embeddable":true,"href":"https:\/\/cosmoflag.com\/fr\/wp-json\/wp\/v2\/product_brand?post=2479"},{"taxonomy":"product_cat","embeddable":true,"href":"https:\/\/cosmoflag.com\/fr\/wp-json\/wp\/v2\/product_cat?post=2479"},{"taxonomy":"product_tag","embeddable":true,"href":"https:\/\/cosmoflag.com\/fr\/wp-json\/wp\/v2\/product_tag?post=2479"}],"curies":[{"name":"wp","href":"https:\/\/api.w.org\/{rel}","templated":true}]}}