{"id":2476,"date":"2024-12-17T14:45:00","date_gmt":"2024-12-17T12:45:00","guid":{"rendered":"https:\/\/cosmoflag.com\/?post_type=product&#038;p=2476"},"modified":"2025-08-12T21:20:42","modified_gmt":"2025-08-12T19:20:42","slug":"drapeau-doman","status":"publish","type":"product","link":"https:\/\/cosmoflag.com\/fr\/produit\/drapeau-doman\/","title":{"rendered":"Drapeau d'Oman"},"content":{"rendered":"<h3><strong>Caract\u00e9ristiques du drapeau d'Oman<\/strong><\/h3>\n<p>Notre drapeau d'Oman est fabriqu\u00e9 en polyester de haute qualit\u00e9, ce qui garantit sa durabilit\u00e9 et sa r\u00e9sistance pour une utilisation \u00e0 l'int\u00e9rieur comme \u00e0 l'ext\u00e9rieur. Il comprend des \u0153illets m\u00e9talliques pour une installation facile et un maintien s\u00fbr, m\u00eame dans des conditions m\u00e9t\u00e9orologiques d\u00e9favorables. Mesurant 90 x 150 cm, ce drapeau offre une excellente visibilit\u00e9, qu'il soit d\u00e9ploy\u00e9 sur un m\u00e2t, un mur ou lors de c\u00e9l\u00e9brations nationales.<\/p>\n<h3><strong>Un symbole de tradition et de patrimoine<\/strong><\/h3>\n<p>Le drapeau d'Oman, officiellement adopt\u00e9 en 1970, repr\u00e9sente le riche patrimoine et l'identit\u00e9 de la nation. Il comporte trois bandes horizontales : la blanche symbolise la paix et la prosp\u00e9rit\u00e9, la rouge les batailles livr\u00e9es et la verte la terre fertile. Du c\u00f4t\u00e9 du guindant, l'embl\u00e8me national - une dague blanche khanjar sur deux \u00e9p\u00e9es crois\u00e9es - symbolise la force, le courage et le r\u00f4le de la monarchie dans la culture omanaise.<\/p>\n<h3><strong>Polyvalence d'utilisation<\/strong><\/h3>\n<p>Id\u00e9al pour les \u00e9v\u00e9nements nationaux, les c\u00e9l\u00e9brations culturelles, les expositions p\u00e9dagogiques ou les collections personnelles, le drapeau d'Oman est un puissant symbole de fiert\u00e9 et d'unit\u00e9. Ses couleurs r\u00e9sistantes \u00e0 la d\u00e9coloration et sa conception robuste lui permettent de conserver son aspect vibrant et sa signification pour les ann\u00e9es \u00e0 venir.<\/p>","protected":false},"excerpt":{"rendered":"<p>Drapeau de 150 x 90 cm avec 2 \u0153illets m\u00e9talliques robustes pour un accrochage s\u00fbr.<\/p>","protected":false},"featured_media":2097,"comment_status":"open","ping_status":"closed","template":"","meta":{"_gspb_post_css":"","iawp_total_views":8},"product_brand":[],"product_cat":[66,58],"product_tag":[],"class_list":{"0":"post-2476","1":"product","2":"type-product","3":"status-publish","4":"has-post-thumbnail","6":"product_cat-middle-east-flags","7":"product_cat-country-flags","9":"first","10":"instock","11":"sale","12":"shipping-taxable","13":"purchasable","14":"product-type-simple"},"_links":{"self":[{"href":"https:\/\/cosmoflag.com\/fr\/wp-json\/wp\/v2\/product\/2476","targetHints":{"allow":["GET"]}}],"collection":[{"href":"https:\/\/cosmoflag.com\/fr\/wp-json\/wp\/v2\/product"}],"about":[{"href":"https:\/\/cosmoflag.com\/fr\/wp-json\/wp\/v2\/types\/product"}],"replies":[{"embeddable":true,"href":"https:\/\/cosmoflag.com\/fr\/wp-json\/wp\/v2\/comments?post=2476"}],"wp:featuredmedia":[{"embeddable":true,"href":"https:\/\/cosmoflag.com\/fr\/wp-json\/wp\/v2\/media\/2097"}],"wp:attachment":[{"href":"https:\/\/cosmoflag.com\/fr\/wp-json\/wp\/v2\/media?parent=2476"}],"wp:term":[{"taxonomy":"product_brand","embeddable":true,"href":"https:\/\/cosmoflag.com\/fr\/wp-json\/wp\/v2\/product_brand?post=2476"},{"taxonomy":"product_cat","embeddable":true,"href":"https:\/\/cosmoflag.com\/fr\/wp-json\/wp\/v2\/product_cat?post=2476"},{"taxonomy":"product_tag","embeddable":true,"href":"https:\/\/cosmoflag.com\/fr\/wp-json\/wp\/v2\/product_tag?post=2476"}],"curies":[{"name":"wp","href":"https:\/\/api.w.org\/{rel}","templated":true}]}}