{"id":2475,"date":"2024-12-17T14:39:00","date_gmt":"2024-12-17T12:39:00","guid":{"rendered":"https:\/\/cosmoflag.com\/?post_type=product&#038;p=2475"},"modified":"2025-08-12T21:20:42","modified_gmt":"2025-08-12T19:20:42","slug":"drapeau-de-letat-de-new-york","status":"publish","type":"product","link":"https:\/\/cosmoflag.com\/fr\/produit\/drapeau-de-letat-de-new-york\/","title":{"rendered":"Drapeau de l'\u00c9tat de New York"},"content":{"rendered":"<h3><strong>Caract\u00e9ristiques du drapeau de l'\u00c9tat de New York<\/strong><\/h3>\n<p>Notre drapeau de l'\u00c9tat de New York est fabriqu\u00e9 en polyester de haute qualit\u00e9, ce qui garantit sa durabilit\u00e9 pour une utilisation \u00e0 l'int\u00e9rieur comme \u00e0 l'ext\u00e9rieur. \u00c9quip\u00e9 d'\u0153illets m\u00e9talliques, il permet une installation facile et une tenue s\u00fbre, m\u00eame dans des conditions m\u00e9t\u00e9orologiques d\u00e9favorables. Mesurant 90 x 150 cm, il offre une visibilit\u00e9 maximale, qu'il soit d\u00e9ploy\u00e9 sur un m\u00e2t, un mur ou lors d'\u00e9v\u00e9nements.<\/p>\n<h3><strong>Un symbole de patrimoine et de justice<\/strong><\/h3>\n<p>Le drapeau de l'\u00c9tat de New York se caract\u00e9rise par un fond bleu profond, avec les armoiries de l'\u00c9tat fi\u00e8rement affich\u00e9es en son centre. Les armoiries repr\u00e9sentent Lady Liberty et Lady Justice, symboles de libert\u00e9 et d'\u00e9quit\u00e9. Entre les deux, l'\u00e9cu repr\u00e9sente un paysage paisible avec le fleuve Hudson, des montagnes et le soleil levant, repr\u00e9sentant la beaut\u00e9 naturelle et la prosp\u00e9rit\u00e9 de l'\u00c9tat de New York. Au-dessus, l'aigle \u00e0 t\u00eate blanche est perch\u00e9 sur un globe, symbolisant la place de New York dans le monde. Adopt\u00e9 en 1901, le drapeau incarne l'esprit, l'histoire et les valeurs de l'\u00c9tat.<\/p>\n<h3><strong>Polyvalence d'utilisation<\/strong><\/h3>\n<p>Que ce soit pour des c\u00e9r\u00e9monies gouvernementales, des objectifs \u00e9ducatifs, des \u00e9v\u00e9nements patriotiques ou des expositions personnelles, le drapeau de l'\u00c9tat de New York est un ajout polyvalent et significatif. Son design robuste et ses couleurs r\u00e9sistantes \u00e0 la d\u00e9coloration lui permettent de rester vibrant et percutant pendant des ann\u00e9es.<\/p>","protected":false},"excerpt":{"rendered":"<p>Drapeau de 150 x 90 cm avec 2 \u0153illets m\u00e9talliques robustes pour un accrochage s\u00fbr.<\/p>","protected":false},"featured_media":2083,"comment_status":"open","ping_status":"closed","template":"","meta":{"_gspb_post_css":"","iawp_total_views":2},"product_brand":[],"product_cat":[72,70],"product_tag":[],"class_list":{"0":"post-2475","1":"product","2":"type-product","3":"status-publish","4":"has-post-thumbnail","6":"product_cat-american-state-flags","7":"product_cat-regional-flags","9":"first","10":"instock","11":"sale","12":"shipping-taxable","13":"purchasable","14":"product-type-simple"},"_links":{"self":[{"href":"https:\/\/cosmoflag.com\/fr\/wp-json\/wp\/v2\/product\/2475","targetHints":{"allow":["GET"]}}],"collection":[{"href":"https:\/\/cosmoflag.com\/fr\/wp-json\/wp\/v2\/product"}],"about":[{"href":"https:\/\/cosmoflag.com\/fr\/wp-json\/wp\/v2\/types\/product"}],"replies":[{"embeddable":true,"href":"https:\/\/cosmoflag.com\/fr\/wp-json\/wp\/v2\/comments?post=2475"}],"wp:featuredmedia":[{"embeddable":true,"href":"https:\/\/cosmoflag.com\/fr\/wp-json\/wp\/v2\/media\/2083"}],"wp:attachment":[{"href":"https:\/\/cosmoflag.com\/fr\/wp-json\/wp\/v2\/media?parent=2475"}],"wp:term":[{"taxonomy":"product_brand","embeddable":true,"href":"https:\/\/cosmoflag.com\/fr\/wp-json\/wp\/v2\/product_brand?post=2475"},{"taxonomy":"product_cat","embeddable":true,"href":"https:\/\/cosmoflag.com\/fr\/wp-json\/wp\/v2\/product_cat?post=2475"},{"taxonomy":"product_tag","embeddable":true,"href":"https:\/\/cosmoflag.com\/fr\/wp-json\/wp\/v2\/product_tag?post=2475"}],"curies":[{"name":"wp","href":"https:\/\/api.w.org\/{rel}","templated":true}]}}