{"id":2470,"date":"2024-12-17T14:11:00","date_gmt":"2024-12-17T12:11:00","guid":{"rendered":"https:\/\/cosmoflag.com\/?post_type=product&#038;p=2470"},"modified":"2025-08-12T21:20:45","modified_gmt":"2025-08-12T19:20:45","slug":"drapeau-francais","status":"publish","type":"product","link":"https:\/\/cosmoflag.com\/fr\/produit\/drapeau-francais\/","title":{"rendered":"Drapeau de la France"},"content":{"rendered":"<h3>Caract\u00e9ristiques du drapeau fran\u00e7ais<\/h3>\n<p>Notre drapeau de la France est fabriqu\u00e9 en polyester de haute qualit\u00e9, ce qui le rend id\u00e9al pour une utilisation durable, tant \u00e0 l'int\u00e9rieur qu'\u00e0 l'ext\u00e9rieur. Il est dot\u00e9 d'\u0153illets m\u00e9talliques pour une installation facile et une tenue garantie, m\u00eame dans des conditions m\u00e9t\u00e9orologiques d\u00e9favorables. Disponible en 90 x 150 cm pour une visibilit\u00e9 maximale, notre drapeau r\u00e9pond \u00e0 de nombreux besoins, que vous souhaitiez l'accrocher \u00e0 un m\u00e2t ou \u00e0 un mur.<\/p>\n<h3>Un symbole national charg\u00e9 d'histoire<\/h3>\n<p>Le drapeau tricolore de la France, avec ses bandes bleues, blanches et rouges, est bien plus qu'une simple banni\u00e8re nationale. Adopt\u00e9 en 1794, il symbolise les principes fondamentaux de libert\u00e9, d'\u00e9galit\u00e9 et de fraternit\u00e9. Le bleu repr\u00e9sente la libert\u00e9, le blanc \u00e9voque la paix et le rouge symbolise le courage. Ce drapeau n'est pas un simple \u00e9l\u00e9ment d\u00e9coratif, il incarne l'histoire et les valeurs de la R\u00e9publique fran\u00e7aise.<\/p>\n<h3>Polyvalence d'utilisation<\/h3>\n<p>Qu'il s'agisse de c\u00e9l\u00e9brations nationales, d'\u00e9v\u00e9nements sportifs ou d'activit\u00e9s \u00e9ducatives, le drapeau fran\u00e7ais peut \u00eatre utilis\u00e9 en toute occasion. Sa conception robuste et ses couleurs r\u00e9sistantes \u00e0 la d\u00e9coloration permettent au drapeau de conserver sa signification et son impact visuel au fil du temps.<\/p>","protected":false},"excerpt":{"rendered":"<p>Drapeau de 150 x 90 cm avec 2 \u0153illets m\u00e9talliques robustes pour un accrochage s\u00fbr.<\/p>","protected":false},"featured_media":1925,"comment_status":"open","ping_status":"closed","template":"","meta":{"_gspb_post_css":"","iawp_total_views":43},"product_brand":[],"product_cat":[65,58,15],"product_tag":[],"class_list":{"0":"post-2470","1":"product","2":"type-product","3":"status-publish","4":"has-post-thumbnail","6":"product_cat-europe-flags","7":"product_cat-country-flags","8":"product_cat-other","10":"first","11":"instock","12":"sale","13":"shipping-taxable","14":"purchasable","15":"product-type-simple"},"_links":{"self":[{"href":"https:\/\/cosmoflag.com\/fr\/wp-json\/wp\/v2\/product\/2470","targetHints":{"allow":["GET"]}}],"collection":[{"href":"https:\/\/cosmoflag.com\/fr\/wp-json\/wp\/v2\/product"}],"about":[{"href":"https:\/\/cosmoflag.com\/fr\/wp-json\/wp\/v2\/types\/product"}],"replies":[{"embeddable":true,"href":"https:\/\/cosmoflag.com\/fr\/wp-json\/wp\/v2\/comments?post=2470"}],"wp:featuredmedia":[{"embeddable":true,"href":"https:\/\/cosmoflag.com\/fr\/wp-json\/wp\/v2\/media\/1925"}],"wp:attachment":[{"href":"https:\/\/cosmoflag.com\/fr\/wp-json\/wp\/v2\/media?parent=2470"}],"wp:term":[{"taxonomy":"product_brand","embeddable":true,"href":"https:\/\/cosmoflag.com\/fr\/wp-json\/wp\/v2\/product_brand?post=2470"},{"taxonomy":"product_cat","embeddable":true,"href":"https:\/\/cosmoflag.com\/fr\/wp-json\/wp\/v2\/product_cat?post=2470"},{"taxonomy":"product_tag","embeddable":true,"href":"https:\/\/cosmoflag.com\/fr\/wp-json\/wp\/v2\/product_tag?post=2470"}],"curies":[{"name":"wp","href":"https:\/\/api.w.org\/{rel}","templated":true}]}}