{"id":2468,"date":"2024-12-17T14:01:00","date_gmt":"2024-12-17T12:01:00","guid":{"rendered":"https:\/\/cosmoflag.com\/?post_type=product&#038;p=2468"},"modified":"2026-04-27T23:16:21","modified_gmt":"2026-04-27T21:16:21","slug":"drapeau-israelien","status":"publish","type":"product","link":"https:\/\/cosmoflag.com\/fr\/produit\/drapeau-israelien\/","title":{"rendered":"Drapeau d'Isra\u00ebl"},"content":{"rendered":"<h3>Caract\u00e9ristiques du drapeau isra\u00e9lien<\/h3>\n<p>Notre drapeau d'Isra\u00ebl est fabriqu\u00e9 en polyester de haute qualit\u00e9, ce qui le rend id\u00e9al pour une utilisation durable, tant \u00e0 l'int\u00e9rieur qu'\u00e0 l'ext\u00e9rieur. Il est dot\u00e9 d'\u0153illets m\u00e9talliques pour une installation facile et une tenue garantie, m\u00eame dans des conditions m\u00e9t\u00e9orologiques d\u00e9favorables. Disponible en 90 x 150 cm pour une visibilit\u00e9 maximale, notre drapeau r\u00e9pond \u00e0 de nombreux besoins, que vous souhaitiez l'accrocher \u00e0 un m\u00e2t ou \u00e0 un mur.<\/p>\n<h3>Un symbole national charg\u00e9 d'histoire<\/h3>\n<p>Le drapeau d'Isra\u00ebl, avec son fond blanc et ses deux bandes bleues horizontales encadrant l'\u00e9toile de David bleue, est bien plus qu'une simple banni\u00e8re nationale. Adopt\u00e9 en 1948, il symbolise \u00e0 la fois l'h\u00e9ritage juif et l'espoir d'un avenir pacifique. Le bleu \u00e9voque le ciel et la spiritualit\u00e9, tandis que l'\u00e9toile de David est un symbole central du juda\u00efsme. Ce drapeau n'est pas seulement un \u00e9l\u00e9ment d\u00e9coratif, il incarne l'histoire et les aspirations du peuple isra\u00e9lien.<\/p>\n<h3>Polyvalence d'utilisation<\/h3>\n<p>Que ce soit pour des c\u00e9l\u00e9brations nationales, des \u00e9v\u00e9nements communautaires ou \u00e0 des fins \u00e9ducatives, le drapeau isra\u00e9lien convient \u00e0 toutes les occasions. Sa conception robuste et ses couleurs r\u00e9sistantes \u00e0 la d\u00e9coloration garantissent que le drapeau conserve sa signification et son impact visuel au fil du temps.<\/p>","protected":false},"excerpt":{"rendered":"<p>Drapeau de 150 x 90 cm avec 2 \u0153illets m\u00e9talliques robustes pour un accrochage s\u00fbr.<\/p>","protected":false},"featured_media":2005,"comment_status":"open","ping_status":"closed","template":"","meta":{"_gspb_post_css":"","iawp_total_views":59},"product_brand":[],"product_cat":[66,58],"product_tag":[],"class_list":{"0":"post-2468","1":"product","2":"type-product","3":"status-publish","4":"has-post-thumbnail","6":"product_cat-middle-east-flags","7":"product_cat-country-flags","9":"first","10":"instock","11":"sale","12":"shipping-taxable","13":"purchasable","14":"product-type-simple"},"_links":{"self":[{"href":"https:\/\/cosmoflag.com\/fr\/wp-json\/wp\/v2\/product\/2468","targetHints":{"allow":["GET"]}}],"collection":[{"href":"https:\/\/cosmoflag.com\/fr\/wp-json\/wp\/v2\/product"}],"about":[{"href":"https:\/\/cosmoflag.com\/fr\/wp-json\/wp\/v2\/types\/product"}],"replies":[{"embeddable":true,"href":"https:\/\/cosmoflag.com\/fr\/wp-json\/wp\/v2\/comments?post=2468"}],"wp:featuredmedia":[{"embeddable":true,"href":"https:\/\/cosmoflag.com\/fr\/wp-json\/wp\/v2\/media\/2005"}],"wp:attachment":[{"href":"https:\/\/cosmoflag.com\/fr\/wp-json\/wp\/v2\/media?parent=2468"}],"wp:term":[{"taxonomy":"product_brand","embeddable":true,"href":"https:\/\/cosmoflag.com\/fr\/wp-json\/wp\/v2\/product_brand?post=2468"},{"taxonomy":"product_cat","embeddable":true,"href":"https:\/\/cosmoflag.com\/fr\/wp-json\/wp\/v2\/product_cat?post=2468"},{"taxonomy":"product_tag","embeddable":true,"href":"https:\/\/cosmoflag.com\/fr\/wp-json\/wp\/v2\/product_tag?post=2468"}],"curies":[{"name":"wp","href":"https:\/\/api.w.org\/{rel}","templated":true}]}}