{"id":2461,"date":"2024-12-17T13:32:00","date_gmt":"2024-12-17T11:32:00","guid":{"rendered":"https:\/\/cosmoflag.com\/?post_type=product&#038;p=2461"},"modified":"2025-08-12T21:20:48","modified_gmt":"2025-08-12T19:20:48","slug":"drapeau-russe","status":"publish","type":"product","link":"https:\/\/cosmoflag.com\/fr\/produit\/drapeau-russe\/","title":{"rendered":"Drapeau de la Russie"},"content":{"rendered":"<h3>Caract\u00e9ristiques du drapeau russe<\/h3>\n<p>Notre drapeau de la Russie est fabriqu\u00e9 en polyester de haute qualit\u00e9, ce qui le rend id\u00e9al pour une utilisation durable \u00e0 l'int\u00e9rieur et \u00e0 l'ext\u00e9rieur. Il est dot\u00e9 d'\u0153illets m\u00e9talliques pour une installation facile et une tenue garantie, m\u00eame dans des conditions m\u00e9t\u00e9orologiques d\u00e9favorables. Disponible en 90 x 150 cm pour une visibilit\u00e9 maximale, notre drapeau r\u00e9pond \u00e0 de nombreux besoins, que vous souhaitiez l'afficher sur un m\u00e2t ou sur un mur.<\/p>\n<h3>Un symbole national charg\u00e9 d'histoire<\/h3>\n<p>Le drapeau russe, avec ses bandes horizontales blanches, bleues et rouges, est bien plus qu'une simple banni\u00e8re nationale. Ces couleurs ont \u00e9t\u00e9 adopt\u00e9es pour la premi\u00e8re fois dans le drapeau russe en 1696, bien que leur signification pr\u00e9cise ait \u00e9volu\u00e9 au fil du temps. Traditionnellement, le blanc repr\u00e9sente la noblesse et l'honn\u00eatet\u00e9, le bleu la loyaut\u00e9 et la v\u00e9rit\u00e9, et le rouge le courage et l'amour. Ce drapeau n'est pas seulement un \u00e9l\u00e9ment d\u00e9coratif ; il incarne l'histoire et les valeurs du peuple russe.<\/p>\n<h3>Polyvalence d'utilisation<\/h3>\n<p>Que ce soit pour des c\u00e9l\u00e9brations nationales, des \u00e9v\u00e9nements sportifs ou \u00e0 des fins \u00e9ducatives, le drapeau russe convient \u00e0 toutes les occasions. Sa conception robuste et ses couleurs r\u00e9sistantes \u00e0 la d\u00e9coloration garantissent que le drapeau conserve sa signification et son impact visuel au fil du temps.<\/p>","protected":false},"excerpt":{"rendered":"<p>Drapeau de 150 x 90 cm avec 2 \u0153illets m\u00e9talliques robustes pour un accrochage s\u00fbr.<\/p>","protected":false},"featured_media":2161,"comment_status":"open","ping_status":"closed","template":"","meta":{"_gspb_post_css":"","iawp_total_views":37},"product_brand":[],"product_cat":[65,58],"product_tag":[],"class_list":{"0":"post-2461","1":"product","2":"type-product","3":"status-publish","4":"has-post-thumbnail","6":"product_cat-europe-flags","7":"product_cat-country-flags","9":"first","10":"instock","11":"sale","12":"shipping-taxable","13":"purchasable","14":"product-type-simple"},"_links":{"self":[{"href":"https:\/\/cosmoflag.com\/fr\/wp-json\/wp\/v2\/product\/2461","targetHints":{"allow":["GET"]}}],"collection":[{"href":"https:\/\/cosmoflag.com\/fr\/wp-json\/wp\/v2\/product"}],"about":[{"href":"https:\/\/cosmoflag.com\/fr\/wp-json\/wp\/v2\/types\/product"}],"replies":[{"embeddable":true,"href":"https:\/\/cosmoflag.com\/fr\/wp-json\/wp\/v2\/comments?post=2461"}],"wp:featuredmedia":[{"embeddable":true,"href":"https:\/\/cosmoflag.com\/fr\/wp-json\/wp\/v2\/media\/2161"}],"wp:attachment":[{"href":"https:\/\/cosmoflag.com\/fr\/wp-json\/wp\/v2\/media?parent=2461"}],"wp:term":[{"taxonomy":"product_brand","embeddable":true,"href":"https:\/\/cosmoflag.com\/fr\/wp-json\/wp\/v2\/product_brand?post=2461"},{"taxonomy":"product_cat","embeddable":true,"href":"https:\/\/cosmoflag.com\/fr\/wp-json\/wp\/v2\/product_cat?post=2461"},{"taxonomy":"product_tag","embeddable":true,"href":"https:\/\/cosmoflag.com\/fr\/wp-json\/wp\/v2\/product_tag?post=2461"}],"curies":[{"name":"wp","href":"https:\/\/api.w.org\/{rel}","templated":true}]}}