{"id":2445,"date":"2024-12-16T13:56:00","date_gmt":"2024-12-16T11:56:00","guid":{"rendered":"https:\/\/cosmoflag.com\/?post_type=product&#038;p=2445"},"modified":"2025-08-12T21:20:54","modified_gmt":"2025-08-12T19:20:54","slug":"drapeau-libanais","status":"publish","type":"product","link":"https:\/\/cosmoflag.com\/fr\/produit\/drapeau-libanais\/","title":{"rendered":"Drapeau du Liban"},"content":{"rendered":"<h3>Caract\u00e9ristiques du drapeau libanais<\/h3>\n<p>Notre drapeau du Liban est fabriqu\u00e9 en polyester de haute qualit\u00e9, ce qui le rend id\u00e9al pour une utilisation durable, \u00e0 l'int\u00e9rieur comme \u00e0 l'ext\u00e9rieur. Il est dot\u00e9 d'\u0153illets m\u00e9talliques pour une installation facile et un maintien s\u00fbr, m\u00eame dans des conditions m\u00e9t\u00e9orologiques d\u00e9favorables. Disponible en 90 x 150 cm pour une visibilit\u00e9 maximale, notre drapeau r\u00e9pond \u00e0 de nombreux besoins, que vous souhaitiez l'accrocher \u00e0 un m\u00e2t ou \u00e0 un mur.<\/p>\n<h3>Un symbole national charg\u00e9 d'histoire<\/h3>\n<p>Le drapeau du Liban, avec ses deux bandes rouges horizontales encadrant une bande blanche centrale dans laquelle est ins\u00e9r\u00e9 un c\u00e8dre vert, est bien plus qu'une simple banni\u00e8re nationale. Adopt\u00e9 en 1943, le rouge symbolise le sang vers\u00e9 pour l'ind\u00e9pendance, le blanc repr\u00e9sente la paix et la puret\u00e9 des montagnes enneig\u00e9es du pays, et le c\u00e8dre vert est un symbole de saintet\u00e9, de paix et d'\u00e9ternit\u00e9, profond\u00e9ment enracin\u00e9 dans l'histoire et la culture libanaises. Ce drapeau n'est pas seulement un \u00e9l\u00e9ment d\u00e9coratif ; il incarne l'histoire, la diversit\u00e9 et les aspirations du peuple libanais.<\/p>\n<h3>Polyvalence d'utilisation<\/h3>\n<p>Que ce soit pour des c\u00e9l\u00e9brations nationales, des \u00e9v\u00e9nements culturels ou \u00e0 des fins \u00e9ducatives, le drapeau libanais convient \u00e0 toutes les occasions. Sa conception robuste et ses couleurs r\u00e9sistantes \u00e0 la d\u00e9coloration garantissent que le drapeau conserve sa signification et son impact visuel au fil du temps.<\/p>","protected":false},"excerpt":{"rendered":"<p>Drapeau de 150 x 90 cm avec 2 \u0153illets m\u00e9talliques robustes pour un accrochage s\u00fbr.<\/p>","protected":false},"featured_media":2047,"comment_status":"open","ping_status":"closed","template":"","meta":{"_gspb_post_css":"","iawp_total_views":32},"product_brand":[],"product_cat":[66,58],"product_tag":[],"class_list":{"0":"post-2445","1":"product","2":"type-product","3":"status-publish","4":"has-post-thumbnail","6":"product_cat-middle-east-flags","7":"product_cat-country-flags","9":"first","10":"instock","11":"sale","12":"shipping-taxable","13":"purchasable","14":"product-type-simple"},"_links":{"self":[{"href":"https:\/\/cosmoflag.com\/fr\/wp-json\/wp\/v2\/product\/2445","targetHints":{"allow":["GET"]}}],"collection":[{"href":"https:\/\/cosmoflag.com\/fr\/wp-json\/wp\/v2\/product"}],"about":[{"href":"https:\/\/cosmoflag.com\/fr\/wp-json\/wp\/v2\/types\/product"}],"replies":[{"embeddable":true,"href":"https:\/\/cosmoflag.com\/fr\/wp-json\/wp\/v2\/comments?post=2445"}],"wp:featuredmedia":[{"embeddable":true,"href":"https:\/\/cosmoflag.com\/fr\/wp-json\/wp\/v2\/media\/2047"}],"wp:attachment":[{"href":"https:\/\/cosmoflag.com\/fr\/wp-json\/wp\/v2\/media?parent=2445"}],"wp:term":[{"taxonomy":"product_brand","embeddable":true,"href":"https:\/\/cosmoflag.com\/fr\/wp-json\/wp\/v2\/product_brand?post=2445"},{"taxonomy":"product_cat","embeddable":true,"href":"https:\/\/cosmoflag.com\/fr\/wp-json\/wp\/v2\/product_cat?post=2445"},{"taxonomy":"product_tag","embeddable":true,"href":"https:\/\/cosmoflag.com\/fr\/wp-json\/wp\/v2\/product_tag?post=2445"}],"curies":[{"name":"wp","href":"https:\/\/api.w.org\/{rel}","templated":true}]}}