{"id":2433,"date":"2024-12-15T22:25:00","date_gmt":"2024-12-15T20:25:00","guid":{"rendered":"https:\/\/cosmoflag.com\/?post_type=product&#038;p=2433"},"modified":"2025-08-12T21:20:58","modified_gmt":"2025-08-12T19:20:58","slug":"drapeau-chinois","status":"publish","type":"product","link":"https:\/\/cosmoflag.com\/fr\/produit\/drapeau-chinois\/","title":{"rendered":"Drapeau de la Chine"},"content":{"rendered":"<h3>Caract\u00e9ristiques du drapeau chinois<\/h3>\n<p>Notre drapeau chinois est fabriqu\u00e9 en polyester de haute qualit\u00e9, ce qui le rend id\u00e9al pour une utilisation durable \u00e0 l'int\u00e9rieur et \u00e0 l'ext\u00e9rieur. Il est dot\u00e9 d'\u0153illets m\u00e9talliques pour une installation facile et une tenue garantie, m\u00eame dans des conditions m\u00e9t\u00e9orologiques d\u00e9favorables. Disponible en 90 x 150 cm, notre drapeau r\u00e9pond \u00e0 de nombreux besoins, que vous souhaitiez l'accrocher \u00e0 un m\u00e2t ou \u00e0 un mur.<\/p>\n<h3>Un symbole national charg\u00e9 d'histoire<\/h3>\n<p>Le drapeau de la Chine, \u00e9galement connu sous le nom de \"banni\u00e8re \u00e0 cinq \u00e9toiles\", se caract\u00e9rise par un champ rouge vif avec cinq \u00e9toiles jaunes dans le coin sup\u00e9rieur gauche. La grande \u00e9toile repr\u00e9sente le Parti communiste chinois et les quatre petites \u00e9toiles symbolisent les quatre classes sociales d\u00e9crites par Mao Zedong : les ouvriers, les paysans, la petite bourgeoisie et les capitalistes patriotes. Adopt\u00e9 en 1949, le rouge symbolise la r\u00e9volution communiste et les \u00e9toiles repr\u00e9sentent l'unit\u00e9 du peuple chinois sous la direction du Parti.<\/p>\n<h3>Polyvalence d'utilisation<\/h3>\n<p>Qu'il s'agisse de c\u00e9l\u00e9brations nationales, d'\u00e9v\u00e9nements politiques, de manifestations sportives ou d'activit\u00e9s \u00e9ducatives, le drapeau chinois convient \u00e0 toutes les occasions. Sa conception robuste et ses couleurs r\u00e9sistantes \u00e0 la d\u00e9coloration garantissent que le drapeau conserve sa signification et son impact visuel au fil du temps.<\/p>","protected":false},"excerpt":{"rendered":"<p>Drapeau de 150 x 90 cm avec 2 \u0153illets m\u00e9talliques robustes pour un accrochage s\u00fbr.<\/p>","protected":false},"featured_media":1863,"comment_status":"open","ping_status":"closed","template":"","meta":{"_gspb_post_css":"","iawp_total_views":22},"product_brand":[],"product_cat":[64,58],"product_tag":[],"class_list":{"0":"post-2433","1":"product","2":"type-product","3":"status-publish","4":"has-post-thumbnail","6":"product_cat-asia-flags","7":"product_cat-country-flags","9":"first","10":"instock","11":"sale","12":"shipping-taxable","13":"purchasable","14":"product-type-simple"},"_links":{"self":[{"href":"https:\/\/cosmoflag.com\/fr\/wp-json\/wp\/v2\/product\/2433","targetHints":{"allow":["GET"]}}],"collection":[{"href":"https:\/\/cosmoflag.com\/fr\/wp-json\/wp\/v2\/product"}],"about":[{"href":"https:\/\/cosmoflag.com\/fr\/wp-json\/wp\/v2\/types\/product"}],"replies":[{"embeddable":true,"href":"https:\/\/cosmoflag.com\/fr\/wp-json\/wp\/v2\/comments?post=2433"}],"wp:featuredmedia":[{"embeddable":true,"href":"https:\/\/cosmoflag.com\/fr\/wp-json\/wp\/v2\/media\/1863"}],"wp:attachment":[{"href":"https:\/\/cosmoflag.com\/fr\/wp-json\/wp\/v2\/media?parent=2433"}],"wp:term":[{"taxonomy":"product_brand","embeddable":true,"href":"https:\/\/cosmoflag.com\/fr\/wp-json\/wp\/v2\/product_brand?post=2433"},{"taxonomy":"product_cat","embeddable":true,"href":"https:\/\/cosmoflag.com\/fr\/wp-json\/wp\/v2\/product_cat?post=2433"},{"taxonomy":"product_tag","embeddable":true,"href":"https:\/\/cosmoflag.com\/fr\/wp-json\/wp\/v2\/product_tag?post=2433"}],"curies":[{"name":"wp","href":"https:\/\/api.w.org\/{rel}","templated":true}]}}