{"id":2412,"date":"2024-12-15T21:21:00","date_gmt":"2024-12-15T19:21:00","guid":{"rendered":"https:\/\/cosmoflag.com\/?post_type=product&#038;p=2412"},"modified":"2025-08-12T21:23:05","modified_gmt":"2025-08-12T19:23:05","slug":"drapeau-de-lethiopie","status":"publish","type":"product","link":"https:\/\/cosmoflag.com\/fr\/produit\/drapeau-de-lethiopie\/","title":{"rendered":"Drapeau de l'\u00c9thiopie"},"content":{"rendered":"<h3>Caract\u00e9ristiques du drapeau de l'\u00c9thiopie<\/h3>\n<p>Notre drapeau de l'\u00c9thiopie, souvent consid\u00e9r\u00e9 comme un symbole de l'ind\u00e9pendance africaine, est fabriqu\u00e9 en polyester de haute qualit\u00e9, ce qui le rend id\u00e9al pour une utilisation durable, \u00e0 l'int\u00e9rieur comme \u00e0 l'ext\u00e9rieur. Il est dot\u00e9 d'\u0153illets m\u00e9talliques pour une installation facile et un maintien s\u00fbr, m\u00eame dans des conditions m\u00e9t\u00e9orologiques d\u00e9favorables. Disponible en 90 x 150 cm pour une visibilit\u00e9 maximale, notre drapeau r\u00e9pond \u00e0 de nombreux besoins, que vous souhaitiez l'afficher sur un m\u00e2t ou sur un mur.<\/p>\n<h3>Un symbole national charg\u00e9 d'histoire<\/h3>\n<p>Le drapeau actuel de l'\u00c9thiopie a \u00e9t\u00e9 adopt\u00e9 en 1996 et se compose de trois bandes horizontales verte, jaune et rouge, avec un disque bleu au centre, o\u00f9 figure une \u00e9toile \u00e0 cinq branches. Ces couleurs sont significatives dans le contexte africain : le vert symbolise la terre fertile et l'espoir, le jaune la paix et l'harmonie, et le rouge le sacrifice et la bravoure. L'\u00e9toile repr\u00e9sente l'unit\u00e9 et l'\u00e9galit\u00e9 des peuples d'\u00c9thiopie. Ce drapeau est devenu une ic\u00f4ne des mouvements panafricain et rastafari.<\/p>\n<h3>Polyvalence d'utilisation<\/h3>\n<p>Que ce soit pour des c\u00e9l\u00e9brations nationales, des \u00e9v\u00e9nements sportifs, des manifestations politiques ou \u00e0 des fins \u00e9ducatives, le drapeau \u00e9thiopien convient \u00e0 toutes les occasions. Sa conception robuste et ses couleurs r\u00e9sistantes \u00e0 la d\u00e9coloration garantissent que le drapeau conserve sa signification et son impact visuel au fil du temps.<\/p>","protected":false},"excerpt":{"rendered":"<p>Drapeau de 150 x 90 cm avec 2 \u0153illets m\u00e9talliques robustes pour un accrochage s\u00fbr.<\/p>","protected":false},"featured_media":1553,"comment_status":"open","ping_status":"closed","template":"","meta":{"_gspb_post_css":"","iawp_total_views":15},"product_brand":[],"product_cat":[60,58],"product_tag":[],"class_list":{"0":"post-2412","1":"product","2":"type-product","3":"status-publish","4":"has-post-thumbnail","6":"product_cat-africa-flags","7":"product_cat-country-flags","9":"first","10":"instock","11":"sale","12":"shipping-taxable","13":"purchasable","14":"product-type-simple"},"_links":{"self":[{"href":"https:\/\/cosmoflag.com\/fr\/wp-json\/wp\/v2\/product\/2412","targetHints":{"allow":["GET"]}}],"collection":[{"href":"https:\/\/cosmoflag.com\/fr\/wp-json\/wp\/v2\/product"}],"about":[{"href":"https:\/\/cosmoflag.com\/fr\/wp-json\/wp\/v2\/types\/product"}],"replies":[{"embeddable":true,"href":"https:\/\/cosmoflag.com\/fr\/wp-json\/wp\/v2\/comments?post=2412"}],"wp:featuredmedia":[{"embeddable":true,"href":"https:\/\/cosmoflag.com\/fr\/wp-json\/wp\/v2\/media\/1553"}],"wp:attachment":[{"href":"https:\/\/cosmoflag.com\/fr\/wp-json\/wp\/v2\/media?parent=2412"}],"wp:term":[{"taxonomy":"product_brand","embeddable":true,"href":"https:\/\/cosmoflag.com\/fr\/wp-json\/wp\/v2\/product_brand?post=2412"},{"taxonomy":"product_cat","embeddable":true,"href":"https:\/\/cosmoflag.com\/fr\/wp-json\/wp\/v2\/product_cat?post=2412"},{"taxonomy":"product_tag","embeddable":true,"href":"https:\/\/cosmoflag.com\/fr\/wp-json\/wp\/v2\/product_tag?post=2412"}],"curies":[{"name":"wp","href":"https:\/\/api.w.org\/{rel}","templated":true}]}}