{"id":2407,"date":"2024-12-15T21:00:00","date_gmt":"2024-12-15T19:00:00","guid":{"rendered":"https:\/\/cosmoflag.com\/?post_type=product&#038;p=2407"},"modified":"2025-08-12T21:23:07","modified_gmt":"2025-08-12T19:23:07","slug":"drapeau-de-la-coree-du-nord","status":"publish","type":"product","link":"https:\/\/cosmoflag.com\/fr\/produit\/drapeau-de-la-coree-du-nord\/","title":{"rendered":"Drapeau de la Cor\u00e9e du Nord"},"content":{"rendered":"<h3>Caract\u00e9ristiques du drapeau de la Cor\u00e9e du Nord<\/h3>\n<p>Notre drapeau de la Cor\u00e9e du Nord est fabriqu\u00e9 en polyester de haute qualit\u00e9, ce qui le rend id\u00e9al pour une utilisation durable \u00e0 l'int\u00e9rieur et \u00e0 l'ext\u00e9rieur. Il est dot\u00e9 d'\u0153illets m\u00e9talliques pour une installation facile et un maintien s\u00fbr, m\u00eame dans des conditions m\u00e9t\u00e9orologiques d\u00e9favorables. Disponible en 90 x 150 cm pour une visibilit\u00e9 maximale, notre drapeau r\u00e9pond \u00e0 de nombreux besoins, que vous souhaitiez l'accrocher \u00e0 un m\u00e2t ou \u00e0 un mur.<\/p>\n<h3>Un symbole national charg\u00e9 d'histoire<\/h3>\n<p>Le drapeau de la Cor\u00e9e du Nord, adopt\u00e9 en 1948, pr\u00e9sente un fond rouge ponctu\u00e9 d'une large bande bleue en haut et en bas, s\u00e9par\u00e9e par deux fines lignes blanches. Au centre, sur le fond rouge, se trouve une \u00e9toile blanche dans un cercle blanc. Le rouge symbolise la r\u00e9volution, le bleu la souverainet\u00e9, la paix et l'amiti\u00e9, et l'\u00e9toile blanche les id\u00e9aux du communisme et du progr\u00e8s socialiste.<\/p>\n<h3>Polyvalence d'utilisation<\/h3>\n<p>Qu'il s'agisse de c\u00e9l\u00e9brations nationales, d'\u00e9v\u00e9nements sportifs, de manifestations culturelles ou d'activit\u00e9s \u00e9ducatives, le drapeau nord-cor\u00e9en convient \u00e0 toutes les occasions. Sa conception robuste et ses couleurs r\u00e9sistantes \u00e0 la d\u00e9coloration garantissent que le drapeau conserve sa signification et son impact visuel au fil du temps.<\/p>","protected":false},"excerpt":{"rendered":"<p>Drapeau de 150 x 90 cm avec 2 \u0153illets m\u00e9talliques robustes pour un accrochage s\u00fbr.<\/p>","protected":false},"featured_media":1301,"comment_status":"open","ping_status":"closed","template":"","meta":{"_gspb_post_css":"","iawp_total_views":10},"product_brand":[],"product_cat":[64,58],"product_tag":[],"class_list":{"0":"post-2407","1":"product","2":"type-product","3":"status-publish","4":"has-post-thumbnail","6":"product_cat-asia-flags","7":"product_cat-country-flags","9":"first","10":"instock","11":"sale","12":"shipping-taxable","13":"purchasable","14":"product-type-simple"},"_links":{"self":[{"href":"https:\/\/cosmoflag.com\/fr\/wp-json\/wp\/v2\/product\/2407","targetHints":{"allow":["GET"]}}],"collection":[{"href":"https:\/\/cosmoflag.com\/fr\/wp-json\/wp\/v2\/product"}],"about":[{"href":"https:\/\/cosmoflag.com\/fr\/wp-json\/wp\/v2\/types\/product"}],"replies":[{"embeddable":true,"href":"https:\/\/cosmoflag.com\/fr\/wp-json\/wp\/v2\/comments?post=2407"}],"wp:featuredmedia":[{"embeddable":true,"href":"https:\/\/cosmoflag.com\/fr\/wp-json\/wp\/v2\/media\/1301"}],"wp:attachment":[{"href":"https:\/\/cosmoflag.com\/fr\/wp-json\/wp\/v2\/media?parent=2407"}],"wp:term":[{"taxonomy":"product_brand","embeddable":true,"href":"https:\/\/cosmoflag.com\/fr\/wp-json\/wp\/v2\/product_brand?post=2407"},{"taxonomy":"product_cat","embeddable":true,"href":"https:\/\/cosmoflag.com\/fr\/wp-json\/wp\/v2\/product_cat?post=2407"},{"taxonomy":"product_tag","embeddable":true,"href":"https:\/\/cosmoflag.com\/fr\/wp-json\/wp\/v2\/product_tag?post=2407"}],"curies":[{"name":"wp","href":"https:\/\/api.w.org\/{rel}","templated":true}]}}