{"id":2395,"date":"2024-12-15T20:09:00","date_gmt":"2024-12-15T18:09:00","guid":{"rendered":"https:\/\/cosmoflag.com\/?post_type=product&#038;p=2395"},"modified":"2025-11-30T23:47:05","modified_gmt":"2025-11-30T21:47:05","slug":"drapeau-de-la-serbie","status":"publish","type":"product","link":"https:\/\/cosmoflag.com\/fr\/produit\/drapeau-de-la-serbie\/","title":{"rendered":"Drapeau de la Serbie"},"content":{"rendered":"<h3>Caract\u00e9ristiques du drapeau serbe avec l'aigle bic\u00e9phale<\/h3>\n<p>Notre drapeau de la Serbie avec l'aigle bic\u00e9phale Nemanji\u0107 est fabriqu\u00e9 en polyester de haute qualit\u00e9, ce qui le rend id\u00e9al pour une utilisation durable, que ce soit \u00e0 l'int\u00e9rieur ou \u00e0 l'ext\u00e9rieur. Il est dot\u00e9 d'\u0153illets m\u00e9talliques qui facilitent son installation et garantissent qu'il reste en place, m\u00eame dans des conditions m\u00e9t\u00e9orologiques difficiles. Disponible en 90 x 150 cm pour une visibilit\u00e9 maximale, notre drapeau r\u00e9pond \u00e0 de nombreux besoins, que vous souhaitiez l'accrocher \u00e0 un m\u00e2t ou \u00e0 un mur.<\/p>\n<h3>Un symbole national charg\u00e9 d'histoire et de sens<\/h3>\n<p>Le drapeau de la Serbie pr\u00e9sente trois bandes horizontales rouge, bleue et blanche, avec au centre un aigle bic\u00e9phale noir. Cet aigle, symbole h\u00e9rit\u00e9 des Nemanji\u0107, la dynastie serbe m\u00e9di\u00e9vale, repr\u00e9sente la souverainet\u00e9 et le pouvoir de l'\u00c9tat serbe. Les couleurs du drapeau - rouge, bleu et blanc - sont des couleurs slaves traditionnelles, le rouge symbolisant le sang vers\u00e9 pour la libert\u00e9, le bleu le ciel serbe et le blanc la puret\u00e9 et la paix. L'aigle bic\u00e9phale ajoute une dimension de continuit\u00e9 historique et de respect de la tradition.<\/p>\n<h3>Polyvalence d'utilisation<\/h3>\n<p>Qu'il s'agisse de c\u00e9l\u00e9brations nationales, d'\u00e9v\u00e9nements sportifs, de manifestations culturelles ou d'activit\u00e9s \u00e9ducatives, le drapeau serbe avec l'aigle bic\u00e9phale convient \u00e0 toutes les occasions. Sa conception robuste et ses couleurs r\u00e9sistantes \u00e0 la d\u00e9coloration garantissent que le drapeau conserve sa signification et son impact visuel au fil du temps.<\/p>","protected":false},"excerpt":{"rendered":"<p>Drapeau de 150 x 90 cm avec 2 \u0153illets m\u00e9talliques robustes pour un accrochage s\u00fbr.<\/p>","protected":false},"featured_media":1381,"comment_status":"open","ping_status":"closed","template":"","meta":{"_gspb_post_css":"","iawp_total_views":10},"product_brand":[],"product_cat":[65,58],"product_tag":[],"class_list":{"0":"post-2395","1":"product","2":"type-product","3":"status-publish","4":"has-post-thumbnail","6":"product_cat-europe-flags","7":"product_cat-country-flags","9":"first","10":"instock","11":"sale","12":"shipping-taxable","13":"purchasable","14":"product-type-simple"},"_links":{"self":[{"href":"https:\/\/cosmoflag.com\/fr\/wp-json\/wp\/v2\/product\/2395","targetHints":{"allow":["GET"]}}],"collection":[{"href":"https:\/\/cosmoflag.com\/fr\/wp-json\/wp\/v2\/product"}],"about":[{"href":"https:\/\/cosmoflag.com\/fr\/wp-json\/wp\/v2\/types\/product"}],"replies":[{"embeddable":true,"href":"https:\/\/cosmoflag.com\/fr\/wp-json\/wp\/v2\/comments?post=2395"}],"wp:featuredmedia":[{"embeddable":true,"href":"https:\/\/cosmoflag.com\/fr\/wp-json\/wp\/v2\/media\/1381"}],"wp:attachment":[{"href":"https:\/\/cosmoflag.com\/fr\/wp-json\/wp\/v2\/media?parent=2395"}],"wp:term":[{"taxonomy":"product_brand","embeddable":true,"href":"https:\/\/cosmoflag.com\/fr\/wp-json\/wp\/v2\/product_brand?post=2395"},{"taxonomy":"product_cat","embeddable":true,"href":"https:\/\/cosmoflag.com\/fr\/wp-json\/wp\/v2\/product_cat?post=2395"},{"taxonomy":"product_tag","embeddable":true,"href":"https:\/\/cosmoflag.com\/fr\/wp-json\/wp\/v2\/product_tag?post=2395"}],"curies":[{"name":"wp","href":"https:\/\/api.w.org\/{rel}","templated":true}]}}