{"id":2391,"date":"2024-12-15T19:54:00","date_gmt":"2024-12-15T17:54:00","guid":{"rendered":"https:\/\/cosmoflag.com\/?post_type=product&#038;p=2391"},"modified":"2026-01-04T18:22:50","modified_gmt":"2026-01-04T16:22:50","slug":"drapeau-du-venezuela","status":"publish","type":"product","link":"https:\/\/cosmoflag.com\/fr\/produit\/drapeau-du-venezuela\/","title":{"rendered":"Drapeau du Venezuela"},"content":{"rendered":"<h3>Caract\u00e9ristiques du drapeau v\u00e9n\u00e9zu\u00e9lien<\/h3>\n<p>Notre drapeau du Venezuela est fabriqu\u00e9 en polyester de haute qualit\u00e9, ce qui le rend id\u00e9al pour une utilisation durable, \u00e0 l'int\u00e9rieur comme \u00e0 l'ext\u00e9rieur. Il est dot\u00e9 d'\u0153illets m\u00e9talliques pour une installation facile et un maintien s\u00fbr, m\u00eame dans des conditions m\u00e9t\u00e9orologiques d\u00e9favorables. Disponible en 90 x 150 cm pour une visibilit\u00e9 maximale, notre drapeau r\u00e9pond \u00e0 de nombreux besoins, que vous souhaitiez l'accrocher \u00e0 un m\u00e2t ou \u00e0 un mur.<\/p>\n<h3>Un symbole national charg\u00e9 d'histoire<\/h3>\n<p>Adopt\u00e9 en 2006, le drapeau du Venezuela se compose de trois bandes horizontales jaune, bleue et rouge. La bande jaune symbolise la richesse du pays, la bande bleue repr\u00e9sente la mer qui s\u00e9pare le Venezuela de l'Espagne et la bande rouge \u00e9voque le sang vers\u00e9 pour l'ind\u00e9pendance. Huit \u00e9toiles blanches traversent la bande bleue, repr\u00e9sentant les huit provinces qui ont soutenu l'ind\u00e9pendance. Un arc de petites \u00e9toiles blanches repr\u00e9sente \u00e9galement les aspirations \u00e0 l'unit\u00e9 et \u00e0 l'honneur nationaux.<\/p>\n<h3>Utilisation polyvalente<\/h3>\n<p>Qu'il s'agisse de c\u00e9l\u00e9brations nationales, d'\u00e9v\u00e9nements sportifs, de manifestations culturelles ou d'activit\u00e9s \u00e9ducatives, le drapeau v\u00e9n\u00e9zu\u00e9lien convient \u00e0 toutes les occasions. Sa conception robuste et ses couleurs r\u00e9sistantes \u00e0 la d\u00e9coloration garantissent que le drapeau conserve sa signification et son impact visuel au fil du temps.<\/p>","protected":false},"excerpt":{"rendered":"<p>Drapeau de 150 x 90 cm avec 2 \u0153illets m\u00e9talliques robustes pour un accrochage s\u00fbr.<\/p>","protected":false},"featured_media":1755,"comment_status":"open","ping_status":"closed","template":"","meta":{"_gspb_post_css":"","iawp_total_views":10},"product_brand":[],"product_cat":[63,58],"product_tag":[],"class_list":{"0":"post-2391","1":"product","2":"type-product","3":"status-publish","4":"has-post-thumbnail","6":"product_cat-south-america-flag","7":"product_cat-country-flags","9":"first","10":"instock","11":"sale","12":"shipping-taxable","13":"purchasable","14":"product-type-simple"},"_links":{"self":[{"href":"https:\/\/cosmoflag.com\/fr\/wp-json\/wp\/v2\/product\/2391","targetHints":{"allow":["GET"]}}],"collection":[{"href":"https:\/\/cosmoflag.com\/fr\/wp-json\/wp\/v2\/product"}],"about":[{"href":"https:\/\/cosmoflag.com\/fr\/wp-json\/wp\/v2\/types\/product"}],"replies":[{"embeddable":true,"href":"https:\/\/cosmoflag.com\/fr\/wp-json\/wp\/v2\/comments?post=2391"}],"wp:featuredmedia":[{"embeddable":true,"href":"https:\/\/cosmoflag.com\/fr\/wp-json\/wp\/v2\/media\/1755"}],"wp:attachment":[{"href":"https:\/\/cosmoflag.com\/fr\/wp-json\/wp\/v2\/media?parent=2391"}],"wp:term":[{"taxonomy":"product_brand","embeddable":true,"href":"https:\/\/cosmoflag.com\/fr\/wp-json\/wp\/v2\/product_brand?post=2391"},{"taxonomy":"product_cat","embeddable":true,"href":"https:\/\/cosmoflag.com\/fr\/wp-json\/wp\/v2\/product_cat?post=2391"},{"taxonomy":"product_tag","embeddable":true,"href":"https:\/\/cosmoflag.com\/fr\/wp-json\/wp\/v2\/product_tag?post=2391"}],"curies":[{"name":"wp","href":"https:\/\/api.w.org\/{rel}","templated":true}]}}