{"id":2382,"date":"2024-12-15T15:19:00","date_gmt":"2024-12-15T13:19:00","guid":{"rendered":"https:\/\/cosmoflag.com\/?post_type=product&#038;p=2382"},"modified":"2025-08-12T21:23:18","modified_gmt":"2025-08-12T19:23:18","slug":"drapeau-de-la-grenade","status":"publish","type":"product","link":"https:\/\/cosmoflag.com\/fr\/produit\/drapeau-de-la-grenade\/","title":{"rendered":"Drapeau de la Grenade"},"content":{"rendered":"<h3>Caract\u00e9ristiques du drapeau grenadien<\/h3>\n<p>Notre drapeau de la Grenade est fabriqu\u00e9 en polyester de haute qualit\u00e9, ce qui le rend id\u00e9al pour une utilisation durable, \u00e0 l'int\u00e9rieur comme \u00e0 l'ext\u00e9rieur. Il est dot\u00e9 d'\u0153illets m\u00e9talliques pour une installation facile et une tenue garantie, m\u00eame dans des conditions m\u00e9t\u00e9orologiques d\u00e9favorables. Disponible en 90 x 150 cm pour une visibilit\u00e9 maximale, notre drapeau r\u00e9pond \u00e0 de nombreux besoins, que vous souhaitiez l'afficher sur un m\u00e2t ou sur un mur.<\/p>\n<h3>Un symbole national charg\u00e9 d'histoire<\/h3>\n<p>Adopt\u00e9 en 1974, le drapeau de la Grenade pr\u00e9sente un dessin unique compos\u00e9 d'un rectangle divis\u00e9 en quatre triangles rouges et jaunes, s\u00e9par\u00e9s par une croix blanche contenant un disque rouge avec une \u00e9toile jaune \u00e0 cinq branches en son centre. Chaque coin du drapeau porte \u00e9galement une \u00e9toile jaune. Le rouge symbolise le courage du peuple, le jaune la chaleur du soleil et la richesse de la terre, et le vert l'abondance de la v\u00e9g\u00e9tation. L'\u00e9toile centrale repr\u00e9sente l'unit\u00e9 de la Grenade et de ses paroisses.<\/p>\n<h3>Polyvalence d'utilisation<\/h3>\n<p>Qu'il s'agisse de c\u00e9l\u00e9brations nationales, d'\u00e9v\u00e9nements sportifs, de manifestations culturelles ou d'activit\u00e9s \u00e9ducatives, le drapeau grenadien convient \u00e0 toutes les occasions. Sa conception robuste et ses couleurs r\u00e9sistantes \u00e0 la d\u00e9coloration garantissent que le drapeau conserve sa signification et son impact visuel au fil du temps.<\/p>","protected":false},"excerpt":{"rendered":"<p>Drapeau de 150 x 90 cm avec 2 \u0153illets m\u00e9talliques robustes pour un accrochage s\u00fbr.<\/p>","protected":false},"featured_media":1943,"comment_status":"open","ping_status":"closed","template":"","meta":{"_gspb_post_css":"","iawp_total_views":2},"product_brand":[],"product_cat":[63,58],"product_tag":[],"class_list":{"0":"post-2382","1":"product","2":"type-product","3":"status-publish","4":"has-post-thumbnail","6":"product_cat-south-america-flag","7":"product_cat-country-flags","9":"first","10":"instock","11":"sale","12":"shipping-taxable","13":"purchasable","14":"product-type-simple"},"_links":{"self":[{"href":"https:\/\/cosmoflag.com\/fr\/wp-json\/wp\/v2\/product\/2382","targetHints":{"allow":["GET"]}}],"collection":[{"href":"https:\/\/cosmoflag.com\/fr\/wp-json\/wp\/v2\/product"}],"about":[{"href":"https:\/\/cosmoflag.com\/fr\/wp-json\/wp\/v2\/types\/product"}],"replies":[{"embeddable":true,"href":"https:\/\/cosmoflag.com\/fr\/wp-json\/wp\/v2\/comments?post=2382"}],"wp:featuredmedia":[{"embeddable":true,"href":"https:\/\/cosmoflag.com\/fr\/wp-json\/wp\/v2\/media\/1943"}],"wp:attachment":[{"href":"https:\/\/cosmoflag.com\/fr\/wp-json\/wp\/v2\/media?parent=2382"}],"wp:term":[{"taxonomy":"product_brand","embeddable":true,"href":"https:\/\/cosmoflag.com\/fr\/wp-json\/wp\/v2\/product_brand?post=2382"},{"taxonomy":"product_cat","embeddable":true,"href":"https:\/\/cosmoflag.com\/fr\/wp-json\/wp\/v2\/product_cat?post=2382"},{"taxonomy":"product_tag","embeddable":true,"href":"https:\/\/cosmoflag.com\/fr\/wp-json\/wp\/v2\/product_tag?post=2382"}],"curies":[{"name":"wp","href":"https:\/\/api.w.org\/{rel}","templated":true}]}}