{"id":2376,"date":"2024-12-15T14:59:00","date_gmt":"2024-12-15T12:59:00","guid":{"rendered":"https:\/\/cosmoflag.com\/?post_type=product&#038;p=2376"},"modified":"2025-08-12T21:23:23","modified_gmt":"2025-08-12T19:23:23","slug":"drapeau-du-lion-de-juda-de-lethiopie","status":"publish","type":"product","link":"https:\/\/cosmoflag.com\/fr\/produit\/drapeau-du-lion-de-juda-de-lethiopie\/","title":{"rendered":"Drapeau du Lion de Juda de l'\u00c9thiopie"},"content":{"rendered":"<h3>Caract\u00e9ristiques du drapeau \u00e9thiopien avec le lion<\/h3>\n<p>Notre drapeau de l'\u00c9thiopie avec le Lion de Juda est fabriqu\u00e9 en polyester de haute qualit\u00e9, ce qui le rend id\u00e9al pour une utilisation durable, que ce soit \u00e0 l'int\u00e9rieur ou \u00e0 l'ext\u00e9rieur. Il est dot\u00e9 d'\u0153illets m\u00e9talliques pour une installation facile et un maintien s\u00fbr, m\u00eame dans des conditions m\u00e9t\u00e9orologiques d\u00e9favorables. Disponible en 90 x 150 cm pour une visibilit\u00e9 maximale, notre drapeau r\u00e9pond \u00e0 de nombreux besoins, que vous souhaitiez l'accrocher \u00e0 un m\u00e2t ou \u00e0 un mur.<\/p>\n<h3>Un symbole national charg\u00e9 d'histoire<\/h3>\n<p>Ce drapeau historique de l'\u00c9thiopie pr\u00e9sente en son centre le Lion de Juda, symbole puissant repr\u00e9sentant le roi Hail\u00e9 S\u00e9lassi\u00e9 Ier et destin\u00e9 \u00e0 souligner les liens de la dynastie solomonique avec la lign\u00e9e du roi David. Les couleurs du drapeau, le vert, le jaune et le rouge, sont dispos\u00e9es en bandes horizontales et sont riches de sens : le vert symbolise la terre et l'espoir, le jaune la paix et l'harmonie, et le rouge le sacrifice pour l'ind\u00e9pendance. Le Lion de Juda est souvent repr\u00e9sent\u00e9 tenant une banni\u00e8re et une croix, symbole de la victoire et de la foi chr\u00e9tienne orthodoxe.<\/p>\n<h3>Polyvalence d'utilisation<\/h3>\n<p>Ce drapeau est souvent utilis\u00e9 lors de c\u00e9l\u00e9brations culturelles, d'\u00e9v\u00e9nements historiques et par la communaut\u00e9 Rastafari, qui le r\u00e9v\u00e8re comme un symbole de r\u00e9sistance \u00e0 l'oppression. Sa conception robuste et ses couleurs r\u00e9sistantes \u00e0 la d\u00e9coloration permettent au drapeau de conserver sa signification et son impact visuel au fil du temps.<\/p>","protected":false},"excerpt":{"rendered":"<p>Drapeau de 150 x 90 cm avec 2 \u0153illets m\u00e9talliques robustes pour un accrochage s\u00fbr.<\/p>","protected":false},"featured_media":1103,"comment_status":"open","ping_status":"closed","template":"","meta":{"_gspb_post_css":"","iawp_total_views":28},"product_brand":[],"product_cat":[60,58],"product_tag":[],"class_list":{"0":"post-2376","1":"product","2":"type-product","3":"status-publish","4":"has-post-thumbnail","6":"product_cat-africa-flags","7":"product_cat-country-flags","9":"first","10":"instock","11":"sale","12":"shipping-taxable","13":"purchasable","14":"product-type-simple"},"_links":{"self":[{"href":"https:\/\/cosmoflag.com\/fr\/wp-json\/wp\/v2\/product\/2376","targetHints":{"allow":["GET"]}}],"collection":[{"href":"https:\/\/cosmoflag.com\/fr\/wp-json\/wp\/v2\/product"}],"about":[{"href":"https:\/\/cosmoflag.com\/fr\/wp-json\/wp\/v2\/types\/product"}],"replies":[{"embeddable":true,"href":"https:\/\/cosmoflag.com\/fr\/wp-json\/wp\/v2\/comments?post=2376"}],"wp:featuredmedia":[{"embeddable":true,"href":"https:\/\/cosmoflag.com\/fr\/wp-json\/wp\/v2\/media\/1103"}],"wp:attachment":[{"href":"https:\/\/cosmoflag.com\/fr\/wp-json\/wp\/v2\/media?parent=2376"}],"wp:term":[{"taxonomy":"product_brand","embeddable":true,"href":"https:\/\/cosmoflag.com\/fr\/wp-json\/wp\/v2\/product_brand?post=2376"},{"taxonomy":"product_cat","embeddable":true,"href":"https:\/\/cosmoflag.com\/fr\/wp-json\/wp\/v2\/product_cat?post=2376"},{"taxonomy":"product_tag","embeddable":true,"href":"https:\/\/cosmoflag.com\/fr\/wp-json\/wp\/v2\/product_tag?post=2376"}],"curies":[{"name":"wp","href":"https:\/\/api.w.org\/{rel}","templated":true}]}}