{"id":2366,"date":"2024-12-14T23:47:00","date_gmt":"2024-12-14T21:47:00","guid":{"rendered":"https:\/\/cosmoflag.com\/?post_type=product&#038;p=2366"},"modified":"2025-08-12T21:23:26","modified_gmt":"2025-08-12T19:23:26","slug":"drapeau-du-bahrein","status":"publish","type":"product","link":"https:\/\/cosmoflag.com\/fr\/produit\/drapeau-du-bahrein\/","title":{"rendered":"Drapeau du Bahre\u00efn"},"content":{"rendered":"<h3>Caract\u00e9ristiques du drapeau du Bahre\u00efn<\/h3>\n<p>Notre drapeau du Bahre\u00efn est fabriqu\u00e9 en polyester de haute qualit\u00e9, ce qui le rend id\u00e9al pour une utilisation durable, que ce soit \u00e0 l'int\u00e9rieur ou \u00e0 l'ext\u00e9rieur. Il est dot\u00e9 d'\u0153illets m\u00e9talliques pour une installation facile et une tenue garantie, m\u00eame dans des conditions m\u00e9t\u00e9orologiques d\u00e9favorables. Disponible en 90 x 150 cm pour une visibilit\u00e9 maximale, notre drapeau r\u00e9pond \u00e0 de nombreux besoins, que vous souhaitiez l'afficher sur un m\u00e2t ou sur un mur.<\/p>\n<h3>Un symbole national charg\u00e9 d'histoire<\/h3>\n<p>Le drapeau de Bahre\u00efn, adopt\u00e9 en 2002, se caract\u00e9rise par un fond blanc s\u00e9par\u00e9 par cinq triangles rouges formant une ligne en zigzag vers la hampe. Le rouge repr\u00e9sente le courage et le blanc la paix. Le motif en zigzag symbolise les cinq piliers de l'islam, un aspect fondamental de l'identit\u00e9 et de la culture bahre\u00efniennes. Il \u00e9voque \u00e9galement les relations historiques et les trait\u00e9s de paix entre Bahre\u00efn et ses voisins.<\/p>\n<h3>Polyvalence d'utilisation<\/h3>\n<p>Qu'il s'agisse de c\u00e9l\u00e9brations nationales, d'\u00e9v\u00e9nements sportifs, de manifestations politiques ou \u00e0 des fins \u00e9ducatives, le drapeau bahre\u00efnien convient \u00e0 toutes les occasions. Sa conception robuste et ses couleurs r\u00e9sistantes \u00e0 la d\u00e9coloration garantissent que le drapeau conserve sa signification et son impact visuel au fil du temps.<\/p>","protected":false},"excerpt":{"rendered":"<p>Drapeau de 150 x 90 cm avec 2 \u0153illets m\u00e9talliques robustes pour un accrochage s\u00fbr.<\/p>","protected":false},"featured_media":1472,"comment_status":"open","ping_status":"closed","template":"","meta":{"_gspb_post_css":"","iawp_total_views":16},"product_brand":[],"product_cat":[66,58],"product_tag":[],"class_list":{"0":"post-2366","1":"product","2":"type-product","3":"status-publish","4":"has-post-thumbnail","6":"product_cat-middle-east-flags","7":"product_cat-country-flags","9":"first","10":"instock","11":"sale","12":"shipping-taxable","13":"purchasable","14":"product-type-simple"},"_links":{"self":[{"href":"https:\/\/cosmoflag.com\/fr\/wp-json\/wp\/v2\/product\/2366","targetHints":{"allow":["GET"]}}],"collection":[{"href":"https:\/\/cosmoflag.com\/fr\/wp-json\/wp\/v2\/product"}],"about":[{"href":"https:\/\/cosmoflag.com\/fr\/wp-json\/wp\/v2\/types\/product"}],"replies":[{"embeddable":true,"href":"https:\/\/cosmoflag.com\/fr\/wp-json\/wp\/v2\/comments?post=2366"}],"wp:featuredmedia":[{"embeddable":true,"href":"https:\/\/cosmoflag.com\/fr\/wp-json\/wp\/v2\/media\/1472"}],"wp:attachment":[{"href":"https:\/\/cosmoflag.com\/fr\/wp-json\/wp\/v2\/media?parent=2366"}],"wp:term":[{"taxonomy":"product_brand","embeddable":true,"href":"https:\/\/cosmoflag.com\/fr\/wp-json\/wp\/v2\/product_brand?post=2366"},{"taxonomy":"product_cat","embeddable":true,"href":"https:\/\/cosmoflag.com\/fr\/wp-json\/wp\/v2\/product_cat?post=2366"},{"taxonomy":"product_tag","embeddable":true,"href":"https:\/\/cosmoflag.com\/fr\/wp-json\/wp\/v2\/product_tag?post=2366"}],"curies":[{"name":"wp","href":"https:\/\/api.w.org\/{rel}","templated":true}]}}