{"id":2362,"date":"2024-12-14T23:34:00","date_gmt":"2024-12-14T21:34:00","guid":{"rendered":"https:\/\/cosmoflag.com\/?post_type=product&#038;p=2362"},"modified":"2025-08-12T21:23:27","modified_gmt":"2025-08-12T19:23:27","slug":"drapeau-australien","status":"publish","type":"product","link":"https:\/\/cosmoflag.com\/fr\/produit\/drapeau-australien\/","title":{"rendered":"Drapeau de l'Australie"},"content":{"rendered":"<h3>Caract\u00e9ristiques du drapeau australien<\/h3>\n<p>Notre drapeau australien est fabriqu\u00e9 en polyester de haute qualit\u00e9, ce qui le rend id\u00e9al pour une utilisation durable, \u00e0 l'int\u00e9rieur comme \u00e0 l'ext\u00e9rieur. Il est dot\u00e9 d'\u0153illets m\u00e9talliques pour une installation facile et une tenue garantie, m\u00eame dans des conditions m\u00e9t\u00e9orologiques d\u00e9favorables. Disponible en 90 x 150 cm pour une visibilit\u00e9 maximale, notre drapeau r\u00e9pond \u00e0 de nombreux besoins, que vous souhaitiez l'accrocher \u00e0 un m\u00e2t ou \u00e0 un mur.<\/p>\n<h3>Un symbole national charg\u00e9 d'histoire<\/h3>\n<p>Le drapeau de l'Australie, adopt\u00e9 pour la premi\u00e8re fois en 1901, pr\u00e9sente un fond bleu fonc\u00e9 avec l'Union Jack dans le canton sup\u00e9rieur gauche, indiquant l'histoire du pays en tant que colonie britannique. Le c\u00f4t\u00e9 droit pr\u00e9sente une grande \u00e9toile de la F\u00e9d\u00e9ration \u00e0 sept branches sous l'Union Jack, repr\u00e9sentant les six \u00c9tats et territoires f\u00e9d\u00e9raux de l'Australie, ainsi qu'un ensemble d'\u00e9toiles plus petites formant la constellation de la Croix du Sud, un \u00e9l\u00e9ment important visible dans le ciel nocturne australien et un symbole de l'identit\u00e9 australienne.<\/p>\n<h3>Utilisation polyvalente<\/h3>\n<p>Que ce soit pour des c\u00e9l\u00e9brations nationales, des \u00e9v\u00e9nements sportifs, des \u00e9v\u00e9nements culturels ou \u00e0 des fins \u00e9ducatives, le drapeau australien convient \u00e0 toutes les occasions. Sa conception robuste et ses couleurs r\u00e9sistantes \u00e0 la d\u00e9coloration garantissent que le drapeau conserve sa signification et son impact visuel au fil du temps.<\/p>","protected":false},"excerpt":{"rendered":"<p>Drapeau de 150 x 90 cm avec 2 \u0153illets m\u00e9talliques robustes pour un accrochage s\u00fbr.<\/p>","protected":false},"featured_media":985,"comment_status":"open","ping_status":"closed","template":"","meta":{"_gspb_post_css":"","iawp_total_views":21},"product_brand":[],"product_cat":[67,58],"product_tag":[],"class_list":{"0":"post-2362","1":"product","2":"type-product","3":"status-publish","4":"has-post-thumbnail","6":"product_cat-oceania-flag","7":"product_cat-country-flags","9":"first","10":"instock","11":"sale","12":"shipping-taxable","13":"purchasable","14":"product-type-simple"},"_links":{"self":[{"href":"https:\/\/cosmoflag.com\/fr\/wp-json\/wp\/v2\/product\/2362","targetHints":{"allow":["GET"]}}],"collection":[{"href":"https:\/\/cosmoflag.com\/fr\/wp-json\/wp\/v2\/product"}],"about":[{"href":"https:\/\/cosmoflag.com\/fr\/wp-json\/wp\/v2\/types\/product"}],"replies":[{"embeddable":true,"href":"https:\/\/cosmoflag.com\/fr\/wp-json\/wp\/v2\/comments?post=2362"}],"wp:featuredmedia":[{"embeddable":true,"href":"https:\/\/cosmoflag.com\/fr\/wp-json\/wp\/v2\/media\/985"}],"wp:attachment":[{"href":"https:\/\/cosmoflag.com\/fr\/wp-json\/wp\/v2\/media?parent=2362"}],"wp:term":[{"taxonomy":"product_brand","embeddable":true,"href":"https:\/\/cosmoflag.com\/fr\/wp-json\/wp\/v2\/product_brand?post=2362"},{"taxonomy":"product_cat","embeddable":true,"href":"https:\/\/cosmoflag.com\/fr\/wp-json\/wp\/v2\/product_cat?post=2362"},{"taxonomy":"product_tag","embeddable":true,"href":"https:\/\/cosmoflag.com\/fr\/wp-json\/wp\/v2\/product_tag?post=2362"}],"curies":[{"name":"wp","href":"https:\/\/api.w.org\/{rel}","templated":true}]}}