{"id":2359,"date":"2024-12-14T23:23:00","date_gmt":"2024-12-14T21:23:00","guid":{"rendered":"https:\/\/cosmoflag.com\/?post_type=product&#038;p=2359"},"modified":"2025-08-12T21:23:28","modified_gmt":"2025-08-12T19:23:28","slug":"drapeau-du-panama","status":"publish","type":"product","link":"https:\/\/cosmoflag.com\/fr\/produit\/drapeau-du-panama\/","title":{"rendered":"Drapeau du Panama"},"content":{"rendered":"<h3>Caract\u00e9ristiques du drapeau panam\u00e9en<\/h3>\n<p>Notre drapeau du Panama est fabriqu\u00e9 en polyester de haute qualit\u00e9, ce qui le rend id\u00e9al pour une utilisation durable, \u00e0 l'int\u00e9rieur comme \u00e0 l'ext\u00e9rieur. Il est dot\u00e9 d'\u0153illets m\u00e9talliques pour une installation facile et une tenue garantie, m\u00eame dans des conditions m\u00e9t\u00e9orologiques d\u00e9favorables. Disponible en 90 x 150 cm pour une visibilit\u00e9 maximale, notre drapeau r\u00e9pond \u00e0 de nombreux besoins, que vous souhaitiez l'accrocher \u00e0 un m\u00e2t ou \u00e0 un mur.<\/p>\n<h3>Un symbole national charg\u00e9 d'histoire<\/h3>\n<p>Le drapeau du Panama, adopt\u00e9 officiellement le 4 novembre 1925, est compos\u00e9 de quatre rectangles rouges et bleus altern\u00e9s, avec deux \u00e9toiles blanches dans les rectangles rouge et bleu. Le rouge et le bleu symbolisent les deux principaux partis politiques de l'\u00e9poque, promouvant l'id\u00e9e d'une paix civile entre eux, tandis que le blanc repr\u00e9sente la paix et la puret\u00e9. Les \u00e9toiles symbolisent la souverainet\u00e9 et l'int\u00e9grit\u00e9 du pays. Ce motif refl\u00e8te l'unit\u00e9 et l'espoir d'un avenir harmonieux entre les diff\u00e9rents groupes politiques et sociaux du Panama.<\/p>\n<h3>Polyvalence d'utilisation<\/h3>\n<p>Que ce soit pour des c\u00e9l\u00e9brations nationales, des \u00e9v\u00e9nements sportifs, des manifestations politiques ou \u00e0 des fins \u00e9ducatives, le drapeau panam\u00e9en convient \u00e0 toutes les occasions. Sa conception robuste et ses couleurs r\u00e9sistantes \u00e0 la d\u00e9coloration garantissent que le drapeau conserve sa signification et son impact visuel au fil du temps.<\/p>","protected":false},"excerpt":{"rendered":"<p>Drapeau de 150 x 90 cm avec 2 \u0153illets m\u00e9talliques robustes pour un accrochage s\u00fbr.<\/p>","protected":false},"featured_media":2124,"comment_status":"open","ping_status":"closed","template":"","meta":{"_gspb_post_css":"","iawp_total_views":9},"product_brand":[],"product_cat":[61,58],"product_tag":[],"class_list":{"0":"post-2359","1":"product","2":"type-product","3":"status-publish","4":"has-post-thumbnail","6":"product_cat-central-america-flags","7":"product_cat-country-flags","9":"first","10":"instock","11":"sale","12":"shipping-taxable","13":"purchasable","14":"product-type-simple"},"_links":{"self":[{"href":"https:\/\/cosmoflag.com\/fr\/wp-json\/wp\/v2\/product\/2359","targetHints":{"allow":["GET"]}}],"collection":[{"href":"https:\/\/cosmoflag.com\/fr\/wp-json\/wp\/v2\/product"}],"about":[{"href":"https:\/\/cosmoflag.com\/fr\/wp-json\/wp\/v2\/types\/product"}],"replies":[{"embeddable":true,"href":"https:\/\/cosmoflag.com\/fr\/wp-json\/wp\/v2\/comments?post=2359"}],"wp:featuredmedia":[{"embeddable":true,"href":"https:\/\/cosmoflag.com\/fr\/wp-json\/wp\/v2\/media\/2124"}],"wp:attachment":[{"href":"https:\/\/cosmoflag.com\/fr\/wp-json\/wp\/v2\/media?parent=2359"}],"wp:term":[{"taxonomy":"product_brand","embeddable":true,"href":"https:\/\/cosmoflag.com\/fr\/wp-json\/wp\/v2\/product_brand?post=2359"},{"taxonomy":"product_cat","embeddable":true,"href":"https:\/\/cosmoflag.com\/fr\/wp-json\/wp\/v2\/product_cat?post=2359"},{"taxonomy":"product_tag","embeddable":true,"href":"https:\/\/cosmoflag.com\/fr\/wp-json\/wp\/v2\/product_tag?post=2359"}],"curies":[{"name":"wp","href":"https:\/\/api.w.org\/{rel}","templated":true}]}}